{"id":3403,"date":"2026-01-08T16:36:32","date_gmt":"2026-01-08T15:36:32","guid":{"rendered":"https:\/\/krobi.dk\/?page_id=3403"},"modified":"2026-03-31T13:59:18","modified_gmt":"2026-03-31T11:59:18","slug":"for-tenants-in-the-office-block","status":"publish","type":"page","link":"https:\/\/krobi.dk\/en\/til-lejere-i-kontorfaellesskabet\/","title":{"rendered":"For tenants in the coworking space"},"content":{"rendered":"<div data-elementor-type=\"wp-post\" data-elementor-id=\"3403\" class=\"elementor elementor-3403\" data-elementor-post-type=\"page\">\n\t\t\t\t<div class=\"elementor-element elementor-element-30ccc15 e-flex e-con-boxed e-con e-parent\" data-id=\"30ccc15\" data-element_type=\"container\" data-e-type=\"container\">\n\t\t\t\t\t<div class=\"e-con-inner\">\n\t\t<div class=\"elementor-element elementor-element-db85ca3 e-con-full e-flex e-con e-child\" data-id=\"db85ca3\" data-element_type=\"container\" data-e-type=\"container\">\n\t\t\t\t<div class=\"elementor-element elementor-element-3d573ee elementor-widget-divider--view-line_text elementor-widget-divider--element-align-right elementor-widget elementor-widget-divider\" data-id=\"3d573ee\" data-element_type=\"widget\" data-e-type=\"widget\" data-widget_type=\"divider.default\">\n\t\t\t\t<div class=\"elementor-widget-container\">\n\t\t\t\t\t\t\t<div class=\"elementor-divider\">\n\t\t\t<span class=\"elementor-divider-separator\">\n\t\t\t\t\t\t<\/span>\n\t\t<\/div>\n\t\t\t\t\t\t<\/div>\n\t\t\t\t<\/div>\n\t\t\t\t<div class=\"elementor-element elementor-element-b030ce4 elementor-widget elementor-widget-heading\" data-id=\"b030ce4\" data-element_type=\"widget\" data-e-type=\"widget\" data-widget_type=\"heading.default\">\n\t\t\t\t<div class=\"elementor-widget-container\">\n\t\t\t\t\t<h5 class=\"elementor-heading-title elementor-size-default\">Practical information for tenants in Kontorf\u00e6llesskabet Sams\u00f8vej 21-23<\/h5>\t\t\t\t<\/div>\n\t\t\t\t<\/div>\n\t\t\t\t<div class=\"elementor-element elementor-element-f817ae7 elementor-widget elementor-widget-text-editor\" data-id=\"f817ae7\" data-element_type=\"widget\" data-e-type=\"widget\" data-widget_type=\"text-editor.default\">\n\t\t\t\t<div class=\"elementor-widget-container\">\n\t\t\t\t\t\t\t\t\t<p>Our most important ambition is that Sams\u00f8vej Office Community is a pleasant and well-functioning place to work - with good surroundings, proper shared facilities and an everyday life that works in practice.<\/p><p>To make it easy to be a tenant, we have gathered the most important practical information here. We recommend that you familiarise yourself with the content - both when you move in and on an ongoing basis.<\/p><p><strong>\u00a0<\/strong><\/p><p><strong>HOUSE WORDS<\/strong><\/p><p>The house rules are designed to ensure a safe, well-functioning and comfortable everyday life for all tenants in the shared office space.<br \/>It describes the framework for the use of common areas, meeting rooms, canteen, parking etc.<\/p>\t\t\t\t\t\t\t\t<\/div>\n\t\t\t\t<\/div>\n\t\t\t\t<div class=\"elementor-element elementor-element-5dc848b elementor-mobile-align-justify elementor-widget-mobile__width-inherit elementor-widget elementor-widget-button\" data-id=\"5dc848b\" data-element_type=\"widget\" data-e-type=\"widget\" data-widget_type=\"button.default\">\n\t\t\t\t<div class=\"elementor-widget-container\">\n\t\t\t\t\t\t\t\t\t<div class=\"elementor-button-wrapper\">\n\t\t\t\t\t<a class=\"elementor-button elementor-button-link elementor-size-sm\" href=\"http:\/\/www.krobi.dk\/wp-content\/uploads\/Husorden-Kontorfaellesskabet-Samsoevej-21-23.pdf\" target=\"_blank\">\n\t\t\t\t\t\t<span class=\"elementor-button-content-wrapper\">\n\t\t\t\t\t\t<span class=\"elementor-button-icon\">\n\t\t\t\t<i aria-hidden=\"true\" class=\"fas fa-file-pdf\"><\/i>\t\t\t<\/span>\n\t\t\t\t\t\t\t\t\t<span class=\"elementor-button-text\">House rules<\/span>\n\t\t\t\t\t<\/span>\n\t\t\t\t\t<\/a>\n\t\t\t\t<\/div>\n\t\t\t\t\t\t\t\t<\/div>\n\t\t\t\t<\/div>\n\t\t\t\t<div class=\"elementor-element elementor-element-2729589 elementor-widget-divider--view-line elementor-widget elementor-widget-divider\" data-id=\"2729589\" data-element_type=\"widget\" data-e-type=\"widget\" data-widget_type=\"divider.default\">\n\t\t\t\t<div class=\"elementor-widget-container\">\n\t\t\t\t\t\t\t<div class=\"elementor-divider\">\n\t\t\t<span class=\"elementor-divider-separator\">\n\t\t\t\t\t\t<\/span>\n\t\t<\/div>\n\t\t\t\t\t\t<\/div>\n\t\t\t\t<\/div>\n\t\t\t\t<div class=\"elementor-element elementor-element-b7d43c3 elementor-widget elementor-widget-text-editor\" data-id=\"b7d43c3\" data-element_type=\"widget\" data-e-type=\"widget\" data-widget_type=\"text-editor.default\">\n\t\t\t\t<div class=\"elementor-widget-container\">\n\t\t\t\t\t\t\t\t\t<p><strong>ALARM AND INTERNET<\/strong><\/p><p>For security and operational stability, all companies in the co-working space:<\/p><ul><li>Own wireless network<\/li><li>Individual alarm codes for your own office<br \/><br \/><\/li><\/ul><p>Information about internet, access and alarm will be provided by KROBI immediately before moving in.<\/p>\t\t\t\t\t\t\t\t<\/div>\n\t\t\t\t<\/div>\n\t\t<div class=\"elementor-element elementor-element-8dedd9b e-con-full e-flex e-con e-child\" data-id=\"8dedd9b\" data-element_type=\"container\" data-e-type=\"container\">\n\t\t<div class=\"elementor-element elementor-element-98f21a4 e-con-full e-flex e-con e-child\" data-id=\"98f21a4\" data-element_type=\"container\" data-e-type=\"container\" data-settings=\"{&quot;background_background&quot;:&quot;classic&quot;}\">\n\t\t<div class=\"elementor-element elementor-element-478be5f e-con-full e-flex e-con e-child\" data-id=\"478be5f\" data-element_type=\"container\" data-e-type=\"container\">\n\t\t\t\t<div class=\"elementor-element elementor-element-5c401f8 elementor-widget elementor-widget-heading\" data-id=\"5c401f8\" data-element_type=\"widget\" data-e-type=\"widget\" data-widget_type=\"heading.default\">\n\t\t\t\t<div class=\"elementor-widget-container\">\n\t\t\t\t\t<h3 class=\"elementor-heading-title elementor-size-default\">Do you know someone looking for an office?<\/h3>\t\t\t\t<\/div>\n\t\t\t\t<\/div>\n\t\t\t\t<div class=\"elementor-element elementor-element-e019503 elementor-widget elementor-widget-text-editor\" data-id=\"e019503\" data-element_type=\"widget\" data-e-type=\"widget\" data-widget_type=\"text-editor.default\">\n\t\t\t\t<div class=\"elementor-widget-container\">\n\t\t\t\t\t\t\t\t\t<p>We appreciate it when our current tenants recommend the co-working space to others.<\/p><p>If you know of a company or self-employed person who could be a good fit, please feel free to share our presentation material.<\/p>\t\t\t\t\t\t\t\t<\/div>\n\t\t\t\t<\/div>\n\t\t\t\t<div class=\"elementor-element elementor-element-3829302 elementor-mobile-align-justify elementor-widget-mobile__width-inherit elementor-align-center elementor-widget elementor-widget-button\" data-id=\"3829302\" data-element_type=\"widget\" data-e-type=\"widget\" data-widget_type=\"button.default\">\n\t\t\t\t<div class=\"elementor-widget-container\">\n\t\t\t\t\t\t\t\t\t<div class=\"elementor-button-wrapper\">\n\t\t\t\t\t<a class=\"elementor-button elementor-button-link elementor-size-sm\" href=\"http:\/\/www.krobi.dk\/wp-content\/uploads\/Kontorfaellesskabet-praesentation.pdf\" target=\"_blank\">\n\t\t\t\t\t\t<span class=\"elementor-button-content-wrapper\">\n\t\t\t\t\t\t<span class=\"elementor-button-icon\">\n\t\t\t\t<i aria-hidden=\"true\" class=\"fas fa-file-pdf\"><\/i>\t\t\t<\/span>\n\t\t\t\t\t\t\t\t\t<span class=\"elementor-button-text\">presentation flyer<\/span>\n\t\t\t\t\t<\/span>\n\t\t\t\t\t<\/a>\n\t\t\t\t<\/div>\n\t\t\t\t\t\t\t\t<\/div>\n\t\t\t\t<\/div>\n\t\t\t\t<\/div>\n\t\t\t\t<\/div>\n\t\t\t\t<\/div>\n\t\t\t\t<\/div>\n\t\t<div class=\"elementor-element elementor-element-8612836 e-con-full e-flex e-con e-child\" data-id=\"8612836\" data-element_type=\"container\" data-e-type=\"container\">\n\t\t\t\t<div class=\"elementor-element elementor-element-9c750ad elementor-widget elementor-widget-image\" data-id=\"9c750ad\" data-element_type=\"widget\" data-e-type=\"widget\" data-widget_type=\"image.default\">\n\t\t\t\t<div class=\"elementor-widget-container\">\n\t\t\t\t\t\t\t\t\t\t\t\t\t\t\t<img decoding=\"async\" width=\"425\" height=\"78\" src=\"https:\/\/krobi.dk\/wp-content\/uploads\/logo-farve.png\" class=\"attachment-full size-full wp-image-3099\" alt=\"\" srcset=\"https:\/\/krobi.dk\/wp-content\/uploads\/logo-farve.png 425w, https:\/\/krobi.dk\/wp-content\/uploads\/logo-farve-300x55.png 300w, https:\/\/krobi.dk\/wp-content\/uploads\/logo-farve-18x3.png 18w\" sizes=\"(max-width: 425px) 100vw, 425px\" \/>\t\t\t\t\t\t\t\t\t\t\t\t\t\t\t<\/div>\n\t\t\t\t<\/div>\n\t\t\t\t<div class=\"elementor-element elementor-element-df165a8 elementor-widget elementor-widget-text-editor\" data-id=\"df165a8\" data-element_type=\"widget\" data-e-type=\"widget\" data-widget_type=\"text-editor.default\">\n\t\t\t\t<div class=\"elementor-widget-container\">\n\t\t\t\t\t\t\t\t\t<p><strong>MEETING ROOMS<\/strong><\/p>\n<p>The co-working space has three bright and inviting meeting rooms, all equipped with large screens.<\/p><p>The meeting rooms can be freely used by tenants in the property.<\/p>\n<p>We always recommend booking a meeting room in advance to make sure the room is available.<\/p>\n<p>Password is provided by KROBI.<\/p>\t\t\t\t\t\t\t\t<\/div>\n\t\t\t\t<\/div>\n\t\t\t\t<div class=\"elementor-element elementor-element-b744389 elementor-mobile-align-justify elementor-widget-mobile__width-initial elementor-widget elementor-widget-button\" data-id=\"b744389\" data-element_type=\"widget\" data-e-type=\"widget\" data-widget_type=\"button.default\">\n\t\t\t\t<div class=\"elementor-widget-container\">\n\t\t\t\t\t\t\t\t\t<div class=\"elementor-button-wrapper\">\n\t\t\t\t\t<a class=\"elementor-button elementor-button-link elementor-size-sm\" href=\"https:\/\/krobi.dk\/en\/fashion-rooms\/\" target=\"_blank\">\n\t\t\t\t\t\t<span class=\"elementor-button-content-wrapper\">\n\t\t\t\t\t\t\t\t\t<span class=\"elementor-button-text\">Book meeting rooms here<\/span>\n\t\t\t\t\t<\/span>\n\t\t\t\t\t<\/a>\n\t\t\t\t<\/div>\n\t\t\t\t\t\t\t\t<\/div>\n\t\t\t\t<\/div>\n\t\t\t\t<div class=\"elementor-element elementor-element-6679355 elementor-widget-divider--view-line elementor-widget elementor-widget-divider\" data-id=\"6679355\" data-element_type=\"widget\" data-e-type=\"widget\" data-widget_type=\"divider.default\">\n\t\t\t\t<div class=\"elementor-widget-container\">\n\t\t\t\t\t\t\t<div class=\"elementor-divider\">\n\t\t\t<span class=\"elementor-divider-separator\">\n\t\t\t\t\t\t<\/span>\n\t\t<\/div>\n\t\t\t\t\t\t<\/div>\n\t\t\t\t<\/div>\n\t\t\t\t<div class=\"elementor-element elementor-element-0b1d64f elementor-widget elementor-widget-text-editor\" data-id=\"0b1d64f\" data-element_type=\"widget\" data-e-type=\"widget\" data-widget_type=\"text-editor.default\">\n\t\t\t\t<div class=\"elementor-widget-container\">\n\t\t\t\t\t\t\t\t\t<p><strong>LUNCH PLAN<\/strong><\/p><p>We offer the option of a shared lunch programme in the house in collaboration with <strong>Martin Ib - MIB<\/strong>.<\/p><p>The lunch scheme is voluntary, easy and flexible with day-to-day ordering via app and is managed separately from the supplier.<\/p>\t\t\t\t\t\t\t\t<\/div>\n\t\t\t\t<\/div>\n\t\t\t\t<div class=\"elementor-element elementor-element-3fda4d6 elementor-mobile-align-justify elementor-widget-mobile__width-inherit elementor-widget elementor-widget-button\" data-id=\"3fda4d6\" data-element_type=\"widget\" data-e-type=\"widget\" data-widget_type=\"button.default\">\n\t\t\t\t<div class=\"elementor-widget-container\">\n\t\t\t\t\t\t\t\t\t<div class=\"elementor-button-wrapper\">\n\t\t\t\t\t<a class=\"elementor-button elementor-button-link elementor-size-sm\" href=\"http:\/\/www.krobi.dk\/wp-content\/uploads\/MIB-Frokostordning.pdf\" target=\"_blank\">\n\t\t\t\t\t\t<span class=\"elementor-button-content-wrapper\">\n\t\t\t\t\t\t<span class=\"elementor-button-icon\">\n\t\t\t\t<i aria-hidden=\"true\" class=\"fas fa-file-pdf\"><\/i>\t\t\t<\/span>\n\t\t\t\t\t\t\t\t\t<span class=\"elementor-button-text\">lunch scheme<\/span>\n\t\t\t\t\t<\/span>\n\t\t\t\t\t<\/a>\n\t\t\t\t<\/div>\n\t\t\t\t\t\t\t\t<\/div>\n\t\t\t\t<\/div>\n\t\t\t\t<div class=\"elementor-element elementor-element-299949e elementor-widget-divider--view-line elementor-widget elementor-widget-divider\" data-id=\"299949e\" data-element_type=\"widget\" data-e-type=\"widget\" data-widget_type=\"divider.default\">\n\t\t\t\t<div class=\"elementor-widget-container\">\n\t\t\t\t\t\t\t<div class=\"elementor-divider\">\n\t\t\t<span class=\"elementor-divider-separator\">\n\t\t\t\t\t\t<\/span>\n\t\t<\/div>\n\t\t\t\t\t\t<\/div>\n\t\t\t\t<\/div>\n\t\t\t\t<div class=\"elementor-element elementor-element-22c248a elementor-widget elementor-widget-text-editor\" data-id=\"22c248a\" data-element_type=\"widget\" data-e-type=\"widget\" data-widget_type=\"text-editor.default\">\n\t\t\t\t<div class=\"elementor-widget-container\">\n\t\t\t\t\t\t\t\t\t<p><strong>ELECTRIC CHARGING STATIONS<\/strong><\/p><p>There are 4 electric charging points at the entrance to the shared office space, which can be used free of charge. Read more about the electric charging solution:<\/p>\t\t\t\t\t\t\t\t<\/div>\n\t\t\t\t<\/div>\n\t\t\t\t<div class=\"elementor-element elementor-element-42eb64e elementor-mobile-align-justify elementor-widget-mobile__width-inherit elementor-widget elementor-widget-button\" data-id=\"42eb64e\" data-element_type=\"widget\" data-e-type=\"widget\" data-widget_type=\"button.default\">\n\t\t\t\t<div class=\"elementor-widget-container\">\n\t\t\t\t\t\t\t\t\t<div class=\"elementor-button-wrapper\">\n\t\t\t\t\t<a class=\"elementor-button elementor-button-link elementor-size-sm\" href=\"http:\/\/www.krobi.dk\/wp-content\/uploads\/Krobi-Ejendomme-fordelsaftale-UnoX.pdf\" target=\"_blank\">\n\t\t\t\t\t\t<span class=\"elementor-button-content-wrapper\">\n\t\t\t\t\t\t<span class=\"elementor-button-icon\">\n\t\t\t\t<i aria-hidden=\"true\" class=\"fas fa-file-pdf\"><\/i>\t\t\t<\/span>\n\t\t\t\t\t\t\t\t\t<span class=\"elementor-button-text\">ELECTRIC CHARGING STATIONS<\/span>\n\t\t\t\t\t<\/span>\n\t\t\t\t\t<\/a>\n\t\t\t\t<\/div>\n\t\t\t\t\t\t\t\t<\/div>\n\t\t\t\t<\/div>\n\t\t\t\t<div class=\"elementor-element elementor-element-49bd7f6 elementor-widget-divider--view-line elementor-widget elementor-widget-divider\" data-id=\"49bd7f6\" data-element_type=\"widget\" data-e-type=\"widget\" data-widget_type=\"divider.default\">\n\t\t\t\t<div class=\"elementor-widget-container\">\n\t\t\t\t\t\t\t<div class=\"elementor-divider\">\n\t\t\t<span class=\"elementor-divider-separator\">\n\t\t\t\t\t\t<\/span>\n\t\t<\/div>\n\t\t\t\t\t\t<\/div>\n\t\t\t\t<\/div>\n\t\t\t\t<div class=\"elementor-element elementor-element-c8133f1 elementor-widget elementor-widget-text-editor\" data-id=\"c8133f1\" data-element_type=\"widget\" data-e-type=\"widget\" data-widget_type=\"text-editor.default\">\n\t\t\t\t<div class=\"elementor-widget-container\">\n\t\t\t\t\t\t\t\t\t<p>If you have any questions, need help - or ideas on how we can make the co-working space even better - you are always welcome to contact us or drop by office 7.<\/p><p><strong>KROBI PROPERTIES<\/strong><br \/><a href=\"mailto:krobi@krobi.dk\">krobi@krobi.dk<\/a><\/p>\t\t\t\t\t\t\t\t<\/div>\n\t\t\t\t<\/div>\n\t\t\t\t<\/div>\n\t\t\t\t\t<\/div>\n\t\t\t\t<\/div>\n\t\t<div class=\"elementor-element elementor-element-2cef9a3 e-flex e-con-boxed e-con e-parent\" data-id=\"2cef9a3\" data-element_type=\"container\" data-e-type=\"container\">\n\t\t\t\t\t<div class=\"e-con-inner\">\n\t\t\t\t\t<\/div>\n\t\t\t\t<\/div>\n\t\t\t\t<\/div>","protected":false},"excerpt":{"rendered":"<p>Praktisk information til lejere i Kontorf\u00e6llesskabet Sams\u00f8vej 21\u201323 Vores vigtigste ambition er, at Kontorf\u00e6llesskabet Sams\u00f8vej er et rart og velfungerende sted at arbejde \u2013 med gode rammer, ordentlige f\u00e6llesfaciliteter og en hverdag, der fungerer i praksis. For at g\u00f8re det nemt at v\u00e6re lejer har vi samlet de vigtigste praktiske informationer her. Vi anbefaler, at [&hellip;]<\/p>\n","protected":false},"author":2,"featured_media":0,"parent":0,"menu_order":0,"comment_status":"closed","ping_status":"closed","template":"","meta":{"_acf_changed":false,"footnotes":""},"class_list":["post-3403","page","type-page","status-publish","hentry"],"acf":[],"yoast_head":"<!-- This site is optimized with the Yoast SEO plugin v27.4 - https:\/\/yoast.com\/product\/yoast-seo-wordpress\/ -->\n<title>Til lejere i Kontorf\u00e6llesskabet - KROBI<\/title>\n<meta name=\"robots\" content=\"index, follow, max-snippet:-1, max-image-preview:large, max-video-preview:-1\" \/>\n<link rel=\"canonical\" href=\"https:\/\/krobi.dk\/en\/for-tenants-in-the-office-block\/\" \/>\n<meta property=\"og:locale\" content=\"en_GB\" \/>\n<meta property=\"og:type\" content=\"article\" \/>\n<meta property=\"og:title\" content=\"Til lejere i Kontorf\u00e6llesskabet - KROBI\" \/>\n<meta property=\"og:description\" content=\"Praktisk information til lejere i Kontorf\u00e6llesskabet Sams\u00f8vej 21\u201323 Vores vigtigste ambition er, at Kontorf\u00e6llesskabet Sams\u00f8vej er et rart og velfungerende sted at arbejde \u2013 med gode rammer, ordentlige f\u00e6llesfaciliteter og en hverdag, der fungerer i praksis. For at g\u00f8re det nemt at v\u00e6re lejer har vi samlet de vigtigste praktiske informationer her. Vi anbefaler, at [&hellip;]\" \/>\n<meta property=\"og:url\" content=\"https:\/\/krobi.dk\/en\/for-tenants-in-the-office-block\/\" \/>\n<meta property=\"og:site_name\" content=\"KROBI\" \/>\n<meta property=\"article:modified_time\" content=\"2026-03-31T11:59:18+00:00\" \/>\n<meta property=\"og:image\" content=\"https:\/\/krobi.dk\/wp-content\/uploads\/logo-farve.png\" \/>\n\t<meta property=\"og:image:width\" content=\"425\" \/>\n\t<meta property=\"og:image:height\" content=\"78\" \/>\n\t<meta property=\"og:image:type\" content=\"image\/png\" \/>\n<meta name=\"twitter:card\" content=\"summary_large_image\" \/>\n<meta name=\"twitter:label1\" content=\"Estimated reading time\" \/>\n\t<meta name=\"twitter:data1\" content=\"2 minutes\" \/>\n<script type=\"application\/ld+json\" class=\"yoast-schema-graph\">{\"@context\":\"https:\\\/\\\/schema.org\",\"@graph\":[{\"@type\":\"WebPage\",\"@id\":\"https:\\\/\\\/krobi.dk\\\/til-lejere-i-kontorfaellesskabet\\\/\",\"url\":\"https:\\\/\\\/krobi.dk\\\/til-lejere-i-kontorfaellesskabet\\\/\",\"name\":\"Til lejere i Kontorf\u00e6llesskabet - KROBI\",\"isPartOf\":{\"@id\":\"https:\\\/\\\/krobi.dk\\\/#website\"},\"primaryImageOfPage\":{\"@id\":\"https:\\\/\\\/krobi.dk\\\/til-lejere-i-kontorfaellesskabet\\\/#primaryimage\"},\"image\":{\"@id\":\"https:\\\/\\\/krobi.dk\\\/til-lejere-i-kontorfaellesskabet\\\/#primaryimage\"},\"thumbnailUrl\":\"https:\\\/\\\/krobi.dk\\\/wp-content\\\/uploads\\\/logo-farve.png\",\"datePublished\":\"2026-01-08T15:36:32+00:00\",\"dateModified\":\"2026-03-31T11:59:18+00:00\",\"inLanguage\":\"en-GB\",\"potentialAction\":[{\"@type\":\"ReadAction\",\"target\":[\"https:\\\/\\\/krobi.dk\\\/til-lejere-i-kontorfaellesskabet\\\/\"]}]},{\"@type\":\"ImageObject\",\"inLanguage\":\"en-GB\",\"@id\":\"https:\\\/\\\/krobi.dk\\\/til-lejere-i-kontorfaellesskabet\\\/#primaryimage\",\"url\":\"https:\\\/\\\/krobi.dk\\\/wp-content\\\/uploads\\\/logo-farve.png\",\"contentUrl\":\"https:\\\/\\\/krobi.dk\\\/wp-content\\\/uploads\\\/logo-farve.png\"},{\"@type\":\"WebSite\",\"@id\":\"https:\\\/\\\/krobi.dk\\\/#website\",\"url\":\"https:\\\/\\\/krobi.dk\\\/\",\"name\":\"KROBI\",\"description\":\"\",\"publisher\":{\"@id\":\"https:\\\/\\\/krobi.dk\\\/#organization\"},\"potentialAction\":[{\"@type\":\"SearchAction\",\"target\":{\"@type\":\"EntryPoint\",\"urlTemplate\":\"https:\\\/\\\/krobi.dk\\\/?s={search_term_string}\"},\"query-input\":{\"@type\":\"PropertyValueSpecification\",\"valueRequired\":true,\"valueName\":\"search_term_string\"}}],\"inLanguage\":\"en-GB\"},{\"@type\":\"Organization\",\"@id\":\"https:\\\/\\\/krobi.dk\\\/#organization\",\"name\":\"KROBI\",\"url\":\"https:\\\/\\\/krobi.dk\\\/\",\"logo\":{\"@type\":\"ImageObject\",\"inLanguage\":\"en-GB\",\"@id\":\"https:\\\/\\\/krobi.dk\\\/#\\\/schema\\\/logo\\\/image\\\/\",\"url\":\"https:\\\/\\\/krobi.dk\\\/wp-content\\\/uploads\\\/logo.png\",\"contentUrl\":\"https:\\\/\\\/krobi.dk\\\/wp-content\\\/uploads\\\/logo.png\",\"width\":1200,\"height\":370,\"caption\":\"KROBI\"},\"image\":{\"@id\":\"https:\\\/\\\/krobi.dk\\\/#\\\/schema\\\/logo\\\/image\\\/\"}}]}<\/script>\n<!-- \/ Yoast SEO plugin. -->","yoast_head_json":{"title":"For tenants in the shared office space - KROBI","robots":{"index":"index","follow":"follow","max-snippet":"max-snippet:-1","max-image-preview":"max-image-preview:large","max-video-preview":"max-video-preview:-1"},"canonical":"https:\/\/krobi.dk\/en\/for-tenants-in-the-office-block\/","og_locale":"en_GB","og_type":"article","og_title":"Til lejere i Kontorf\u00e6llesskabet - KROBI","og_description":"Praktisk information til lejere i Kontorf\u00e6llesskabet Sams\u00f8vej 21\u201323 Vores vigtigste ambition er, at Kontorf\u00e6llesskabet Sams\u00f8vej er et rart og velfungerende sted at arbejde \u2013 med gode rammer, ordentlige f\u00e6llesfaciliteter og en hverdag, der fungerer i praksis. For at g\u00f8re det nemt at v\u00e6re lejer har vi samlet de vigtigste praktiske informationer her. Vi anbefaler, at [&hellip;]","og_url":"https:\/\/krobi.dk\/en\/for-tenants-in-the-office-block\/","og_site_name":"KROBI","article_modified_time":"2026-03-31T11:59:18+00:00","og_image":[{"width":425,"height":78,"url":"https:\/\/krobi.dk\/wp-content\/uploads\/logo-farve.png","type":"image\/png"}],"twitter_card":"summary_large_image","twitter_misc":{"Estimated reading time":"2 minutes"},"schema":{"@context":"https:\/\/schema.org","@graph":[{"@type":"WebPage","@id":"https:\/\/krobi.dk\/til-lejere-i-kontorfaellesskabet\/","url":"https:\/\/krobi.dk\/til-lejere-i-kontorfaellesskabet\/","name":"For tenants in the shared office space - KROBI","isPartOf":{"@id":"https:\/\/krobi.dk\/#website"},"primaryImageOfPage":{"@id":"https:\/\/krobi.dk\/til-lejere-i-kontorfaellesskabet\/#primaryimage"},"image":{"@id":"https:\/\/krobi.dk\/til-lejere-i-kontorfaellesskabet\/#primaryimage"},"thumbnailUrl":"https:\/\/krobi.dk\/wp-content\/uploads\/logo-farve.png","datePublished":"2026-01-08T15:36:32+00:00","dateModified":"2026-03-31T11:59:18+00:00","inLanguage":"en-GB","potentialAction":[{"@type":"ReadAction","target":["https:\/\/krobi.dk\/til-lejere-i-kontorfaellesskabet\/"]}]},{"@type":"ImageObject","inLanguage":"en-GB","@id":"https:\/\/krobi.dk\/til-lejere-i-kontorfaellesskabet\/#primaryimage","url":"https:\/\/krobi.dk\/wp-content\/uploads\/logo-farve.png","contentUrl":"https:\/\/krobi.dk\/wp-content\/uploads\/logo-farve.png"},{"@type":"WebSite","@id":"https:\/\/krobi.dk\/#website","url":"https:\/\/krobi.dk\/","name":"KROBI","description":"","publisher":{"@id":"https:\/\/krobi.dk\/#organization"},"potentialAction":[{"@type":"SearchAction","target":{"@type":"EntryPoint","urlTemplate":"https:\/\/krobi.dk\/?s={search_term_string}"},"query-input":{"@type":"PropertyValueSpecification","valueRequired":true,"valueName":"search_term_string"}}],"inLanguage":"en-GB"},{"@type":"Organization","@id":"https:\/\/krobi.dk\/#organization","name":"KROBI","url":"https:\/\/krobi.dk\/","logo":{"@type":"ImageObject","inLanguage":"en-GB","@id":"https:\/\/krobi.dk\/#\/schema\/logo\/image\/","url":"https:\/\/krobi.dk\/wp-content\/uploads\/logo.png","contentUrl":"https:\/\/krobi.dk\/wp-content\/uploads\/logo.png","width":1200,"height":370,"caption":"KROBI"},"image":{"@id":"https:\/\/krobi.dk\/#\/schema\/logo\/image\/"}}]}},"_links":{"self":[{"href":"https:\/\/krobi.dk\/en\/wp-json\/wp\/v2\/pages\/3403","targetHints":{"allow":["GET"]}}],"collection":[{"href":"https:\/\/krobi.dk\/en\/wp-json\/wp\/v2\/pages"}],"about":[{"href":"https:\/\/krobi.dk\/en\/wp-json\/wp\/v2\/types\/page"}],"author":[{"embeddable":true,"href":"https:\/\/krobi.dk\/en\/wp-json\/wp\/v2\/users\/2"}],"replies":[{"embeddable":true,"href":"https:\/\/krobi.dk\/en\/wp-json\/wp\/v2\/comments?post=3403"}],"version-history":[{"count":20,"href":"https:\/\/krobi.dk\/en\/wp-json\/wp\/v2\/pages\/3403\/revisions"}],"predecessor-version":[{"id":3550,"href":"https:\/\/krobi.dk\/en\/wp-json\/wp\/v2\/pages\/3403\/revisions\/3550"}],"wp:attachment":[{"href":"https:\/\/krobi.dk\/en\/wp-json\/wp\/v2\/media?parent=3403"}],"curies":[{"name":"wp","href":"https:\/\/api.w.org\/{rel}","templated":true}]}}