{"id":3265,"date":"2025-11-05T13:51:18","date_gmt":"2025-11-05T12:51:18","guid":{"rendered":"https:\/\/krobi.dk\/?page_id=3265"},"modified":"2025-11-05T13:57:29","modified_gmt":"2025-11-05T12:57:29","slug":"noerresundby","status":"publish","type":"page","link":"https:\/\/krobi.dk\/en\/noerresundby\/","title":{"rendered":"N\u00f8rresundby"},"content":{"rendered":"\t\t<div data-elementor-type=\"wp-page\" data-elementor-id=\"3265\" class=\"elementor elementor-3265\" data-elementor-post-type=\"page\">\n\t\t\t\t<div class=\"elementor-element elementor-element-8e50561 e-flex e-con-boxed e-con e-parent\" data-id=\"8e50561\" data-element_type=\"container\" data-e-type=\"container\">\n\t\t\t\t\t<div class=\"e-con-inner\">\n\t\t<div class=\"elementor-element elementor-element-064609a e-con-full e-flex e-con e-child\" data-id=\"064609a\" data-element_type=\"container\" data-e-type=\"container\">\n\t\t\t\t<div class=\"elementor-element elementor-element-59618ba elementor-widget-divider--view-line_text elementor-hidden-mobile elementor-widget-divider--element-align-center elementor-widget elementor-widget-divider\" data-id=\"59618ba\" data-element_type=\"widget\" data-e-type=\"widget\" data-widget_type=\"divider.default\">\n\t\t\t\t<div class=\"elementor-widget-container\">\n\t\t\t\t\t\t\t<div class=\"elementor-divider\">\n\t\t\t<span class=\"elementor-divider-separator\">\n\t\t\t\t\t\t\t<span class=\"elementor-divider__text elementor-divider__element\">\n\t\t\t\tBoliger til leje\t\t\t\t<\/span>\n\t\t\t\t\t\t<\/span>\n\t\t<\/div>\n\t\t\t\t\t\t<\/div>\n\t\t\t\t<\/div>\n\t\t\t\t<div class=\"elementor-element elementor-element-9753a79 elementor-widget-divider--view-line_text elementor-widget-divider--element-align-right elementor-hidden-desktop elementor-hidden-tablet elementor-widget elementor-widget-divider\" data-id=\"9753a79\" data-element_type=\"widget\" data-e-type=\"widget\" data-widget_type=\"divider.default\">\n\t\t\t\t<div class=\"elementor-widget-container\">\n\t\t\t\t\t\t\t<div class=\"elementor-divider\">\n\t\t\t<span class=\"elementor-divider-separator\">\n\t\t\t\t\t\t\t<span class=\"elementor-divider__text elementor-divider__element\">\n\t\t\t\tBoliger til leje\t\t\t\t<\/span>\n\t\t\t\t\t\t<\/span>\n\t\t<\/div>\n\t\t\t\t\t\t<\/div>\n\t\t\t\t<\/div>\n\t\t\t\t<\/div>\n\t\t\t\t<div class=\"elementor-element elementor-element-3a20d68 elementor-grid-3 elementor-grid-tablet-2 elementor-grid-mobile-1 elementor-invisible elementor-widget elementor-widget-loop-grid\" data-id=\"3a20d68\" data-element_type=\"widget\" data-e-type=\"widget\" data-settings=\"{&quot;template_id&quot;:&quot;1062&quot;,&quot;columns&quot;:3,&quot;row_gap&quot;:{&quot;unit&quot;:&quot;px&quot;,&quot;size&quot;:20,&quot;sizes&quot;:[]},&quot;_animation&quot;:&quot;fadeInUp&quot;,&quot;_skin&quot;:&quot;post&quot;,&quot;columns_tablet&quot;:&quot;2&quot;,&quot;columns_mobile&quot;:&quot;1&quot;,&quot;edit_handle_selector&quot;:&quot;[data-elementor-type=\\&quot;loop-item\\&quot;]&quot;,&quot;row_gap_tablet&quot;:{&quot;unit&quot;:&quot;px&quot;,&quot;size&quot;:&quot;&quot;,&quot;sizes&quot;:[]},&quot;row_gap_mobile&quot;:{&quot;unit&quot;:&quot;px&quot;,&quot;size&quot;:&quot;&quot;,&quot;sizes&quot;:[]}}\" data-widget_type=\"loop-grid.post\">\n\t\t\t\t<div class=\"elementor-widget-container\">\n\t\t\t\t\t\t\t<div class=\"e-loop-nothing-found-message\">\n\t\t\t\t\t<div class=\"e-loop-nothing-found-message__text\">\n\t\t\t\t\t\t<div data-elementor-type=\"container\" data-elementor-id=\"3267\" class=\"elementor elementor-3267\" data-elementor-post-type=\"elementor_library\">\n\t\t\t\t<div class=\"elementor-element elementor-element-76a8290d e-con-full e-flex e-con e-child\" data-id=\"76a8290d\" data-element_type=\"container\" data-e-type=\"container\">\n\t\t\t\t<div class=\"elementor-element elementor-element-1effa163 elementor-widget elementor-widget-text-editor\" data-id=\"1effa163\" data-element_type=\"widget\" data-e-type=\"widget\" data-widget_type=\"text-editor.default\">\n\t\t\t\t<div class=\"elementor-widget-container\">\n\t\t\t\t\t\t\t\t\t<p>Vi har desv\u00e6rre ingen ledige lejem\u00e5l i N\u00f8rresundby lige nu. Vi vil meget gerne skrive dig p\u00e5 vores venteliste og vende tilbage, n\u00e5r vi har en relevant bolig til dig.<\/p><p>Udfyld venligst nedenst\u00e5ende formular:<\/p>\t\t\t\t\t\t\t\t<\/div>\n\t\t\t\t<\/div>\n\t\t\t\t<div class=\"elementor-element elementor-element-6692b14d elementor-mobile-button-align-stretch elementor-button-align-stretch elementor-invisible elementor-widget elementor-widget-form\" data-id=\"6692b14d\" data-element_type=\"widget\" data-e-type=\"widget\" data-settings=\"{&quot;step_next_label&quot;:&quot;N\\u00e6ste&quot;,&quot;step_previous_label&quot;:&quot;Tidligere&quot;,&quot;_animation&quot;:&quot;fadeInUp&quot;,&quot;button_width&quot;:&quot;100&quot;,&quot;step_type&quot;:&quot;number_text&quot;,&quot;step_icon_shape&quot;:&quot;circle&quot;}\" data-widget_type=\"form.default\">\n\t\t\t\t<div class=\"elementor-widget-container\">\n\t\t\t\t\t\t\t<form class=\"elementor-form\" method=\"post\" name=\"Ny formular\" aria-label=\"Ny formular\">\n\t\t\t<input type=\"hidden\" name=\"post_id\" value=\"3267\"\/>\n\t\t\t<input type=\"hidden\" name=\"form_id\" value=\"6692b14d\"\/>\n\t\t\t<input type=\"hidden\" name=\"referer_title\" value=\"KROBI\" \/>\n\n\t\t\t\n\t\t\t<div class=\"elementor-form-fields-wrapper elementor-labels-above\">\n\t\t\t\t\t\t\t\t<div class=\"elementor-field-type-text elementor-field-group elementor-column elementor-field-group-name elementor-col-50 elementor-field-required elementor-mark-required\">\n\t\t\t\t\t\t\t\t\t\t\t\t<label for=\"form-field-name\" class=\"elementor-field-label\">\n\t\t\t\t\t\t\t\tFulde navn\t\t\t\t\t\t\t<\/label>\n\t\t\t\t\t\t\t\t\t\t\t\t\t\t<input size=\"1\" type=\"text\" name=\"form_fields[name]\" id=\"form-field-name\" class=\"elementor-field elementor-size-sm  elementor-field-textual\" placeholder=\"Indtast dit fulde navn\" required=\"required\">\n\t\t\t\t\t\t\t\t\t\t\t<\/div>\n\t\t\t\t\t\t\t\t<div class=\"elementor-field-type-text elementor-field-group elementor-column elementor-field-group-Address elementor-col-50 elementor-field-required elementor-mark-required\">\n\t\t\t\t\t\t\t\t\t\t\t\t<label for=\"form-field-Address\" class=\"elementor-field-label\">\n\t\t\t\t\t\t\t\tAdresse\t\t\t\t\t\t\t<\/label>\n\t\t\t\t\t\t\t\t\t\t\t\t\t\t<input size=\"1\" type=\"text\" name=\"form_fields[Address]\" id=\"form-field-Address\" class=\"elementor-field elementor-size-sm  elementor-field-textual\" placeholder=\"Indtast din adresse\" required=\"required\">\n\t\t\t\t\t\t\t\t\t\t\t<\/div>\n\t\t\t\t\t\t\t\t<div class=\"elementor-field-type-tel elementor-field-group elementor-column elementor-field-group-phone elementor-col-50 elementor-field-required elementor-mark-required\">\n\t\t\t\t\t\t\t\t\t\t\t\t<label for=\"form-field-phone\" class=\"elementor-field-label\">\n\t\t\t\t\t\t\t\tTelefon\t\t\t\t\t\t\t<\/label>\n\t\t\t\t\t\t\t\t<input size=\"1\" type=\"tel\" name=\"form_fields[phone]\" id=\"form-field-phone\" class=\"elementor-field elementor-size-sm  elementor-field-textual\" placeholder=\"Indtast dit telefonnr.\" required=\"required\" pattern=\"[0-9()#&amp;+*-=.]+\" title=\"Only numbers and phone characters (#, -, *, etc) are accepted.\">\n\n\t\t\t\t\t\t<\/div>\n\t\t\t\t\t\t\t\t<div class=\"elementor-field-type-email elementor-field-group elementor-column elementor-field-group-email elementor-col-50 elementor-field-required elementor-mark-required\">\n\t\t\t\t\t\t\t\t\t\t\t\t<label for=\"form-field-email\" class=\"elementor-field-label\">\n\t\t\t\t\t\t\t\tE-mail\t\t\t\t\t\t\t<\/label>\n\t\t\t\t\t\t\t\t\t\t\t\t\t\t<input size=\"1\" type=\"email\" name=\"form_fields[email]\" id=\"form-field-email\" class=\"elementor-field elementor-size-sm  elementor-field-textual\" placeholder=\"Indtast din e-mail\" required=\"required\">\n\t\t\t\t\t\t\t\t\t\t\t<\/div>\n\t\t\t\t\t\t\t\t<div class=\"elementor-field-type-textarea elementor-field-group elementor-column elementor-field-group-message elementor-col-100\">\n\t\t\t\t\t\t\t\t\t\t\t\t<label for=\"form-field-message\" class=\"elementor-field-label\">\n\t\t\t\t\t\t\t\tBesked\t\t\t\t\t\t\t<\/label>\n\t\t\t\t\t\t<textarea class=\"elementor-field-textual elementor-field  elementor-size-sm\" name=\"form_fields[message]\" id=\"form-field-message\" rows=\"4\" placeholder=\"Skriv gerne lidt om dig selv og dine \u00f8nsker til lejligheden (\u00f8nsket indflytningsdato, antal v\u00e6relser, delevenlig, evt. max. husleje) \"><\/textarea>\t\t\t\t<\/div>\n\t\t\t\t\t\t\t\t<div class=\"elementor-field-type-acceptance elementor-field-group elementor-column elementor-field-group-confirmation elementor-col-100 elementor-field-required elementor-mark-required\">\n\t\t\t\t\t\t\t<div class=\"elementor-field-subgroup\">\n\t\t\t<span class=\"elementor-field-option\">\n\t\t\t\t<input type=\"checkbox\" name=\"form_fields[confirmation]\" id=\"form-field-confirmation\" class=\"elementor-field elementor-size-sm  elementor-acceptance-field\" required=\"required\">\n\t\t\t\t<label for=\"form-field-confirmation\">Ved at sende denne besked accepterer du KROBI Ejendommes <a href=\"\/persondata\">privatlivspolitik<\/a>.<\/label>\t\t\t<\/span>\n\t\t<\/div>\n\t\t\t\t\t\t<\/div>\n\t\t\t\t\t\t\t\t<div class=\"elementor-field-group elementor-column elementor-field-type-submit elementor-col-100 e-form__buttons\">\n\t\t\t\t\t<button class=\"elementor-button elementor-size-sm\" type=\"submit\">\n\t\t\t\t\t\t<span class=\"elementor-button-content-wrapper\">\n\t\t\t\t\t\t\t\t\t\t\t\t\t\t\t\t\t\t\t\t\t\t<span class=\"elementor-button-text\">Send besked<\/span>\n\t\t\t\t\t\t\t\t\t\t\t\t\t<\/span>\n\t\t\t\t\t<\/button>\n\t\t\t\t<\/div>\n\t\t\t<\/div>\n\t\t<input\n                    class=\"apbct_special_field apbct_email_id__elementor_form\"\n                    name=\"apbct__email_id__elementor_form\"\n                    aria-label=\"apbct__label_id__elementor_form\"\n                    type=\"text\" size=\"30\" maxlength=\"200\" autocomplete=\"off\"\n                    value=\"\"\n                \/><\/form>\n\t\t\t\t\t\t<\/div>\n\t\t\t\t<\/div>\n\t\t\t\t<\/div>\n\t\t\t\t<\/div>\n\t\t\t\t\t<\/div>\n\t\t\t<\/div>\n\t\t\t\t\t\t<\/div>\n\t\t\t\t<\/div>\n\t\t\t\t\t<\/div>\n\t\t\t\t<\/div>\n\t\t\t\t<\/div>\n\t\t","protected":false},"excerpt":{"rendered":"<p>Homes for rent Homes for rent<\/p>","protected":false},"author":1,"featured_media":0,"parent":0,"menu_order":0,"comment_status":"closed","ping_status":"closed","template":"","meta":{"_acf_changed":false,"footnotes":""},"class_list":["post-3265","page","type-page","status-publish","hentry"],"acf":[],"yoast_head":"<!-- This site is optimized with the Yoast SEO plugin v27.3 - https:\/\/yoast.com\/product\/yoast-seo-wordpress\/ -->\n<title>N\u00f8rresundby - KROBI<\/title>\n<meta name=\"robots\" content=\"index, follow, max-snippet:-1, max-image-preview:large, max-video-preview:-1\" \/>\n<link rel=\"canonical\" href=\"https:\/\/krobi.dk\/en\/noerresundby\/\" \/>\n<meta property=\"og:locale\" content=\"en_GB\" \/>\n<meta property=\"og:type\" content=\"article\" \/>\n<meta property=\"og:title\" content=\"N\u00f8rresundby - KROBI\" \/>\n<meta property=\"og:description\" content=\"Boliger til leje Boliger til leje\" \/>\n<meta property=\"og:url\" content=\"https:\/\/krobi.dk\/en\/noerresundby\/\" \/>\n<meta property=\"og:site_name\" content=\"KROBI\" \/>\n<meta property=\"article:modified_time\" content=\"2025-11-05T12:57:29+00:00\" \/>\n<meta name=\"twitter:card\" content=\"summary_large_image\" \/>\n<meta name=\"twitter:label1\" content=\"Estimated reading time\" \/>\n\t<meta name=\"twitter:data1\" content=\"1 minute\" \/>\n<script type=\"application\/ld+json\" class=\"yoast-schema-graph\">{\"@context\":\"https:\\\/\\\/schema.org\",\"@graph\":[{\"@type\":\"WebPage\",\"@id\":\"https:\\\/\\\/krobi.dk\\\/noerresundby\\\/\",\"url\":\"https:\\\/\\\/krobi.dk\\\/noerresundby\\\/\",\"name\":\"N\u00f8rresundby - KROBI\",\"isPartOf\":{\"@id\":\"https:\\\/\\\/krobi.dk\\\/#website\"},\"datePublished\":\"2025-11-05T12:51:18+00:00\",\"dateModified\":\"2025-11-05T12:57:29+00:00\",\"inLanguage\":\"en-GB\",\"potentialAction\":[{\"@type\":\"ReadAction\",\"target\":[\"https:\\\/\\\/krobi.dk\\\/noerresundby\\\/\"]}]},{\"@type\":\"WebSite\",\"@id\":\"https:\\\/\\\/krobi.dk\\\/#website\",\"url\":\"https:\\\/\\\/krobi.dk\\\/\",\"name\":\"KROBI\",\"description\":\"\",\"publisher\":{\"@id\":\"https:\\\/\\\/krobi.dk\\\/#organization\"},\"potentialAction\":[{\"@type\":\"SearchAction\",\"target\":{\"@type\":\"EntryPoint\",\"urlTemplate\":\"https:\\\/\\\/krobi.dk\\\/?s={search_term_string}\"},\"query-input\":{\"@type\":\"PropertyValueSpecification\",\"valueRequired\":true,\"valueName\":\"search_term_string\"}}],\"inLanguage\":\"en-GB\"},{\"@type\":\"Organization\",\"@id\":\"https:\\\/\\\/krobi.dk\\\/#organization\",\"name\":\"KROBI\",\"url\":\"https:\\\/\\\/krobi.dk\\\/\",\"logo\":{\"@type\":\"ImageObject\",\"inLanguage\":\"en-GB\",\"@id\":\"https:\\\/\\\/krobi.dk\\\/#\\\/schema\\\/logo\\\/image\\\/\",\"url\":\"https:\\\/\\\/krobi.dk\\\/wp-content\\\/uploads\\\/logo.png\",\"contentUrl\":\"https:\\\/\\\/krobi.dk\\\/wp-content\\\/uploads\\\/logo.png\",\"width\":1200,\"height\":370,\"caption\":\"KROBI\"},\"image\":{\"@id\":\"https:\\\/\\\/krobi.dk\\\/#\\\/schema\\\/logo\\\/image\\\/\"}}]}<\/script>\n<!-- \/ Yoast SEO plugin. -->","yoast_head_json":{"title":"N\u00f8rresundby - KROBI","robots":{"index":"index","follow":"follow","max-snippet":"max-snippet:-1","max-image-preview":"max-image-preview:large","max-video-preview":"max-video-preview:-1"},"canonical":"https:\/\/krobi.dk\/en\/noerresundby\/","og_locale":"en_GB","og_type":"article","og_title":"N\u00f8rresundby - KROBI","og_description":"Boliger til leje Boliger til leje","og_url":"https:\/\/krobi.dk\/en\/noerresundby\/","og_site_name":"KROBI","article_modified_time":"2025-11-05T12:57:29+00:00","twitter_card":"summary_large_image","twitter_misc":{"Estimated reading time":"1 minute"},"schema":{"@context":"https:\/\/schema.org","@graph":[{"@type":"WebPage","@id":"https:\/\/krobi.dk\/noerresundby\/","url":"https:\/\/krobi.dk\/noerresundby\/","name":"N\u00f8rresundby - KROBI","isPartOf":{"@id":"https:\/\/krobi.dk\/#website"},"datePublished":"2025-11-05T12:51:18+00:00","dateModified":"2025-11-05T12:57:29+00:00","inLanguage":"en-GB","potentialAction":[{"@type":"ReadAction","target":["https:\/\/krobi.dk\/noerresundby\/"]}]},{"@type":"WebSite","@id":"https:\/\/krobi.dk\/#website","url":"https:\/\/krobi.dk\/","name":"KROBI","description":"","publisher":{"@id":"https:\/\/krobi.dk\/#organization"},"potentialAction":[{"@type":"SearchAction","target":{"@type":"EntryPoint","urlTemplate":"https:\/\/krobi.dk\/?s={search_term_string}"},"query-input":{"@type":"PropertyValueSpecification","valueRequired":true,"valueName":"search_term_string"}}],"inLanguage":"en-GB"},{"@type":"Organization","@id":"https:\/\/krobi.dk\/#organization","name":"KROBI","url":"https:\/\/krobi.dk\/","logo":{"@type":"ImageObject","inLanguage":"en-GB","@id":"https:\/\/krobi.dk\/#\/schema\/logo\/image\/","url":"https:\/\/krobi.dk\/wp-content\/uploads\/logo.png","contentUrl":"https:\/\/krobi.dk\/wp-content\/uploads\/logo.png","width":1200,"height":370,"caption":"KROBI"},"image":{"@id":"https:\/\/krobi.dk\/#\/schema\/logo\/image\/"}}]}},"_links":{"self":[{"href":"https:\/\/krobi.dk\/en\/wp-json\/wp\/v2\/pages\/3265","targetHints":{"allow":["GET"]}}],"collection":[{"href":"https:\/\/krobi.dk\/en\/wp-json\/wp\/v2\/pages"}],"about":[{"href":"https:\/\/krobi.dk\/en\/wp-json\/wp\/v2\/types\/page"}],"author":[{"embeddable":true,"href":"https:\/\/krobi.dk\/en\/wp-json\/wp\/v2\/users\/1"}],"replies":[{"embeddable":true,"href":"https:\/\/krobi.dk\/en\/wp-json\/wp\/v2\/comments?post=3265"}],"version-history":[{"count":0,"href":"https:\/\/krobi.dk\/en\/wp-json\/wp\/v2\/pages\/3265\/revisions"}],"wp:attachment":[{"href":"https:\/\/krobi.dk\/en\/wp-json\/wp\/v2\/media?parent=3265"}],"curies":[{"name":"wp","href":"https:\/\/api.w.org\/{rel}","templated":true}]}}