{"id":3223,"date":"2025-11-05T13:13:45","date_gmt":"2025-11-05T12:13:45","guid":{"rendered":"https:\/\/krobi.dk\/?page_id=3223"},"modified":"2025-12-11T10:06:10","modified_gmt":"2025-12-11T09:06:10","slug":"fashion-rooms","status":"publish","type":"page","link":"https:\/\/krobi.dk\/en\/moedelokaler\/","title":{"rendered":"Meeting rooms"},"content":{"rendered":"<div data-elementor-type=\"wp-page\" data-elementor-id=\"3223\" class=\"elementor elementor-3223\" data-elementor-post-type=\"page\">\n\t\t\t\t<div class=\"elementor-element elementor-element-119713d e-flex e-con-boxed e-con e-parent\" data-id=\"119713d\" data-element_type=\"container\" data-e-type=\"container\">\n\t\t\t\t\t<div class=\"e-con-inner\">\n\t\t<div class=\"elementor-element elementor-element-92e6e48 e-con-full e-flex e-con e-child\" data-id=\"92e6e48\" data-element_type=\"container\" data-e-type=\"container\">\n\t\t\t\t<div class=\"elementor-element elementor-element-d46204a elementor-widget-divider--view-line_text elementor-widget-divider--element-align-right elementor-widget elementor-widget-divider\" data-id=\"d46204a\" data-element_type=\"widget\" data-e-type=\"widget\" data-widget_type=\"divider.default\">\n\t\t\t\t<div class=\"elementor-widget-container\">\n\t\t\t\t\t\t\t<div class=\"elementor-divider\">\n\t\t\t<span class=\"elementor-divider-separator\">\n\t\t\t\t\t\t<\/span>\n\t\t<\/div>\n\t\t\t\t\t\t<\/div>\n\t\t\t\t<\/div>\n\t\t\t\t<div class=\"elementor-element elementor-element-f106c34 elementor-widget elementor-widget-heading\" data-id=\"f106c34\" data-element_type=\"widget\" data-e-type=\"widget\" data-widget_type=\"heading.default\">\n\t\t\t\t<div class=\"elementor-widget-container\">\n\t\t\t\t\t<h2 class=\"elementor-heading-title elementor-size-default\">Meeting rooms<\/h2>\t\t\t\t<\/div>\n\t\t\t\t<\/div>\n\t\t\t\t<div class=\"elementor-element elementor-element-1763146 elementor-widget elementor-widget-text-editor\" data-id=\"1763146\" data-element_type=\"widget\" data-e-type=\"widget\" data-widget_type=\"text-editor.default\">\n\t\t\t\t<div class=\"elementor-widget-container\">\n\t\t\t\t\t\t\t\t\t<p>The shared office space has three bright meeting rooms that all tenants are free to book.<br \/>All rooms are equipped with a large screen with HDMI connection.<\/p>\t\t\t\t\t\t\t\t<\/div>\n\t\t\t\t<\/div>\n\t\t\t\t<\/div>\n\t\t<div class=\"elementor-element elementor-element-792e93a e-con-full e-flex e-con e-child\" data-id=\"792e93a\" data-element_type=\"container\" data-e-type=\"container\">\n\t\t\t\t<div class=\"elementor-element elementor-element-406f4d3 elementor-widget elementor-widget-heading\" data-id=\"406f4d3\" data-element_type=\"widget\" data-e-type=\"widget\" data-widget_type=\"heading.default\">\n\t\t\t\t<div class=\"elementor-widget-container\">\n\t\t\t\t\t<h2 class=\"elementor-heading-title elementor-size-default\">Booking<\/h2>\t\t\t\t<\/div>\n\t\t\t\t<\/div>\n\t\t\t\t<div class=\"elementor-element elementor-element-5227d2d elementor-widget elementor-widget-text-editor\" data-id=\"5227d2d\" data-element_type=\"widget\" data-e-type=\"widget\" data-widget_type=\"text-editor.default\">\n\t\t\t\t<div class=\"elementor-widget-container\">\n\t\t\t\t\t\t\t\t\t<p>Tenants in the shared office space book the meeting rooms themselves in the calendar. Login for booking can be obtained from Helle and Charlotte in KROBI. Always remember to cancel in case of cancellation so that the calendar works for everyone.<\/p>\t\t\t\t\t\t\t\t<\/div>\n\t\t\t\t<\/div>\n\t\t\t\t<div class=\"elementor-element elementor-element-448074e elementor-mobile-align-justify elementor-widget elementor-widget-button\" data-id=\"448074e\" data-element_type=\"widget\" data-e-type=\"widget\" data-widget_type=\"button.default\">\n\t\t\t\t<div class=\"elementor-widget-container\">\n\t\t\t\t\t\t\t\t\t<div class=\"elementor-button-wrapper\">\n\t\t\t\t\t<a class=\"elementor-button elementor-button-link elementor-size-sm\" href=\"https:\/\/koalendar.com\/u\/krobi\" target=\"_blank\">\n\t\t\t\t\t\t<span class=\"elementor-button-content-wrapper\">\n\t\t\t\t\t\t\t\t\t<span class=\"elementor-button-text\">Book meeting rooms here<\/span>\n\t\t\t\t\t<\/span>\n\t\t\t\t\t<\/a>\n\t\t\t\t<\/div>\n\t\t\t\t\t\t\t\t<\/div>\n\t\t\t\t<\/div>\n\t\t\t\t<\/div>\n\t\t\t\t\t<\/div>\n\t\t\t\t<\/div>\n\t\t<div class=\"elementor-element elementor-element-061d9ea e-flex e-con-boxed e-con e-parent\" data-id=\"061d9ea\" data-element_type=\"container\" data-e-type=\"container\" data-settings=\"{&quot;background_background&quot;:&quot;classic&quot;}\">\n\t\t\t\t\t<div class=\"e-con-inner\">\n\t\t<div class=\"elementor-element elementor-element-1c226d9 e-con-full e-flex e-con e-child\" data-id=\"1c226d9\" data-element_type=\"container\" data-e-type=\"container\">\n\t\t<div class=\"elementor-element elementor-element-3bbbbc2 e-grid e-con-full e-con e-child\" data-id=\"3bbbbc2\" data-element_type=\"container\" data-e-type=\"container\">\n\t\t<div class=\"elementor-element elementor-element-fcabadd e-con-full e-flex e-con e-child\" data-id=\"fcabadd\" data-element_type=\"container\" data-e-type=\"container\">\n\t\t\t\t<div class=\"elementor-element elementor-element-375d7b1 elementor-arrows-position-inside elementor-pagination-position-outside elementor-widget elementor-widget-image-carousel\" data-id=\"375d7b1\" data-element_type=\"widget\" data-e-type=\"widget\" data-settings=\"{&quot;slides_to_show&quot;:&quot;1&quot;,&quot;speed&quot;:1200,&quot;navigation&quot;:&quot;both&quot;,&quot;autoplay&quot;:&quot;yes&quot;,&quot;pause_on_hover&quot;:&quot;yes&quot;,&quot;pause_on_interaction&quot;:&quot;yes&quot;,&quot;autoplay_speed&quot;:5000,&quot;infinite&quot;:&quot;yes&quot;,&quot;effect&quot;:&quot;slide&quot;}\" data-widget_type=\"image-carousel.default\">\n\t\t\t\t<div class=\"elementor-widget-container\">\n\t\t\t\t\t\t\t<div class=\"elementor-image-carousel-wrapper swiper\" role=\"region\" aria-roledescription=\"carousel\" aria-label=\"Image carousel\" dir=\"ltr\">\n\t\t\t<div class=\"elementor-image-carousel swiper-wrapper\" aria-live=\"off\">\n\t\t\t\t\t\t\t\t<div class=\"swiper-slide\" role=\"group\" aria-roledescription=\"slide\" aria-label=\"1 of 1\"><figure class=\"swiper-slide-inner\"><img decoding=\"async\" class=\"swiper-slide-image\" src=\"https:\/\/krobi.dk\/wp-content\/uploads\/elementor\/thumbs\/Kontor3-1-scaled-rafckbzcq3gza8eu1yo4cspv01iyu3g2cnq7nns876.jpg\" alt=\"Office3 (1)\" \/><\/figure><\/div>\t\t\t<\/div>\n\t\t\t\t\t<\/div>\n\t\t\t\t\t\t<\/div>\n\t\t\t\t<\/div>\n\t\t<div class=\"elementor-element elementor-element-49802cd e-con-full e-flex e-con e-child\" data-id=\"49802cd\" data-element_type=\"container\" data-e-type=\"container\">\n\t\t\t\t<div class=\"elementor-element elementor-element-0f578ff elementor-widget elementor-widget-heading\" data-id=\"0f578ff\" data-element_type=\"widget\" data-e-type=\"widget\" data-widget_type=\"heading.default\">\n\t\t\t\t<div class=\"elementor-widget-container\">\n\t\t\t\t\t<h3 class=\"elementor-heading-title elementor-size-default\">Meeting room 1<\/h3>\t\t\t\t<\/div>\n\t\t\t\t<\/div>\n\t\t\t\t<div class=\"elementor-element elementor-element-934d54b elementor-widget elementor-widget-text-editor\" data-id=\"934d54b\" data-element_type=\"widget\" data-e-type=\"widget\" data-widget_type=\"text-editor.default\">\n\t\t\t\t<div class=\"elementor-widget-container\">\n\t\t\t\t\t\t\t\t\t<p>Number: 8 people<\/p>\t\t\t\t\t\t\t\t<\/div>\n\t\t\t\t<\/div>\n\t\t\t\t<\/div>\n\t\t\t\t<\/div>\n\t\t<div class=\"elementor-element elementor-element-ced4ecc e-con-full e-flex e-con e-child\" data-id=\"ced4ecc\" data-element_type=\"container\" data-e-type=\"container\">\n\t\t\t\t<div class=\"elementor-element elementor-element-da1b385 elementor-arrows-position-inside elementor-pagination-position-outside elementor-widget elementor-widget-image-carousel\" data-id=\"da1b385\" data-element_type=\"widget\" data-e-type=\"widget\" data-settings=\"{&quot;slides_to_show&quot;:&quot;1&quot;,&quot;speed&quot;:1200,&quot;navigation&quot;:&quot;both&quot;,&quot;autoplay&quot;:&quot;yes&quot;,&quot;pause_on_hover&quot;:&quot;yes&quot;,&quot;pause_on_interaction&quot;:&quot;yes&quot;,&quot;autoplay_speed&quot;:5000,&quot;infinite&quot;:&quot;yes&quot;,&quot;effect&quot;:&quot;slide&quot;}\" data-widget_type=\"image-carousel.default\">\n\t\t\t\t<div class=\"elementor-widget-container\">\n\t\t\t\t\t\t\t<div class=\"elementor-image-carousel-wrapper swiper\" role=\"region\" aria-roledescription=\"carousel\" aria-label=\"Image carousel\" dir=\"ltr\">\n\t\t\t<div class=\"elementor-image-carousel swiper-wrapper\" aria-live=\"off\">\n\t\t\t\t\t\t\t\t<div class=\"swiper-slide\" role=\"group\" aria-roledescription=\"slide\" aria-label=\"1 of 1\"><figure class=\"swiper-slide-inner\"><img decoding=\"async\" class=\"swiper-slide-image\" src=\"https:\/\/krobi.dk\/wp-content\/uploads\/elementor\/thumbs\/Moede2-rfzq8jws9wjkg8z0vuqrqvc71hmm38k51t4yptjgjm.jpg\" alt=\"Meeting2\" \/><\/figure><\/div>\t\t\t<\/div>\n\t\t\t\t\t<\/div>\n\t\t\t\t\t\t<\/div>\n\t\t\t\t<\/div>\n\t\t<div class=\"elementor-element elementor-element-5cf7069 e-con-full e-flex e-con e-child\" data-id=\"5cf7069\" data-element_type=\"container\" data-e-type=\"container\">\n\t\t\t\t<div class=\"elementor-element elementor-element-2a339d5 elementor-widget elementor-widget-heading\" data-id=\"2a339d5\" data-element_type=\"widget\" data-e-type=\"widget\" data-widget_type=\"heading.default\">\n\t\t\t\t<div class=\"elementor-widget-container\">\n\t\t\t\t\t<h3 class=\"elementor-heading-title elementor-size-default\">Meeting room 2<\/h3>\t\t\t\t<\/div>\n\t\t\t\t<\/div>\n\t\t\t\t<div class=\"elementor-element elementor-element-6e0cdbf elementor-widget elementor-widget-text-editor\" data-id=\"6e0cdbf\" data-element_type=\"widget\" data-e-type=\"widget\" data-widget_type=\"text-editor.default\">\n\t\t\t\t<div class=\"elementor-widget-container\">\n\t\t\t\t\t\t\t\t\t<p>Number: 16 people<\/p>\t\t\t\t\t\t\t\t<\/div>\n\t\t\t\t<\/div>\n\t\t\t\t<\/div>\n\t\t\t\t<\/div>\n\t\t<div class=\"elementor-element elementor-element-bf42a4a e-con-full e-flex e-con e-child\" data-id=\"bf42a4a\" data-element_type=\"container\" data-e-type=\"container\">\n\t\t\t\t<div class=\"elementor-element elementor-element-1a650a0 elementor-arrows-position-inside elementor-pagination-position-outside elementor-widget elementor-widget-image-carousel\" data-id=\"1a650a0\" data-element_type=\"widget\" data-e-type=\"widget\" data-settings=\"{&quot;slides_to_show&quot;:&quot;1&quot;,&quot;speed&quot;:1200,&quot;navigation&quot;:&quot;both&quot;,&quot;autoplay&quot;:&quot;yes&quot;,&quot;pause_on_hover&quot;:&quot;yes&quot;,&quot;pause_on_interaction&quot;:&quot;yes&quot;,&quot;autoplay_speed&quot;:5000,&quot;infinite&quot;:&quot;yes&quot;,&quot;effect&quot;:&quot;slide&quot;}\" data-widget_type=\"image-carousel.default\">\n\t\t\t\t<div class=\"elementor-widget-container\">\n\t\t\t\t\t\t\t<div class=\"elementor-image-carousel-wrapper swiper\" role=\"region\" aria-roledescription=\"carousel\" aria-label=\"Image carousel\" dir=\"ltr\">\n\t\t\t<div class=\"elementor-image-carousel swiper-wrapper\" aria-live=\"off\">\n\t\t\t\t\t\t\t\t<div class=\"swiper-slide\" role=\"group\" aria-roledescription=\"slide\" aria-label=\"1 of 1\"><figure class=\"swiper-slide-inner\"><img decoding=\"async\" class=\"swiper-slide-image\" src=\"https:\/\/krobi.dk\/wp-content\/uploads\/elementor\/thumbs\/Moede3-rfzq8ce2r899vd9y3rhr6x8iaenodnqacrx2vlulxe.jpg\" alt=\"Meeting3\" \/><\/figure><\/div>\t\t\t<\/div>\n\t\t\t\t\t<\/div>\n\t\t\t\t\t\t<\/div>\n\t\t\t\t<\/div>\n\t\t<div class=\"elementor-element elementor-element-9f10a27 e-con-full e-flex e-con e-child\" data-id=\"9f10a27\" data-element_type=\"container\" data-e-type=\"container\">\n\t\t\t\t<div class=\"elementor-element elementor-element-1f41733 elementor-widget elementor-widget-heading\" data-id=\"1f41733\" data-element_type=\"widget\" data-e-type=\"widget\" data-widget_type=\"heading.default\">\n\t\t\t\t<div class=\"elementor-widget-container\">\n\t\t\t\t\t<h3 class=\"elementor-heading-title elementor-size-default\">Meeting room 3<\/h3>\t\t\t\t<\/div>\n\t\t\t\t<\/div>\n\t\t\t\t<div class=\"elementor-element elementor-element-2cbf235 elementor-widget elementor-widget-text-editor\" data-id=\"2cbf235\" data-element_type=\"widget\" data-e-type=\"widget\" data-widget_type=\"text-editor.default\">\n\t\t\t\t<div class=\"elementor-widget-container\">\n\t\t\t\t\t\t\t\t\t<p>Number: 4 people<\/p>\t\t\t\t\t\t\t\t<\/div>\n\t\t\t\t<\/div>\n\t\t\t\t<\/div>\n\t\t\t\t<\/div>\n\t\t\t\t<\/div>\n\t\t\t\t<\/div>\n\t\t\t\t\t<\/div>\n\t\t\t\t<\/div>\n\t\t\t\t<\/div>","protected":false},"excerpt":{"rendered":"<p>M\u00f8delokaler Kontorf\u00e6llesskabet har tre lyse m\u00f8delokaler, som alle lejere frit kan booke.Alle lokaler er udstyret med storsk\u00e6rm med HDMI-tilslutning. Booking Lejere i Kontorf\u00e6llesskabet booker selv m\u00f8delokalerne i kalenderen. Login til booking udleveres ved Helle og Charlotte i KROBI. Husk altid at annullere ved aflysning, s\u00e5 kalenderen fungerer for alle. Book m\u00f8delokaler her M\u00f8delokale 1 Antal: [&hellip;]<\/p>\n","protected":false},"author":1,"featured_media":0,"parent":0,"menu_order":0,"comment_status":"closed","ping_status":"closed","template":"","meta":{"_acf_changed":false,"footnotes":""},"class_list":["post-3223","page","type-page","status-publish","hentry"],"acf":[],"yoast_head":"<!-- This site is optimized with the Yoast SEO plugin v27.4 - https:\/\/yoast.com\/product\/yoast-seo-wordpress\/ -->\n<title>M\u00f8delokaler - KROBI<\/title>\n<meta name=\"robots\" content=\"index, follow, max-snippet:-1, max-image-preview:large, max-video-preview:-1\" \/>\n<link rel=\"canonical\" href=\"https:\/\/krobi.dk\/en\/fashion-rooms\/\" \/>\n<meta property=\"og:locale\" content=\"en_GB\" \/>\n<meta property=\"og:type\" content=\"article\" \/>\n<meta property=\"og:title\" content=\"M\u00f8delokaler - KROBI\" \/>\n<meta property=\"og:description\" content=\"M\u00f8delokaler Kontorf\u00e6llesskabet har tre lyse m\u00f8delokaler, som alle lejere frit kan booke.Alle lokaler er udstyret med storsk\u00e6rm med HDMI-tilslutning. Booking Lejere i Kontorf\u00e6llesskabet booker selv m\u00f8delokalerne i kalenderen. Login til booking udleveres ved Helle og Charlotte i KROBI. Husk altid at annullere ved aflysning, s\u00e5 kalenderen fungerer for alle. Book m\u00f8delokaler her M\u00f8delokale 1 Antal: [&hellip;]\" \/>\n<meta property=\"og:url\" content=\"https:\/\/krobi.dk\/en\/fashion-rooms\/\" \/>\n<meta property=\"og:site_name\" content=\"KROBI\" \/>\n<meta property=\"article:modified_time\" content=\"2025-12-11T09:06:10+00:00\" \/>\n<meta property=\"og:image\" content=\"https:\/\/krobi.dk\/wp-content\/uploads\/elementor\/thumbs\/Kontor3-1-scaled-rafckbzcq3gza8eu1yo4cspv01iyu3g2cnq7nns876.jpg\" \/>\n<meta name=\"twitter:card\" content=\"summary_large_image\" \/>\n<meta name=\"twitter:label1\" content=\"Estimated reading time\" \/>\n\t<meta name=\"twitter:data1\" content=\"1 minute\" \/>\n<script type=\"application\/ld+json\" class=\"yoast-schema-graph\">{\"@context\":\"https:\\\/\\\/schema.org\",\"@graph\":[{\"@type\":\"WebPage\",\"@id\":\"https:\\\/\\\/krobi.dk\\\/moedelokaler\\\/\",\"url\":\"https:\\\/\\\/krobi.dk\\\/moedelokaler\\\/\",\"name\":\"M\u00f8delokaler - KROBI\",\"isPartOf\":{\"@id\":\"https:\\\/\\\/krobi.dk\\\/#website\"},\"primaryImageOfPage\":{\"@id\":\"https:\\\/\\\/krobi.dk\\\/moedelokaler\\\/#primaryimage\"},\"image\":{\"@id\":\"https:\\\/\\\/krobi.dk\\\/moedelokaler\\\/#primaryimage\"},\"thumbnailUrl\":\"https:\\\/\\\/krobi.dk\\\/wp-content\\\/uploads\\\/elementor\\\/thumbs\\\/Kontor3-1-scaled-rafckbzcq3gza8eu1yo4cspv01iyu3g2cnq7nns876.jpg\",\"datePublished\":\"2025-11-05T12:13:45+00:00\",\"dateModified\":\"2025-12-11T09:06:10+00:00\",\"inLanguage\":\"en-GB\",\"potentialAction\":[{\"@type\":\"ReadAction\",\"target\":[\"https:\\\/\\\/krobi.dk\\\/moedelokaler\\\/\"]}]},{\"@type\":\"ImageObject\",\"inLanguage\":\"en-GB\",\"@id\":\"https:\\\/\\\/krobi.dk\\\/moedelokaler\\\/#primaryimage\",\"url\":\"https:\\\/\\\/krobi.dk\\\/wp-content\\\/uploads\\\/elementor\\\/thumbs\\\/Kontor3-1-scaled-rafckbzcq3gza8eu1yo4cspv01iyu3g2cnq7nns876.jpg\",\"contentUrl\":\"https:\\\/\\\/krobi.dk\\\/wp-content\\\/uploads\\\/elementor\\\/thumbs\\\/Kontor3-1-scaled-rafckbzcq3gza8eu1yo4cspv01iyu3g2cnq7nns876.jpg\"},{\"@type\":\"WebSite\",\"@id\":\"https:\\\/\\\/krobi.dk\\\/#website\",\"url\":\"https:\\\/\\\/krobi.dk\\\/\",\"name\":\"KROBI\",\"description\":\"\",\"publisher\":{\"@id\":\"https:\\\/\\\/krobi.dk\\\/#organization\"},\"potentialAction\":[{\"@type\":\"SearchAction\",\"target\":{\"@type\":\"EntryPoint\",\"urlTemplate\":\"https:\\\/\\\/krobi.dk\\\/?s={search_term_string}\"},\"query-input\":{\"@type\":\"PropertyValueSpecification\",\"valueRequired\":true,\"valueName\":\"search_term_string\"}}],\"inLanguage\":\"en-GB\"},{\"@type\":\"Organization\",\"@id\":\"https:\\\/\\\/krobi.dk\\\/#organization\",\"name\":\"KROBI\",\"url\":\"https:\\\/\\\/krobi.dk\\\/\",\"logo\":{\"@type\":\"ImageObject\",\"inLanguage\":\"en-GB\",\"@id\":\"https:\\\/\\\/krobi.dk\\\/#\\\/schema\\\/logo\\\/image\\\/\",\"url\":\"https:\\\/\\\/krobi.dk\\\/wp-content\\\/uploads\\\/logo.png\",\"contentUrl\":\"https:\\\/\\\/krobi.dk\\\/wp-content\\\/uploads\\\/logo.png\",\"width\":1200,\"height\":370,\"caption\":\"KROBI\"},\"image\":{\"@id\":\"https:\\\/\\\/krobi.dk\\\/#\\\/schema\\\/logo\\\/image\\\/\"}}]}<\/script>\n<!-- \/ Yoast SEO plugin. -->","yoast_head_json":{"title":"Meeting rooms - KROBI","robots":{"index":"index","follow":"follow","max-snippet":"max-snippet:-1","max-image-preview":"max-image-preview:large","max-video-preview":"max-video-preview:-1"},"canonical":"https:\/\/krobi.dk\/en\/fashion-rooms\/","og_locale":"en_GB","og_type":"article","og_title":"M\u00f8delokaler - KROBI","og_description":"M\u00f8delokaler Kontorf\u00e6llesskabet har tre lyse m\u00f8delokaler, som alle lejere frit kan booke.Alle lokaler er udstyret med storsk\u00e6rm med HDMI-tilslutning. Booking Lejere i Kontorf\u00e6llesskabet booker selv m\u00f8delokalerne i kalenderen. Login til booking udleveres ved Helle og Charlotte i KROBI. Husk altid at annullere ved aflysning, s\u00e5 kalenderen fungerer for alle. Book m\u00f8delokaler her M\u00f8delokale 1 Antal: [&hellip;]","og_url":"https:\/\/krobi.dk\/en\/fashion-rooms\/","og_site_name":"KROBI","article_modified_time":"2025-12-11T09:06:10+00:00","og_image":[{"url":"https:\/\/krobi.dk\/wp-content\/uploads\/elementor\/thumbs\/Kontor3-1-scaled-rafckbzcq3gza8eu1yo4cspv01iyu3g2cnq7nns876.jpg","type":"","width":"","height":""}],"twitter_card":"summary_large_image","twitter_misc":{"Estimated reading time":"1 minute"},"schema":{"@context":"https:\/\/schema.org","@graph":[{"@type":"WebPage","@id":"https:\/\/krobi.dk\/moedelokaler\/","url":"https:\/\/krobi.dk\/moedelokaler\/","name":"Meeting rooms - KROBI","isPartOf":{"@id":"https:\/\/krobi.dk\/#website"},"primaryImageOfPage":{"@id":"https:\/\/krobi.dk\/moedelokaler\/#primaryimage"},"image":{"@id":"https:\/\/krobi.dk\/moedelokaler\/#primaryimage"},"thumbnailUrl":"https:\/\/krobi.dk\/wp-content\/uploads\/elementor\/thumbs\/Kontor3-1-scaled-rafckbzcq3gza8eu1yo4cspv01iyu3g2cnq7nns876.jpg","datePublished":"2025-11-05T12:13:45+00:00","dateModified":"2025-12-11T09:06:10+00:00","inLanguage":"en-GB","potentialAction":[{"@type":"ReadAction","target":["https:\/\/krobi.dk\/moedelokaler\/"]}]},{"@type":"ImageObject","inLanguage":"en-GB","@id":"https:\/\/krobi.dk\/moedelokaler\/#primaryimage","url":"https:\/\/krobi.dk\/wp-content\/uploads\/elementor\/thumbs\/Kontor3-1-scaled-rafckbzcq3gza8eu1yo4cspv01iyu3g2cnq7nns876.jpg","contentUrl":"https:\/\/krobi.dk\/wp-content\/uploads\/elementor\/thumbs\/Kontor3-1-scaled-rafckbzcq3gza8eu1yo4cspv01iyu3g2cnq7nns876.jpg"},{"@type":"WebSite","@id":"https:\/\/krobi.dk\/#website","url":"https:\/\/krobi.dk\/","name":"KROBI","description":"","publisher":{"@id":"https:\/\/krobi.dk\/#organization"},"potentialAction":[{"@type":"SearchAction","target":{"@type":"EntryPoint","urlTemplate":"https:\/\/krobi.dk\/?s={search_term_string}"},"query-input":{"@type":"PropertyValueSpecification","valueRequired":true,"valueName":"search_term_string"}}],"inLanguage":"en-GB"},{"@type":"Organization","@id":"https:\/\/krobi.dk\/#organization","name":"KROBI","url":"https:\/\/krobi.dk\/","logo":{"@type":"ImageObject","inLanguage":"en-GB","@id":"https:\/\/krobi.dk\/#\/schema\/logo\/image\/","url":"https:\/\/krobi.dk\/wp-content\/uploads\/logo.png","contentUrl":"https:\/\/krobi.dk\/wp-content\/uploads\/logo.png","width":1200,"height":370,"caption":"KROBI"},"image":{"@id":"https:\/\/krobi.dk\/#\/schema\/logo\/image\/"}}]}},"_links":{"self":[{"href":"https:\/\/krobi.dk\/en\/wp-json\/wp\/v2\/pages\/3223","targetHints":{"allow":["GET"]}}],"collection":[{"href":"https:\/\/krobi.dk\/en\/wp-json\/wp\/v2\/pages"}],"about":[{"href":"https:\/\/krobi.dk\/en\/wp-json\/wp\/v2\/types\/page"}],"author":[{"embeddable":true,"href":"https:\/\/krobi.dk\/en\/wp-json\/wp\/v2\/users\/1"}],"replies":[{"embeddable":true,"href":"https:\/\/krobi.dk\/en\/wp-json\/wp\/v2\/comments?post=3223"}],"version-history":[{"count":6,"href":"https:\/\/krobi.dk\/en\/wp-json\/wp\/v2\/pages\/3223\/revisions"}],"predecessor-version":[{"id":3373,"href":"https:\/\/krobi.dk\/en\/wp-json\/wp\/v2\/pages\/3223\/revisions\/3373"}],"wp:attachment":[{"href":"https:\/\/krobi.dk\/en\/wp-json\/wp\/v2\/media?parent=3223"}],"curies":[{"name":"wp","href":"https:\/\/api.w.org\/{rel}","templated":true}]}}