{"id":1612,"date":"2025-06-11T15:20:45","date_gmt":"2025-06-11T13:20:45","guid":{"rendered":"https:\/\/krobi.dk\/?page_id=1612"},"modified":"2025-06-12T15:16:09","modified_gmt":"2025-06-12T13:16:09","slug":"personal-data","status":"publish","type":"page","link":"https:\/\/krobi.dk\/en\/persondata\/","title":{"rendered":"Personal data"},"content":{"rendered":"<div data-elementor-type=\"wp-page\" data-elementor-id=\"1612\" class=\"elementor elementor-1612\" data-elementor-post-type=\"page\">\n\t\t\t\t<div class=\"elementor-element elementor-element-50663ee e-flex e-con-boxed e-con e-parent\" data-id=\"50663ee\" data-element_type=\"container\" data-e-type=\"container\" data-settings=\"{&quot;background_background&quot;:&quot;classic&quot;}\">\n\t\t\t\t\t<div class=\"e-con-inner\">\n\t\t<div class=\"elementor-element elementor-element-86964c4 e-con-full e-flex e-con e-child\" data-id=\"86964c4\" data-element_type=\"container\" data-e-type=\"container\">\n\t\t\t\t<div class=\"elementor-element elementor-element-5c35cca elementor-widget elementor-widget-heading\" data-id=\"5c35cca\" data-element_type=\"widget\" data-e-type=\"widget\" data-widget_type=\"heading.default\">\n\t\t\t\t<div class=\"elementor-widget-container\">\n\t\t\t\t\t<h3 class=\"elementor-heading-title elementor-size-default\">In general<\/h3>\t\t\t\t<\/div>\n\t\t\t\t<\/div>\n\t\t\t\t<div class=\"elementor-element elementor-element-dad68c2 elementor-widget elementor-widget-text-editor\" data-id=\"dad68c2\" data-element_type=\"widget\" data-e-type=\"widget\" data-widget_type=\"text-editor.default\">\n\t\t\t\t<div class=\"elementor-widget-container\">\n\t\t\t\t\t\t\t\t\t<p>At KROBI we are committed to protecting your personal data and we respect your privacy when you contact us via online form or by phone as well as when you enter into a rental contract with us.<\/p><p>When you contact KROBI to apply for a tenancy, you will be asked to provide information:<\/p><ul><li>Name<\/li><li>Address<\/li><li>Phone number<\/li><li>Email address.<\/li><\/ul>\t\t\t\t\t\t\t\t<\/div>\n\t\t\t\t<\/div>\n\t\t\t\t<div class=\"elementor-element elementor-element-712f54d elementor-widget elementor-widget-text-editor\" data-id=\"712f54d\" data-element_type=\"widget\" data-e-type=\"widget\" data-widget_type=\"text-editor.default\">\n\t\t\t\t<div class=\"elementor-widget-container\">\n\t\t\t\t\t\t\t\t\t<p>In connection with the contact, you consent to KROBI and KROBI's employees processing the information in connection with the processing of your enquiry.<br \/>When entering into a rental agreement with KROBI, we comply with applicable legislation and requirements regarding identification and legitimisation of tenants. KROBI must have identification in the form of:<\/p><ul><li>Name<\/li><li>Address<\/li><li>CPR number<\/li><li>Copy of passport, driving licence or health insurance card<\/li><\/ul>\t\t\t\t\t\t\t\t<\/div>\n\t\t\t\t<\/div>\n\t\t\t\t<div class=\"elementor-element elementor-element-0ed7e14 elementor-widget elementor-widget-text-editor\" data-id=\"0ed7e14\" data-element_type=\"widget\" data-e-type=\"widget\" data-widget_type=\"text-editor.default\">\n\t\t\t\t<div class=\"elementor-widget-container\">\n\t\t\t\t\t\t\t\t\t<p>Disclosure of information KROBI does not disclose personal data to third parties.<\/p>\t\t\t\t\t\t\t\t<\/div>\n\t\t\t\t<\/div>\n\t\t\t\t<\/div>\n\t\t<div class=\"elementor-element elementor-element-38e60c5 e-con-full e-flex e-con e-child\" data-id=\"38e60c5\" data-element_type=\"container\" data-e-type=\"container\">\n\t\t\t\t<div class=\"elementor-element elementor-element-9d29be9 elementor-widget elementor-widget-heading\" data-id=\"9d29be9\" data-element_type=\"widget\" data-e-type=\"widget\" data-widget_type=\"heading.default\">\n\t\t\t\t<div class=\"elementor-widget-container\">\n\t\t\t\t\t<h3 class=\"elementor-heading-title elementor-size-default\">Safety and security<\/h3>\t\t\t\t<\/div>\n\t\t\t\t<\/div>\n\t\t\t\t<div class=\"elementor-element elementor-element-bc6fd2d elementor-widget elementor-widget-text-editor\" data-id=\"bc6fd2d\" data-element_type=\"widget\" data-e-type=\"widget\" data-widget_type=\"text-editor.default\">\n\t\t\t\t<div class=\"elementor-widget-container\">\n\t\t\t\t\t\t\t\t\tPersonal data is stored on firewall protected servers and is protected against unauthorised access and knowledge.\nStorage period\nKROBI does not store personal data for enquiries unless otherwise agreed - e.g. if the contact person wishes to be registered on a waiting list for a tenancy.\nAccording to KROBI ejendomme must store documentation about tenants for at least 5 years after the end of the tenancy. KROBI ejendomme stores tenant documentation for 5 years in UNIK, after which the tenants' personal data is deleted.\n\t\t\t\t\t\t\t\t<\/div>\n\t\t\t\t<\/div>\n\t\t\t\t<\/div>\n\t\t<div class=\"elementor-element elementor-element-efb12fa e-con-full e-flex e-con e-child\" data-id=\"efb12fa\" data-element_type=\"container\" data-e-type=\"container\">\n\t\t\t\t<div class=\"elementor-element elementor-element-5494a61 elementor-widget elementor-widget-heading\" data-id=\"5494a61\" data-element_type=\"widget\" data-e-type=\"widget\" data-widget_type=\"heading.default\">\n\t\t\t\t<div class=\"elementor-widget-container\">\n\t\t\t\t\t<h3 class=\"elementor-heading-title elementor-size-default\">Viewed and deleted<\/h3>\t\t\t\t<\/div>\n\t\t\t\t<\/div>\n\t\t\t\t<div class=\"elementor-element elementor-element-77dc299 elementor-widget elementor-widget-text-editor\" data-id=\"77dc299\" data-element_type=\"widget\" data-e-type=\"widget\" data-widget_type=\"text-editor.default\">\n\t\t\t\t<div class=\"elementor-widget-container\">\n\t\t\t\t\t\t\t\t\t<p>Under the rules of the Personal Data Act, you have the right to access the personal data we have registered. You also have the right to have your personal data changed, and you can revoke your consent for us to process your personal data. You can demand access to your personal data, changes or withdraw your consent by contacting us: <span style=\"text-decoration: underline;\"><a href=\"mailto:krobi@krobi.dk\">krobi@krobi.dk<\/a><\/span>.<\/p><p>If you want to complain about our processing of your personal data, you can contact the Danish Data Protection Agency.<\/p><p>Under the rules of the Personal Data Act, you have the right to access the personal data we have registered.<\/p>\t\t\t\t\t\t\t\t<\/div>\n\t\t\t\t<\/div>\n\t\t\t\t<\/div>\n\t\t<div class=\"elementor-element elementor-element-cd24ab3 e-con-full e-flex e-con e-child\" data-id=\"cd24ab3\" data-element_type=\"container\" data-e-type=\"container\">\n\t\t\t\t<div class=\"elementor-element elementor-element-3ba2c2f elementor-widget elementor-widget-heading\" data-id=\"3ba2c2f\" data-element_type=\"widget\" data-e-type=\"widget\" data-widget_type=\"heading.default\">\n\t\t\t\t<div class=\"elementor-widget-container\">\n\t\t\t\t\t<h3 class=\"elementor-heading-title elementor-size-default\">Cookies<\/h3>\t\t\t\t<\/div>\n\t\t\t\t<\/div>\n\t\t\t\t<div class=\"elementor-element elementor-element-0c5b15f elementor-widget elementor-widget-text-editor\" data-id=\"0c5b15f\" data-element_type=\"widget\" data-e-type=\"widget\" data-widget_type=\"text-editor.default\">\n\t\t\t\t<div class=\"elementor-widget-container\">\n\t\t\t\t\t\t\t\t\t<p>When you visit our website, the website places a small piece of information - a so-called cookie - on your computer, mobile or similar device for the purpose of recognising your device and its settings so that we can adapt and improve the content of our website, target our web ads and create web statistics. Cookies are a commonly used standard on the internet and cookies cannot transmit viruses.<\/p><p>KROBI uses information about cookies for Google Analytics, Facebook and LinkedIn in connection with the targeting of our online advertising.<\/p><p>In most browsers you can both delete and control the management of cookies, see instructions here: <span style=\"text-decoration: underline;\"><a href=\"http:\/\/www.minecookies.org\/cookiehandtering\" target=\"_blank\" rel=\"noopener\">www.minecookies.org\/cookiehandtering<\/a><\/span><\/p>\t\t\t\t\t\t\t\t<\/div>\n\t\t\t\t<\/div>\n\t\t\t\t<\/div>\n\t\t\t\t\t<\/div>\n\t\t\t\t<\/div>\n\t\t\t\t<\/div>","protected":false},"excerpt":{"rendered":"<p>Generelt Hos KROBI er vi forpligtet til at beskytte dine persondata og vi respekterer din personlige integritet, n\u00e5r du kontakter os via onlineformular eller telefonisk s\u00e5vel som n\u00e5r du indg\u00e5r lejekontrakt med os. N\u00e5r du kontakter KROBI med henblik p\u00e5 at s\u00f8ge lejem\u00e5l bliver du bedt om at oplyse: Navn Adresse Telefonnummer E-mailadresse. I forbindelse [&hellip;]<\/p>\n","protected":false},"author":1,"featured_media":0,"parent":0,"menu_order":0,"comment_status":"closed","ping_status":"closed","template":"","meta":{"_acf_changed":false,"footnotes":""},"class_list":["post-1612","page","type-page","status-publish","hentry"],"acf":[],"yoast_head":"<!-- This site is optimized with the Yoast SEO plugin v27.4 - https:\/\/yoast.com\/product\/yoast-seo-wordpress\/ -->\n<title>Persondata - KROBI<\/title>\n<meta name=\"robots\" content=\"index, follow, max-snippet:-1, max-image-preview:large, max-video-preview:-1\" \/>\n<link rel=\"canonical\" href=\"https:\/\/krobi.dk\/en\/personal-data\/\" \/>\n<meta property=\"og:locale\" content=\"en_GB\" \/>\n<meta property=\"og:type\" content=\"article\" \/>\n<meta property=\"og:title\" content=\"Persondata - KROBI\" \/>\n<meta property=\"og:description\" content=\"Generelt Hos KROBI er vi forpligtet til at beskytte dine persondata og vi respekterer din personlige integritet, n\u00e5r du kontakter os via onlineformular eller telefonisk s\u00e5vel som n\u00e5r du indg\u00e5r lejekontrakt med os. N\u00e5r du kontakter KROBI med henblik p\u00e5 at s\u00f8ge lejem\u00e5l bliver du bedt om at oplyse: Navn Adresse Telefonnummer E-mailadresse. I forbindelse [&hellip;]\" \/>\n<meta property=\"og:url\" content=\"https:\/\/krobi.dk\/en\/personal-data\/\" \/>\n<meta property=\"og:site_name\" content=\"KROBI\" \/>\n<meta property=\"article:modified_time\" content=\"2025-06-12T13:16:09+00:00\" \/>\n<meta name=\"twitter:card\" content=\"summary_large_image\" \/>\n<meta name=\"twitter:label1\" content=\"Estimated reading time\" \/>\n\t<meta name=\"twitter:data1\" content=\"3 minutes\" \/>\n<script type=\"application\/ld+json\" class=\"yoast-schema-graph\">{\"@context\":\"https:\\\/\\\/schema.org\",\"@graph\":[{\"@type\":\"WebPage\",\"@id\":\"https:\\\/\\\/krobi.dk\\\/persondata\\\/\",\"url\":\"https:\\\/\\\/krobi.dk\\\/persondata\\\/\",\"name\":\"Persondata - KROBI\",\"isPartOf\":{\"@id\":\"https:\\\/\\\/krobi.dk\\\/#website\"},\"datePublished\":\"2025-06-11T13:20:45+00:00\",\"dateModified\":\"2025-06-12T13:16:09+00:00\",\"inLanguage\":\"en-GB\",\"potentialAction\":[{\"@type\":\"ReadAction\",\"target\":[\"https:\\\/\\\/krobi.dk\\\/persondata\\\/\"]}]},{\"@type\":\"WebSite\",\"@id\":\"https:\\\/\\\/krobi.dk\\\/#website\",\"url\":\"https:\\\/\\\/krobi.dk\\\/\",\"name\":\"KROBI\",\"description\":\"\",\"publisher\":{\"@id\":\"https:\\\/\\\/krobi.dk\\\/#organization\"},\"potentialAction\":[{\"@type\":\"SearchAction\",\"target\":{\"@type\":\"EntryPoint\",\"urlTemplate\":\"https:\\\/\\\/krobi.dk\\\/?s={search_term_string}\"},\"query-input\":{\"@type\":\"PropertyValueSpecification\",\"valueRequired\":true,\"valueName\":\"search_term_string\"}}],\"inLanguage\":\"en-GB\"},{\"@type\":\"Organization\",\"@id\":\"https:\\\/\\\/krobi.dk\\\/#organization\",\"name\":\"KROBI\",\"url\":\"https:\\\/\\\/krobi.dk\\\/\",\"logo\":{\"@type\":\"ImageObject\",\"inLanguage\":\"en-GB\",\"@id\":\"https:\\\/\\\/krobi.dk\\\/#\\\/schema\\\/logo\\\/image\\\/\",\"url\":\"https:\\\/\\\/krobi.dk\\\/wp-content\\\/uploads\\\/logo.png\",\"contentUrl\":\"https:\\\/\\\/krobi.dk\\\/wp-content\\\/uploads\\\/logo.png\",\"width\":1200,\"height\":370,\"caption\":\"KROBI\"},\"image\":{\"@id\":\"https:\\\/\\\/krobi.dk\\\/#\\\/schema\\\/logo\\\/image\\\/\"}}]}<\/script>\n<!-- \/ Yoast SEO plugin. -->","yoast_head_json":{"title":"Personal data - KROBI","robots":{"index":"index","follow":"follow","max-snippet":"max-snippet:-1","max-image-preview":"max-image-preview:large","max-video-preview":"max-video-preview:-1"},"canonical":"https:\/\/krobi.dk\/en\/personal-data\/","og_locale":"en_GB","og_type":"article","og_title":"Persondata - KROBI","og_description":"Generelt Hos KROBI er vi forpligtet til at beskytte dine persondata og vi respekterer din personlige integritet, n\u00e5r du kontakter os via onlineformular eller telefonisk s\u00e5vel som n\u00e5r du indg\u00e5r lejekontrakt med os. N\u00e5r du kontakter KROBI med henblik p\u00e5 at s\u00f8ge lejem\u00e5l bliver du bedt om at oplyse: Navn Adresse Telefonnummer E-mailadresse. I forbindelse [&hellip;]","og_url":"https:\/\/krobi.dk\/en\/personal-data\/","og_site_name":"KROBI","article_modified_time":"2025-06-12T13:16:09+00:00","twitter_card":"summary_large_image","twitter_misc":{"Estimated reading time":"3 minutes"},"schema":{"@context":"https:\/\/schema.org","@graph":[{"@type":"WebPage","@id":"https:\/\/krobi.dk\/persondata\/","url":"https:\/\/krobi.dk\/persondata\/","name":"Personal data - KROBI","isPartOf":{"@id":"https:\/\/krobi.dk\/#website"},"datePublished":"2025-06-11T13:20:45+00:00","dateModified":"2025-06-12T13:16:09+00:00","inLanguage":"en-GB","potentialAction":[{"@type":"ReadAction","target":["https:\/\/krobi.dk\/persondata\/"]}]},{"@type":"WebSite","@id":"https:\/\/krobi.dk\/#website","url":"https:\/\/krobi.dk\/","name":"KROBI","description":"","publisher":{"@id":"https:\/\/krobi.dk\/#organization"},"potentialAction":[{"@type":"SearchAction","target":{"@type":"EntryPoint","urlTemplate":"https:\/\/krobi.dk\/?s={search_term_string}"},"query-input":{"@type":"PropertyValueSpecification","valueRequired":true,"valueName":"search_term_string"}}],"inLanguage":"en-GB"},{"@type":"Organization","@id":"https:\/\/krobi.dk\/#organization","name":"KROBI","url":"https:\/\/krobi.dk\/","logo":{"@type":"ImageObject","inLanguage":"en-GB","@id":"https:\/\/krobi.dk\/#\/schema\/logo\/image\/","url":"https:\/\/krobi.dk\/wp-content\/uploads\/logo.png","contentUrl":"https:\/\/krobi.dk\/wp-content\/uploads\/logo.png","width":1200,"height":370,"caption":"KROBI"},"image":{"@id":"https:\/\/krobi.dk\/#\/schema\/logo\/image\/"}}]}},"_links":{"self":[{"href":"https:\/\/krobi.dk\/en\/wp-json\/wp\/v2\/pages\/1612","targetHints":{"allow":["GET"]}}],"collection":[{"href":"https:\/\/krobi.dk\/en\/wp-json\/wp\/v2\/pages"}],"about":[{"href":"https:\/\/krobi.dk\/en\/wp-json\/wp\/v2\/types\/page"}],"author":[{"embeddable":true,"href":"https:\/\/krobi.dk\/en\/wp-json\/wp\/v2\/users\/1"}],"replies":[{"embeddable":true,"href":"https:\/\/krobi.dk\/en\/wp-json\/wp\/v2\/comments?post=1612"}],"version-history":[{"count":0,"href":"https:\/\/krobi.dk\/en\/wp-json\/wp\/v2\/pages\/1612\/revisions"}],"wp:attachment":[{"href":"https:\/\/krobi.dk\/en\/wp-json\/wp\/v2\/media?parent=1612"}],"curies":[{"name":"wp","href":"https:\/\/api.w.org\/{rel}","templated":true}]}}