{"id":1610,"date":"2025-06-11T15:20:25","date_gmt":"2025-06-11T13:20:25","guid":{"rendered":"https:\/\/krobi.dk\/?page_id=1610"},"modified":"2025-12-11T09:31:29","modified_gmt":"2025-12-11T08:31:29","slug":"employees","status":"publish","type":"page","link":"https:\/\/krobi.dk\/en\/medarbejdere\/","title":{"rendered":"Employees"},"content":{"rendered":"<div data-elementor-type=\"wp-page\" data-elementor-id=\"1610\" class=\"elementor elementor-1610\" data-elementor-post-type=\"page\">\n\t\t\t\t<div class=\"elementor-element elementor-element-bba390c e-flex e-con-boxed e-con e-parent\" data-id=\"bba390c\" data-element_type=\"container\" data-e-type=\"container\">\n\t\t\t\t\t<div class=\"e-con-inner\">\n\t\t<div class=\"elementor-element elementor-element-1ecc6d4 e-con-full e-flex e-con e-child\" data-id=\"1ecc6d4\" data-element_type=\"container\" data-e-type=\"container\">\n\t\t\t\t<div class=\"elementor-element elementor-element-7ff94f1 elementor-widget-divider--view-line_text elementor-widget-divider--element-align-right elementor-widget elementor-widget-divider\" data-id=\"7ff94f1\" data-element_type=\"widget\" data-e-type=\"widget\" data-widget_type=\"divider.default\">\n\t\t\t\t<div class=\"elementor-widget-container\">\n\t\t\t\t\t\t\t<div class=\"elementor-divider\">\n\t\t\t<span class=\"elementor-divider-separator\">\n\t\t\t\t\t\t<\/span>\n\t\t<\/div>\n\t\t\t\t\t\t<\/div>\n\t\t\t\t<\/div>\n\t\t\t\t<div class=\"elementor-element elementor-element-b593711 elementor-widget elementor-widget-heading\" data-id=\"b593711\" data-element_type=\"widget\" data-e-type=\"widget\" data-widget_type=\"heading.default\">\n\t\t\t\t<div class=\"elementor-widget-container\">\n\t\t\t\t\t<h1 class=\"elementor-heading-title elementor-size-default\">Close contact and high service - we know our properties and tenants<\/h1>\t\t\t\t<\/div>\n\t\t\t\t<\/div>\n\t\t\t\t<\/div>\n\t\t<div class=\"elementor-element elementor-element-759f71c e-con-full e-flex e-con e-child\" data-id=\"759f71c\" data-element_type=\"container\" data-e-type=\"container\">\n\t\t\t\t<div class=\"elementor-element elementor-element-8143748 elementor-widget elementor-widget-text-editor\" data-id=\"8143748\" data-element_type=\"widget\" data-e-type=\"widget\" data-widget_type=\"text-editor.default\">\n\t\t\t\t<div class=\"elementor-widget-container\">\n\t\t\t\t\t\t\t\t\t<p>Unlike many other players in the industry, we have chosen to handle operations and service internally. This means that our property managers, caretakers and surveyors are permanent employees and work closely with both properties and residents.<\/p><p>Direct contact and local knowledge enable us to react quickly and efficiently - whether it's practical matters, moving in and out or daily maintenance. With us, you know who you're talking to and we know who you are.<\/p><p>All enquiries to KROBI should be directed to our administration at: <span style=\"text-decoration: underline;\"><a href=\"mailto:krobi@krobi.dk\">krobi@krobi.dk<\/a><\/span> or tel. phone <span style=\"text-decoration: underline;\"><a href=\"tel:+4570222155\">70 22 21 55<\/a><\/span> Monday to Friday 09:00 - 12:00.<\/p><p>Our administrators will then forward the enquiries to the relevant employees.<\/p>\t\t\t\t\t\t\t\t<\/div>\n\t\t\t\t<\/div>\n\t\t\t\t<\/div>\n\t\t\t\t\t<\/div>\n\t\t\t\t<\/div>\n\t\t<div class=\"elementor-element elementor-element-078fe33 e-flex e-con-boxed e-con e-parent\" data-id=\"078fe33\" data-element_type=\"container\" data-e-type=\"container\">\n\t\t\t\t\t<div class=\"e-con-inner\">\n\t\t\t\t<div class=\"elementor-element elementor-element-2da87d4 elementor-widget-divider--view-line elementor-widget elementor-widget-divider\" data-id=\"2da87d4\" data-element_type=\"widget\" data-e-type=\"widget\" data-widget_type=\"divider.default\">\n\t\t\t\t<div class=\"elementor-widget-container\">\n\t\t\t\t\t\t\t<div class=\"elementor-divider\">\n\t\t\t<span class=\"elementor-divider-separator\">\n\t\t\t\t\t\t<\/span>\n\t\t<\/div>\n\t\t\t\t\t\t<\/div>\n\t\t\t\t<\/div>\n\t\t<div class=\"elementor-element elementor-element-c4e2db3 e-con-full e-grid elementor-invisible e-con e-child\" data-id=\"c4e2db3\" data-element_type=\"container\" data-e-type=\"container\" data-settings=\"{&quot;animation&quot;:&quot;fadeInUp&quot;}\">\n\t\t<div class=\"elementor-element elementor-element-164a188 e-con-full e-flex e-con e-child\" data-id=\"164a188\" data-element_type=\"container\" data-e-type=\"container\">\n\t\t\t\t<div class=\"elementor-element elementor-element-ae3f679 elementor-widget elementor-widget-image\" data-id=\"ae3f679\" data-element_type=\"widget\" data-e-type=\"widget\" data-widget_type=\"image.default\">\n\t\t\t\t<div class=\"elementor-widget-container\">\n\t\t\t\t\t\t\t\t\t\t\t\t\t\t\t<img fetchpriority=\"high\" decoding=\"async\" width=\"2048\" height=\"1520\" src=\"https:\/\/krobi.dk\/wp-content\/uploads\/Helle.webp\" class=\"attachment-full size-full wp-image-1672\" alt=\"\" srcset=\"https:\/\/krobi.dk\/wp-content\/uploads\/Helle.webp 2048w, https:\/\/krobi.dk\/wp-content\/uploads\/Helle-300x223.webp 300w, https:\/\/krobi.dk\/wp-content\/uploads\/Helle-1024x760.webp 1024w, https:\/\/krobi.dk\/wp-content\/uploads\/Helle-768x570.webp 768w, https:\/\/krobi.dk\/wp-content\/uploads\/Helle-1536x1140.webp 1536w, https:\/\/krobi.dk\/wp-content\/uploads\/Helle-16x12.webp 16w\" sizes=\"(max-width: 2048px) 100vw, 2048px\" \/>\t\t\t\t\t\t\t\t\t\t\t\t\t\t\t<\/div>\n\t\t\t\t<\/div>\n\t\t<div class=\"elementor-element elementor-element-e9c9f7a e-con-full e-flex e-con e-child\" data-id=\"e9c9f7a\" data-element_type=\"container\" data-e-type=\"container\">\n\t\t\t\t<div class=\"elementor-element elementor-element-6037fc1 elementor-widget elementor-widget-heading\" data-id=\"6037fc1\" data-element_type=\"widget\" data-e-type=\"widget\" data-widget_type=\"heading.default\">\n\t\t\t\t<div class=\"elementor-widget-container\">\n\t\t\t\t\t<h5 class=\"elementor-heading-title elementor-size-default\">Brightness <\/h5>\t\t\t\t<\/div>\n\t\t\t\t<\/div>\n\t\t\t\t<div class=\"elementor-element elementor-element-88ea768 elementor-widget elementor-widget-heading\" data-id=\"88ea768\" data-element_type=\"widget\" data-e-type=\"widget\" data-widget_type=\"heading.default\">\n\t\t\t\t<div class=\"elementor-widget-container\">\n\t\t\t\t\t<h6 class=\"elementor-heading-title elementor-size-default\">Administration and rental manager<\/h6>\t\t\t\t<\/div>\n\t\t\t\t<\/div>\n\t\t\t\t<\/div>\n\t\t\t\t<\/div>\n\t\t<div class=\"elementor-element elementor-element-2311aba e-con-full e-flex e-con e-child\" data-id=\"2311aba\" data-element_type=\"container\" data-e-type=\"container\">\n\t\t\t\t<div class=\"elementor-element elementor-element-9dc10aa elementor-widget elementor-widget-image\" data-id=\"9dc10aa\" data-element_type=\"widget\" data-e-type=\"widget\" data-widget_type=\"image.default\">\n\t\t\t\t<div class=\"elementor-widget-container\">\n\t\t\t\t\t\t\t\t\t\t\t\t\t\t\t<img decoding=\"async\" width=\"2048\" height=\"1509\" src=\"https:\/\/krobi.dk\/wp-content\/uploads\/Charlotte-scaled.jpg\" class=\"attachment-full size-full wp-image-2894\" alt=\"\" srcset=\"https:\/\/krobi.dk\/wp-content\/uploads\/Charlotte-scaled.jpg 2048w, https:\/\/krobi.dk\/wp-content\/uploads\/Charlotte-300x221.jpg 300w, https:\/\/krobi.dk\/wp-content\/uploads\/Charlotte-1024x754.jpg 1024w, https:\/\/krobi.dk\/wp-content\/uploads\/Charlotte-768x566.jpg 768w, https:\/\/krobi.dk\/wp-content\/uploads\/Charlotte-1536x1132.jpg 1536w, https:\/\/krobi.dk\/wp-content\/uploads\/Charlotte-16x12.jpg 16w\" sizes=\"(max-width: 2048px) 100vw, 2048px\" \/>\t\t\t\t\t\t\t\t\t\t\t\t\t\t\t<\/div>\n\t\t\t\t<\/div>\n\t\t<div class=\"elementor-element elementor-element-4c63451 e-con-full e-flex e-con e-child\" data-id=\"4c63451\" data-element_type=\"container\" data-e-type=\"container\">\n\t\t\t\t<div class=\"elementor-element elementor-element-55abf87 elementor-widget elementor-widget-heading\" data-id=\"55abf87\" data-element_type=\"widget\" data-e-type=\"widget\" data-widget_type=\"heading.default\">\n\t\t\t\t<div class=\"elementor-widget-container\">\n\t\t\t\t\t<h5 class=\"elementor-heading-title elementor-size-default\">Charlotte<\/h5>\t\t\t\t<\/div>\n\t\t\t\t<\/div>\n\t\t\t\t<div class=\"elementor-element elementor-element-4106b0b elementor-widget elementor-widget-heading\" data-id=\"4106b0b\" data-element_type=\"widget\" data-e-type=\"widget\" data-widget_type=\"heading.default\">\n\t\t\t\t<div class=\"elementor-widget-container\">\n\t\t\t\t\t<h6 class=\"elementor-heading-title elementor-size-default\">Administration and finance manager<\/h6>\t\t\t\t<\/div>\n\t\t\t\t<\/div>\n\t\t\t\t<\/div>\n\t\t\t\t<\/div>\n\t\t<div class=\"elementor-element elementor-element-8dd711e e-con-full e-flex e-con e-child\" data-id=\"8dd711e\" data-element_type=\"container\" data-e-type=\"container\">\n\t\t\t\t<div class=\"elementor-element elementor-element-0bad691 elementor-widget elementor-widget-image\" data-id=\"0bad691\" data-element_type=\"widget\" data-e-type=\"widget\" data-widget_type=\"image.default\">\n\t\t\t\t<div class=\"elementor-widget-container\">\n\t\t\t\t\t\t\t\t\t\t\t\t\t\t\t<img decoding=\"async\" width=\"2048\" height=\"1536\" src=\"https:\/\/krobi.dk\/wp-content\/uploads\/Casper.webp\" class=\"attachment-full size-full wp-image-1665\" alt=\"\" srcset=\"https:\/\/krobi.dk\/wp-content\/uploads\/Casper.webp 2048w, https:\/\/krobi.dk\/wp-content\/uploads\/Casper-300x225.webp 300w, https:\/\/krobi.dk\/wp-content\/uploads\/Casper-1024x768.webp 1024w, https:\/\/krobi.dk\/wp-content\/uploads\/Casper-768x576.webp 768w, https:\/\/krobi.dk\/wp-content\/uploads\/Casper-1536x1152.webp 1536w, https:\/\/krobi.dk\/wp-content\/uploads\/Casper-16x12.webp 16w\" sizes=\"(max-width: 2048px) 100vw, 2048px\" \/>\t\t\t\t\t\t\t\t\t\t\t\t\t\t\t<\/div>\n\t\t\t\t<\/div>\n\t\t<div class=\"elementor-element elementor-element-14b1cd2 e-con-full e-flex e-con e-child\" data-id=\"14b1cd2\" data-element_type=\"container\" data-e-type=\"container\">\n\t\t\t\t<div class=\"elementor-element elementor-element-5ffa4a8 elementor-widget elementor-widget-heading\" data-id=\"5ffa4a8\" data-element_type=\"widget\" data-e-type=\"widget\" data-widget_type=\"heading.default\">\n\t\t\t\t<div class=\"elementor-widget-container\">\n\t\t\t\t\t<h5 class=\"elementor-heading-title elementor-size-default\">Casper <\/h5>\t\t\t\t<\/div>\n\t\t\t\t<\/div>\n\t\t\t\t<div class=\"elementor-element elementor-element-c92c390 elementor-widget elementor-widget-heading\" data-id=\"c92c390\" data-element_type=\"widget\" data-e-type=\"widget\" data-widget_type=\"heading.default\">\n\t\t\t\t<div class=\"elementor-widget-container\">\n\t\t\t\t\t<h6 class=\"elementor-heading-title elementor-size-default\">Service manager<\/h6>\t\t\t\t<\/div>\n\t\t\t\t<\/div>\n\t\t\t\t<\/div>\n\t\t\t\t<\/div>\n\t\t<div class=\"elementor-element elementor-element-9c392cd e-con-full e-flex e-con e-child\" data-id=\"9c392cd\" data-element_type=\"container\" data-e-type=\"container\">\n\t\t\t\t<div class=\"elementor-element elementor-element-5142346 elementor-widget elementor-widget-image\" data-id=\"5142346\" data-element_type=\"widget\" data-e-type=\"widget\" data-widget_type=\"image.default\">\n\t\t\t\t<div class=\"elementor-widget-container\">\n\t\t\t\t\t\t\t\t\t\t\t\t\t\t\t<img loading=\"lazy\" decoding=\"async\" width=\"1621\" height=\"2048\" src=\"https:\/\/krobi.dk\/wp-content\/uploads\/foto-paa-vej-scaled.webp\" class=\"attachment-full size-full wp-image-1662\" alt=\"\" srcset=\"https:\/\/krobi.dk\/wp-content\/uploads\/foto-paa-vej-scaled.webp 1621w, https:\/\/krobi.dk\/wp-content\/uploads\/foto-paa-vej-238x300.webp 238w, https:\/\/krobi.dk\/wp-content\/uploads\/foto-paa-vej-811x1024.webp 811w, https:\/\/krobi.dk\/wp-content\/uploads\/foto-paa-vej-768x970.webp 768w, https:\/\/krobi.dk\/wp-content\/uploads\/foto-paa-vej-1216x1536.webp 1216w, https:\/\/krobi.dk\/wp-content\/uploads\/foto-paa-vej-10x12.webp 10w\" sizes=\"(max-width: 1621px) 100vw, 1621px\" \/>\t\t\t\t\t\t\t\t\t\t\t\t\t\t\t<\/div>\n\t\t\t\t<\/div>\n\t\t<div class=\"elementor-element elementor-element-c43e0e1 e-con-full e-flex e-con e-child\" data-id=\"c43e0e1\" data-element_type=\"container\" data-e-type=\"container\">\n\t\t\t\t<div class=\"elementor-element elementor-element-8b7fc23 elementor-widget elementor-widget-heading\" data-id=\"8b7fc23\" data-element_type=\"widget\" data-e-type=\"widget\" data-widget_type=\"heading.default\">\n\t\t\t\t<div class=\"elementor-widget-container\">\n\t\t\t\t\t<h5 class=\"elementor-heading-title elementor-size-default\">Rasmus<\/h5>\t\t\t\t<\/div>\n\t\t\t\t<\/div>\n\t\t\t\t<div class=\"elementor-element elementor-element-48eeba0 elementor-widget elementor-widget-heading\" data-id=\"48eeba0\" data-element_type=\"widget\" data-e-type=\"widget\" data-widget_type=\"heading.default\">\n\t\t\t\t<div class=\"elementor-widget-container\">\n\t\t\t\t\t<h6 class=\"elementor-heading-title elementor-size-default\">Property services<\/h6>\t\t\t\t<\/div>\n\t\t\t\t<\/div>\n\t\t\t\t<\/div>\n\t\t\t\t<\/div>\n\t\t<div class=\"elementor-element elementor-element-ac5dd66 e-con-full e-flex e-con e-child\" data-id=\"ac5dd66\" data-element_type=\"container\" data-e-type=\"container\">\n\t\t\t\t<div class=\"elementor-element elementor-element-aa584fa elementor-widget elementor-widget-image\" data-id=\"aa584fa\" data-element_type=\"widget\" data-e-type=\"widget\" data-widget_type=\"image.default\">\n\t\t\t\t<div class=\"elementor-widget-container\">\n\t\t\t\t\t\t\t\t\t\t\t\t\t\t\t<img loading=\"lazy\" decoding=\"async\" width=\"1621\" height=\"2048\" src=\"https:\/\/krobi.dk\/wp-content\/uploads\/foto-paa-vej-scaled.webp\" class=\"attachment-full size-full wp-image-1662\" alt=\"\" srcset=\"https:\/\/krobi.dk\/wp-content\/uploads\/foto-paa-vej-scaled.webp 1621w, https:\/\/krobi.dk\/wp-content\/uploads\/foto-paa-vej-238x300.webp 238w, https:\/\/krobi.dk\/wp-content\/uploads\/foto-paa-vej-811x1024.webp 811w, https:\/\/krobi.dk\/wp-content\/uploads\/foto-paa-vej-768x970.webp 768w, https:\/\/krobi.dk\/wp-content\/uploads\/foto-paa-vej-1216x1536.webp 1216w, https:\/\/krobi.dk\/wp-content\/uploads\/foto-paa-vej-10x12.webp 10w\" sizes=\"(max-width: 1621px) 100vw, 1621px\" \/>\t\t\t\t\t\t\t\t\t\t\t\t\t\t\t<\/div>\n\t\t\t\t<\/div>\n\t\t<div class=\"elementor-element elementor-element-1481d22 e-con-full e-flex e-con e-child\" data-id=\"1481d22\" data-element_type=\"container\" data-e-type=\"container\">\n\t\t\t\t<div class=\"elementor-element elementor-element-6a24dba elementor-widget elementor-widget-heading\" data-id=\"6a24dba\" data-element_type=\"widget\" data-e-type=\"widget\" data-widget_type=\"heading.default\">\n\t\t\t\t<div class=\"elementor-widget-container\">\n\t\t\t\t\t<h5 class=\"elementor-heading-title elementor-size-default\">Mikkel<\/h5>\t\t\t\t<\/div>\n\t\t\t\t<\/div>\n\t\t\t\t<div class=\"elementor-element elementor-element-f9c68d0 elementor-widget elementor-widget-heading\" data-id=\"f9c68d0\" data-element_type=\"widget\" data-e-type=\"widget\" data-widget_type=\"heading.default\">\n\t\t\t\t<div class=\"elementor-widget-container\">\n\t\t\t\t\t<h6 class=\"elementor-heading-title elementor-size-default\">Property services<\/h6>\t\t\t\t<\/div>\n\t\t\t\t<\/div>\n\t\t\t\t<\/div>\n\t\t\t\t<\/div>\n\t\t\t\t<\/div>\n\t\t\t\t\t<\/div>\n\t\t\t\t<\/div>\n\t\t\t\t<\/div>","protected":false},"excerpt":{"rendered":"<p>T\u00e6t kontakt og h\u00f8j service \u2013 vi kender vores ejendomme og lejere I mods\u00e6tning til mange andre akt\u00f8rer i branchen har vi valgt at st\u00e5 for drift og service internt. Det betyder, at vores ejendomsadministratorer, vicev\u00e6rter og synsansvarlige er fastansatte og arbejder t\u00e6t p\u00e5 b\u00e5de ejendomme og beboere. Den direkte kontakt og det lokale kendskab [&hellip;]<\/p>\n","protected":false},"author":1,"featured_media":0,"parent":0,"menu_order":0,"comment_status":"closed","ping_status":"closed","template":"","meta":{"_acf_changed":false,"footnotes":""},"class_list":["post-1610","page","type-page","status-publish","hentry"],"acf":[],"yoast_head":"<!-- This site is optimized with the Yoast SEO plugin v27.4 - https:\/\/yoast.com\/product\/yoast-seo-wordpress\/ -->\n<title>Medarbejdere - KROBI<\/title>\n<meta name=\"robots\" content=\"index, follow, max-snippet:-1, max-image-preview:large, max-video-preview:-1\" \/>\n<link rel=\"canonical\" href=\"https:\/\/krobi.dk\/en\/employees\/\" \/>\n<meta property=\"og:locale\" content=\"en_GB\" \/>\n<meta property=\"og:type\" content=\"article\" \/>\n<meta property=\"og:title\" content=\"Medarbejdere - KROBI\" \/>\n<meta property=\"og:description\" content=\"T\u00e6t kontakt og h\u00f8j service \u2013 vi kender vores ejendomme og lejere I mods\u00e6tning til mange andre akt\u00f8rer i branchen har vi valgt at st\u00e5 for drift og service internt. Det betyder, at vores ejendomsadministratorer, vicev\u00e6rter og synsansvarlige er fastansatte og arbejder t\u00e6t p\u00e5 b\u00e5de ejendomme og beboere. Den direkte kontakt og det lokale kendskab [&hellip;]\" \/>\n<meta property=\"og:url\" content=\"https:\/\/krobi.dk\/en\/employees\/\" \/>\n<meta property=\"og:site_name\" content=\"KROBI\" \/>\n<meta property=\"article:modified_time\" content=\"2025-12-11T08:31:29+00:00\" \/>\n<meta property=\"og:image\" content=\"https:\/\/krobi.dk\/wp-content\/uploads\/Helle.webp\" \/>\n\t<meta property=\"og:image:width\" content=\"2048\" \/>\n\t<meta property=\"og:image:height\" content=\"1520\" \/>\n\t<meta property=\"og:image:type\" content=\"image\/webp\" \/>\n<meta name=\"twitter:card\" content=\"summary_large_image\" \/>\n<meta name=\"twitter:label1\" content=\"Estimated reading time\" \/>\n\t<meta name=\"twitter:data1\" content=\"2 minutes\" \/>\n<script type=\"application\/ld+json\" class=\"yoast-schema-graph\">{\"@context\":\"https:\\\/\\\/schema.org\",\"@graph\":[{\"@type\":\"WebPage\",\"@id\":\"https:\\\/\\\/krobi.dk\\\/medarbejdere\\\/\",\"url\":\"https:\\\/\\\/krobi.dk\\\/medarbejdere\\\/\",\"name\":\"Medarbejdere - KROBI\",\"isPartOf\":{\"@id\":\"https:\\\/\\\/krobi.dk\\\/#website\"},\"primaryImageOfPage\":{\"@id\":\"https:\\\/\\\/krobi.dk\\\/medarbejdere\\\/#primaryimage\"},\"image\":{\"@id\":\"https:\\\/\\\/krobi.dk\\\/medarbejdere\\\/#primaryimage\"},\"thumbnailUrl\":\"https:\\\/\\\/krobi.dk\\\/wp-content\\\/uploads\\\/Helle.webp\",\"datePublished\":\"2025-06-11T13:20:25+00:00\",\"dateModified\":\"2025-12-11T08:31:29+00:00\",\"inLanguage\":\"en-GB\",\"potentialAction\":[{\"@type\":\"ReadAction\",\"target\":[\"https:\\\/\\\/krobi.dk\\\/medarbejdere\\\/\"]}]},{\"@type\":\"ImageObject\",\"inLanguage\":\"en-GB\",\"@id\":\"https:\\\/\\\/krobi.dk\\\/medarbejdere\\\/#primaryimage\",\"url\":\"https:\\\/\\\/krobi.dk\\\/wp-content\\\/uploads\\\/Helle.webp\",\"contentUrl\":\"https:\\\/\\\/krobi.dk\\\/wp-content\\\/uploads\\\/Helle.webp\"},{\"@type\":\"WebSite\",\"@id\":\"https:\\\/\\\/krobi.dk\\\/#website\",\"url\":\"https:\\\/\\\/krobi.dk\\\/\",\"name\":\"KROBI\",\"description\":\"\",\"publisher\":{\"@id\":\"https:\\\/\\\/krobi.dk\\\/#organization\"},\"potentialAction\":[{\"@type\":\"SearchAction\",\"target\":{\"@type\":\"EntryPoint\",\"urlTemplate\":\"https:\\\/\\\/krobi.dk\\\/?s={search_term_string}\"},\"query-input\":{\"@type\":\"PropertyValueSpecification\",\"valueRequired\":true,\"valueName\":\"search_term_string\"}}],\"inLanguage\":\"en-GB\"},{\"@type\":\"Organization\",\"@id\":\"https:\\\/\\\/krobi.dk\\\/#organization\",\"name\":\"KROBI\",\"url\":\"https:\\\/\\\/krobi.dk\\\/\",\"logo\":{\"@type\":\"ImageObject\",\"inLanguage\":\"en-GB\",\"@id\":\"https:\\\/\\\/krobi.dk\\\/#\\\/schema\\\/logo\\\/image\\\/\",\"url\":\"https:\\\/\\\/krobi.dk\\\/wp-content\\\/uploads\\\/logo.png\",\"contentUrl\":\"https:\\\/\\\/krobi.dk\\\/wp-content\\\/uploads\\\/logo.png\",\"width\":1200,\"height\":370,\"caption\":\"KROBI\"},\"image\":{\"@id\":\"https:\\\/\\\/krobi.dk\\\/#\\\/schema\\\/logo\\\/image\\\/\"}}]}<\/script>\n<!-- \/ Yoast SEO plugin. -->","yoast_head_json":{"title":"Employees - KROBI","robots":{"index":"index","follow":"follow","max-snippet":"max-snippet:-1","max-image-preview":"max-image-preview:large","max-video-preview":"max-video-preview:-1"},"canonical":"https:\/\/krobi.dk\/en\/employees\/","og_locale":"en_GB","og_type":"article","og_title":"Medarbejdere - KROBI","og_description":"T\u00e6t kontakt og h\u00f8j service \u2013 vi kender vores ejendomme og lejere I mods\u00e6tning til mange andre akt\u00f8rer i branchen har vi valgt at st\u00e5 for drift og service internt. Det betyder, at vores ejendomsadministratorer, vicev\u00e6rter og synsansvarlige er fastansatte og arbejder t\u00e6t p\u00e5 b\u00e5de ejendomme og beboere. Den direkte kontakt og det lokale kendskab [&hellip;]","og_url":"https:\/\/krobi.dk\/en\/employees\/","og_site_name":"KROBI","article_modified_time":"2025-12-11T08:31:29+00:00","og_image":[{"width":2048,"height":1520,"url":"https:\/\/krobi.dk\/wp-content\/uploads\/Helle.webp","type":"image\/webp"}],"twitter_card":"summary_large_image","twitter_misc":{"Estimated reading time":"2 minutes"},"schema":{"@context":"https:\/\/schema.org","@graph":[{"@type":"WebPage","@id":"https:\/\/krobi.dk\/medarbejdere\/","url":"https:\/\/krobi.dk\/medarbejdere\/","name":"Employees - KROBI","isPartOf":{"@id":"https:\/\/krobi.dk\/#website"},"primaryImageOfPage":{"@id":"https:\/\/krobi.dk\/medarbejdere\/#primaryimage"},"image":{"@id":"https:\/\/krobi.dk\/medarbejdere\/#primaryimage"},"thumbnailUrl":"https:\/\/krobi.dk\/wp-content\/uploads\/Helle.webp","datePublished":"2025-06-11T13:20:25+00:00","dateModified":"2025-12-11T08:31:29+00:00","inLanguage":"en-GB","potentialAction":[{"@type":"ReadAction","target":["https:\/\/krobi.dk\/medarbejdere\/"]}]},{"@type":"ImageObject","inLanguage":"en-GB","@id":"https:\/\/krobi.dk\/medarbejdere\/#primaryimage","url":"https:\/\/krobi.dk\/wp-content\/uploads\/Helle.webp","contentUrl":"https:\/\/krobi.dk\/wp-content\/uploads\/Helle.webp"},{"@type":"WebSite","@id":"https:\/\/krobi.dk\/#website","url":"https:\/\/krobi.dk\/","name":"KROBI","description":"","publisher":{"@id":"https:\/\/krobi.dk\/#organization"},"potentialAction":[{"@type":"SearchAction","target":{"@type":"EntryPoint","urlTemplate":"https:\/\/krobi.dk\/?s={search_term_string}"},"query-input":{"@type":"PropertyValueSpecification","valueRequired":true,"valueName":"search_term_string"}}],"inLanguage":"en-GB"},{"@type":"Organization","@id":"https:\/\/krobi.dk\/#organization","name":"KROBI","url":"https:\/\/krobi.dk\/","logo":{"@type":"ImageObject","inLanguage":"en-GB","@id":"https:\/\/krobi.dk\/#\/schema\/logo\/image\/","url":"https:\/\/krobi.dk\/wp-content\/uploads\/logo.png","contentUrl":"https:\/\/krobi.dk\/wp-content\/uploads\/logo.png","width":1200,"height":370,"caption":"KROBI"},"image":{"@id":"https:\/\/krobi.dk\/#\/schema\/logo\/image\/"}}]}},"_links":{"self":[{"href":"https:\/\/krobi.dk\/en\/wp-json\/wp\/v2\/pages\/1610","targetHints":{"allow":["GET"]}}],"collection":[{"href":"https:\/\/krobi.dk\/en\/wp-json\/wp\/v2\/pages"}],"about":[{"href":"https:\/\/krobi.dk\/en\/wp-json\/wp\/v2\/types\/page"}],"author":[{"embeddable":true,"href":"https:\/\/krobi.dk\/en\/wp-json\/wp\/v2\/users\/1"}],"replies":[{"embeddable":true,"href":"https:\/\/krobi.dk\/en\/wp-json\/wp\/v2\/comments?post=1610"}],"version-history":[{"count":3,"href":"https:\/\/krobi.dk\/en\/wp-json\/wp\/v2\/pages\/1610\/revisions"}],"predecessor-version":[{"id":3361,"href":"https:\/\/krobi.dk\/en\/wp-json\/wp\/v2\/pages\/1610\/revisions\/3361"}],"wp:attachment":[{"href":"https:\/\/krobi.dk\/en\/wp-json\/wp\/v2\/media?parent=1610"}],"curies":[{"name":"wp","href":"https:\/\/api.w.org\/{rel}","templated":true}]}}