{"id":1608,"date":"2025-06-11T15:20:18","date_gmt":"2025-06-11T13:20:18","guid":{"rendered":"https:\/\/krobi.dk\/?page_id=1608"},"modified":"2025-11-19T12:49:40","modified_gmt":"2025-11-19T11:49:40","slug":"about-krobi","status":"publish","type":"page","link":"https:\/\/krobi.dk\/en\/om-krobi\/","title":{"rendered":"About KROBI"},"content":{"rendered":"<div data-elementor-type=\"wp-page\" data-elementor-id=\"1608\" class=\"elementor elementor-1608\" data-elementor-post-type=\"page\">\n\t\t\t\t<div class=\"elementor-element elementor-element-796137f e-flex e-con-boxed e-con e-parent\" data-id=\"796137f\" data-element_type=\"container\" data-e-type=\"container\">\n\t\t\t\t\t<div class=\"e-con-inner\">\n\t\t<div class=\"elementor-element elementor-element-dbb5f32 e-con-full e-flex e-con e-child\" data-id=\"dbb5f32\" data-element_type=\"container\" data-e-type=\"container\">\n\t\t\t\t<div class=\"elementor-element elementor-element-cf70f38 elementor-widget-divider--view-line_text elementor-widget-divider--element-align-right elementor-widget elementor-widget-divider\" data-id=\"cf70f38\" data-element_type=\"widget\" data-e-type=\"widget\" data-widget_type=\"divider.default\">\n\t\t\t\t<div class=\"elementor-widget-container\">\n\t\t\t\t\t\t\t<div class=\"elementor-divider\">\n\t\t\t<span class=\"elementor-divider-separator\">\n\t\t\t\t\t\t<\/span>\n\t\t<\/div>\n\t\t\t\t\t\t<\/div>\n\t\t\t\t<\/div>\n\t\t\t\t<div class=\"elementor-element elementor-element-aea6468 elementor-widget elementor-widget-heading\" data-id=\"aea6468\" data-element_type=\"widget\" data-e-type=\"widget\" data-widget_type=\"heading.default\">\n\t\t\t\t<div class=\"elementor-widget-container\">\n\t\t\t\t\t<h1 class=\"elementor-heading-title elementor-size-default\">Residential and commercial rental with a focus on security, quality and personalised service<\/h1>\t\t\t\t<\/div>\n\t\t\t\t<\/div>\n\t\t\t\t<div class=\"elementor-element elementor-element-30d2f4a elementor-widget elementor-widget-text-editor\" data-id=\"30d2f4a\" data-element_type=\"widget\" data-e-type=\"widget\" data-widget_type=\"text-editor.default\">\n\t\t\t\t<div class=\"elementor-widget-container\">\n\t\t\t\t\t\t\t\t\t<p>At KROBI, we strive to create an environment where both residents and business tenants can feel safe and comfortable. We offer modern, well-maintained homes and office spaces in Aarhus, Aalborg and N\u00f8rresundby, and we place great emphasis on orderliness, accessibility and a good dialogue with our tenants.<\/p><p>We believe that a well-functioning everyday life starts with a good physical environment and a landlord you can count on. That's why all our leases are continuously maintained and renovated with a focus on functionality, comfort and aesthetics.<\/p>\t\t\t\t\t\t\t\t<\/div>\n\t\t\t\t<\/div>\n\t\t\t\t<div class=\"elementor-element elementor-element-c9cdffe elementor-mobile-align-justify elementor-widget elementor-widget-button\" data-id=\"c9cdffe\" data-element_type=\"widget\" data-e-type=\"widget\" data-widget_type=\"button.default\">\n\t\t\t\t<div class=\"elementor-widget-container\">\n\t\t\t\t\t\t\t\t\t<div class=\"elementor-button-wrapper\">\n\t\t\t\t\t<a class=\"elementor-button elementor-button-link elementor-size-sm\" href=\"https:\/\/krobi.dk\/en\/krobi-ejendomme-praesentation\/\" target=\"_blank\">\n\t\t\t\t\t\t<span class=\"elementor-button-content-wrapper\">\n\t\t\t\t\t\t\t\t\t<span class=\"elementor-button-text\">Download PDF<\/span>\n\t\t\t\t\t<\/span>\n\t\t\t\t\t<\/a>\n\t\t\t\t<\/div>\n\t\t\t\t\t\t\t\t<\/div>\n\t\t\t\t<\/div>\n\t\t\t\t<\/div>\n\t\t<div class=\"elementor-element elementor-element-64cf9bf e-con-full e-flex e-con e-child\" data-id=\"64cf9bf\" data-element_type=\"container\" data-e-type=\"container\">\n\t\t\t\t<div class=\"elementor-element elementor-element-faa6120 elementor-arrows-position-inside elementor-pagination-position-outside elementor-widget elementor-widget-image-carousel\" data-id=\"faa6120\" data-element_type=\"widget\" data-e-type=\"widget\" data-settings=\"{&quot;slides_to_show&quot;:&quot;1&quot;,&quot;speed&quot;:1200,&quot;autoplay_speed&quot;:3000,&quot;navigation&quot;:&quot;both&quot;,&quot;autoplay&quot;:&quot;yes&quot;,&quot;pause_on_hover&quot;:&quot;yes&quot;,&quot;pause_on_interaction&quot;:&quot;yes&quot;,&quot;infinite&quot;:&quot;yes&quot;,&quot;effect&quot;:&quot;slide&quot;}\" data-widget_type=\"image-carousel.default\">\n\t\t\t\t<div class=\"elementor-widget-container\">\n\t\t\t\t\t\t\t<div class=\"elementor-image-carousel-wrapper swiper\" role=\"region\" aria-roledescription=\"carousel\" aria-label=\"Image carousel\" dir=\"ltr\">\n\t\t\t<div class=\"elementor-image-carousel swiper-wrapper\" aria-live=\"off\">\n\t\t\t\t\t\t\t\t<div class=\"swiper-slide\" role=\"group\" aria-roledescription=\"slide\" aria-label=\"1 of 5\"><figure class=\"swiper-slide-inner\"><img decoding=\"async\" class=\"swiper-slide-image\" src=\"https:\/\/krobi.dk\/wp-content\/uploads\/Casper.webp\" alt=\"Casper\" \/><\/figure><\/div><div class=\"swiper-slide\" role=\"group\" aria-roledescription=\"slide\" aria-label=\"2 of 5\"><figure class=\"swiper-slide-inner\"><img decoding=\"async\" class=\"swiper-slide-image\" src=\"https:\/\/krobi.dk\/wp-content\/uploads\/Jyllandsgade_Aagade.jpg\" alt=\"Jyllandsgade_\u00c5gade\" \/><\/figure><\/div><div class=\"swiper-slide\" role=\"group\" aria-roledescription=\"slide\" aria-label=\"3 of 5\"><figure class=\"swiper-slide-inner\"><img decoding=\"async\" class=\"swiper-slide-image\" src=\"https:\/\/krobi.dk\/wp-content\/uploads\/Helle.webp\" alt=\"Brightness\" \/><\/figure><\/div><div class=\"swiper-slide\" role=\"group\" aria-roledescription=\"slide\" aria-label=\"4 of 5\"><figure class=\"swiper-slide-inner\"><img decoding=\"async\" class=\"swiper-slide-image\" src=\"https:\/\/krobi.dk\/wp-content\/uploads\/AneDamsGade-scaled.jpg\" alt=\"AneDamsGade\" \/><\/figure><\/div><div class=\"swiper-slide\" role=\"group\" aria-roledescription=\"slide\" aria-label=\"5 of 5\"><figure class=\"swiper-slide-inner\"><img decoding=\"async\" class=\"swiper-slide-image\" src=\"https:\/\/krobi.dk\/wp-content\/uploads\/Groennegade-scaled.jpg\" alt=\"Gr\u00f8nnegade\" \/><\/figure><\/div>\t\t\t<\/div>\n\t\t\t\t\t\t\t\t\t\t\t\t<div class=\"elementor-swiper-button elementor-swiper-button-prev\" role=\"button\" tabindex=\"0\">\n\t\t\t\t\t\t<i aria-hidden=\"true\" class=\"eicon-chevron-left\"><\/i>\t\t\t\t\t<\/div>\n\t\t\t\t\t<div class=\"elementor-swiper-button elementor-swiper-button-next\" role=\"button\" tabindex=\"0\">\n\t\t\t\t\t\t<i aria-hidden=\"true\" class=\"eicon-chevron-right\"><\/i>\t\t\t\t\t<\/div>\n\t\t\t\t\n\t\t\t\t\t\t\t\t\t<div class=\"swiper-pagination\"><\/div>\n\t\t\t\t\t\t\t\t\t<\/div>\n\t\t\t\t\t\t<\/div>\n\t\t\t\t<\/div>\n\t\t\t\t<\/div>\n\t\t\t\t\t<\/div>\n\t\t\t\t<\/div>\n\t\t<div class=\"elementor-element elementor-element-6254a49 e-flex e-con-boxed e-con e-parent\" data-id=\"6254a49\" data-element_type=\"container\" data-e-type=\"container\" data-settings=\"{&quot;background_background&quot;:&quot;classic&quot;}\">\n\t\t\t\t\t<div class=\"e-con-inner\">\n\t\t<div class=\"elementor-element elementor-element-6d32e0f e-con-full e-flex e-con e-child\" data-id=\"6d32e0f\" data-element_type=\"container\" data-e-type=\"container\">\n\t\t\t\t<div class=\"elementor-element elementor-element-088a6c5 elementor-widget elementor-widget-heading\" data-id=\"088a6c5\" data-element_type=\"widget\" data-e-type=\"widget\" data-widget_type=\"heading.default\">\n\t\t\t\t<div class=\"elementor-widget-container\">\n\t\t\t\t\t<h2 class=\"elementor-heading-title elementor-size-default\">Close contact and high service - we know our properties and tenants<\/h2>\t\t\t\t<\/div>\n\t\t\t\t<\/div>\n\t\t\t\t<div class=\"elementor-element elementor-element-286b9fc elementor-widget elementor-widget-text-editor\" data-id=\"286b9fc\" data-element_type=\"widget\" data-e-type=\"widget\" data-widget_type=\"text-editor.default\">\n\t\t\t\t<div class=\"elementor-widget-container\">\n\t\t\t\t\t\t\t\t\t<p>Unlike many other players in the industry, we have chosen to handle operations and service internally. This means that our property managers, caretakers and surveyors are permanent employees and work closely with both the properties and the residents.<\/p><p>Direct contact and local knowledge enable us to react quickly and efficiently - whether it's practical matters, moving in and out or daily maintenance. With us, you know who you're talking to and we know who you are.<\/p>\t\t\t\t\t\t\t\t<\/div>\n\t\t\t\t<\/div>\n\t\t\t\t<\/div>\n\t\t<div class=\"elementor-element elementor-element-c26af39 e-con-full e-flex e-con e-child\" data-id=\"c26af39\" data-element_type=\"container\" data-e-type=\"container\">\n\t\t<div class=\"elementor-element elementor-element-9d6f91d e-con-full e-flex e-con e-child\" data-id=\"9d6f91d\" data-element_type=\"container\" data-e-type=\"container\">\n\t\t\t\t<div class=\"elementor-element elementor-element-226260e elementor-widget elementor-widget-heading\" data-id=\"226260e\" data-element_type=\"widget\" data-e-type=\"widget\" data-widget_type=\"heading.default\">\n\t\t\t\t<div class=\"elementor-widget-container\">\n\t\t\t\t\t<h3 class=\"elementor-heading-title elementor-size-default\">Quality in both detail and whole<\/h3>\t\t\t\t<\/div>\n\t\t\t\t<\/div>\n\t\t\t\t<div class=\"elementor-element elementor-element-c7f2904 elementor-widget elementor-widget-text-editor\" data-id=\"c7f2904\" data-element_type=\"widget\" data-e-type=\"widget\" data-widget_type=\"text-editor.default\">\n\t\t\t\t<div class=\"elementor-widget-container\">\n\t\t\t\t\t\t\t\t\t<p>We continuously invest in keeping our leases up to date. All our properties have been renovated with new kitchens, bathrooms, floors and windows, and we have a constant focus on maintenance - both inside the apartments and in the common areas. This not only creates a beautiful property, but also a healthy indoor climate and a good everyday experience.<\/p>\t\t\t\t\t\t\t\t<\/div>\n\t\t\t\t<\/div>\n\t\t\t\t<\/div>\n\t\t<div class=\"elementor-element elementor-element-905fb5f e-con-full e-flex e-con e-child\" data-id=\"905fb5f\" data-element_type=\"container\" data-e-type=\"container\">\n\t\t\t\t<div class=\"elementor-element elementor-element-93e921a elementor-widget elementor-widget-heading\" data-id=\"93e921a\" data-element_type=\"widget\" data-e-type=\"widget\" data-widget_type=\"heading.default\">\n\t\t\t\t<div class=\"elementor-widget-container\">\n\t\t\t\t\t<h3 class=\"elementor-heading-title elementor-size-default\">Energy renovation and responsibility<\/h3>\t\t\t\t<\/div>\n\t\t\t\t<\/div>\n\t\t\t\t<div class=\"elementor-element elementor-element-fb1abff elementor-widget elementor-widget-text-editor\" data-id=\"fb1abff\" data-element_type=\"widget\" data-e-type=\"widget\" data-widget_type=\"text-editor.default\">\n\t\t\t\t<div class=\"elementor-widget-container\">\n\t\t\t\t\t\t\t\t\t<p>We are committed to making our properties more energy efficient. With energy renovations and continuous updates, we create better and more comfortable homes with lower heat consumption - to the benefit of both the climate and the tenant's finances.<\/p><p>It's part of our ambition to operate responsible property rental with long-term solutions and a keen eye for future housing needs.<\/p>\t\t\t\t\t\t\t\t<\/div>\n\t\t\t\t<\/div>\n\t\t\t\t<\/div>\n\t\t\t\t<\/div>\n\t\t\t\t\t<\/div>\n\t\t\t\t<\/div>\n\t\t<div class=\"elementor-element elementor-element-56219b0 e-flex e-con-boxed e-con e-parent\" data-id=\"56219b0\" data-element_type=\"container\" data-e-type=\"container\">\n\t\t\t\t\t<div class=\"e-con-inner\">\n\t\t<div class=\"elementor-element elementor-element-d3c208f e-con-full e-flex e-con e-child\" data-id=\"d3c208f\" data-element_type=\"container\" data-e-type=\"container\">\n\t\t<div class=\"elementor-element elementor-element-db4c755 e-con-full e-flex e-con e-child\" data-id=\"db4c755\" data-element_type=\"container\" data-e-type=\"container\">\n\t\t\t\t<div class=\"elementor-element elementor-element-84a4539 elementor-widget elementor-widget-heading\" data-id=\"84a4539\" data-element_type=\"widget\" data-e-type=\"widget\" data-widget_type=\"heading.default\">\n\t\t\t\t<div class=\"elementor-widget-container\">\n\t\t\t\t\t<h2 class=\"elementor-heading-title elementor-size-default\">Part of something bigger<\/h2>\t\t\t\t<\/div>\n\t\t\t\t<\/div>\n\t\t\t\t<div class=\"elementor-element elementor-element-5df08db elementor-widget elementor-widget-text-editor\" data-id=\"5df08db\" data-element_type=\"widget\" data-e-type=\"widget\" data-widget_type=\"text-editor.default\">\n\t\t\t\t<div class=\"elementor-widget-container\">\n\t\t\t\t\t\t\t\t\t<p>KROBI consists of several companies, including Krobi Ejendomme ApS, Krobi Invest ApS, Krobi Bolig Aalborg II ApS and Skovkvarteret Krobi. The administration is located in Hinnerup near Aarhus, from where we handle operations, lettings and contact with tenants throughout the group.<\/p>\t\t\t\t\t\t\t\t<\/div>\n\t\t\t\t<\/div>\n\t\t\t\t<div class=\"elementor-element elementor-element-4e39302 elementor-mobile-align-justify elementor-widget elementor-widget-button\" data-id=\"4e39302\" data-element_type=\"widget\" data-e-type=\"widget\" data-widget_type=\"button.default\">\n\t\t\t\t<div class=\"elementor-widget-container\">\n\t\t\t\t\t\t\t\t\t<div class=\"elementor-button-wrapper\">\n\t\t\t\t\t<a class=\"elementor-button elementor-button-link elementor-size-sm\" href=\"https:\/\/krobi.dk\/en\/kontakt\/\">\n\t\t\t\t\t\t<span class=\"elementor-button-content-wrapper\">\n\t\t\t\t\t\t\t\t\t<span class=\"elementor-button-text\">Contact us<\/span>\n\t\t\t\t\t<\/span>\n\t\t\t\t\t<\/a>\n\t\t\t\t<\/div>\n\t\t\t\t\t\t\t\t<\/div>\n\t\t\t\t<\/div>\n\t\t\t\t<\/div>\n\t\t\t\t<\/div>\n\t\t<div class=\"elementor-element elementor-element-02a4266 e-con-full e-flex e-con e-child\" data-id=\"02a4266\" data-element_type=\"container\" data-e-type=\"container\">\n\t\t<div class=\"elementor-element elementor-element-28a776e e-con-full e-flex e-con e-child\" data-id=\"28a776e\" data-element_type=\"container\" data-e-type=\"container\">\n\t\t\t\t<div class=\"elementor-element elementor-element-57b9a19 elementor-widget elementor-widget-heading\" data-id=\"57b9a19\" data-element_type=\"widget\" data-e-type=\"widget\" data-widget_type=\"heading.default\">\n\t\t\t\t<div class=\"elementor-widget-container\">\n\t\t\t\t\t<h4 class=\"elementor-heading-title elementor-size-default\">Bricks and people<\/h4>\t\t\t\t<\/div>\n\t\t\t\t<\/div>\n\t\t\t\t<div class=\"elementor-element elementor-element-0c9b36e elementor-widget elementor-widget-text-editor\" data-id=\"0c9b36e\" data-element_type=\"widget\" data-e-type=\"widget\" data-widget_type=\"text-editor.default\">\n\t\t\t\t<div class=\"elementor-widget-container\">\n\t\t\t\t\t\t\t\t\tAt KROBI, it's not just about providing a home or an office. It's about creating a good framework for everyday life - with security, orderliness and respect as the foundation.\t\t\t\t\t\t\t\t<\/div>\n\t\t\t\t<\/div>\n\t\t\t\t<\/div>\n\t\t\t\t<\/div>\n\t\t\t\t\t<\/div>\n\t\t\t\t<\/div>\n\t\t\t\t<\/div>","protected":false},"excerpt":{"rendered":"<p>Bolig og erhvervsudlejning med fokus p\u00e5 tryghed, kvalitet og personlig service Hos KROBI arbejder vi m\u00e5lrettet for at skabe rammer, hvor b\u00e5de beboere og erhvervslejere kan f\u00f8le sig trygge og godt tilpas. Vi tilbyder moderne, velholdte boliger og kontorlokaler i \u00c5rhus, Aalborg og N\u00f8rresundby, og vi l\u00e6gger stor v\u00e6gt p\u00e5 ordentlighed, tilg\u00e6ngelighed og en god [&hellip;]<\/p>\n","protected":false},"author":1,"featured_media":0,"parent":0,"menu_order":0,"comment_status":"closed","ping_status":"closed","template":"","meta":{"_acf_changed":false,"footnotes":""},"class_list":["post-1608","page","type-page","status-publish","hentry"],"acf":[],"yoast_head":"<!-- This site is optimized with the Yoast SEO plugin v27.4 - https:\/\/yoast.com\/product\/yoast-seo-wordpress\/ -->\n<title>Om KROBI - KROBI<\/title>\n<meta name=\"robots\" content=\"index, follow, max-snippet:-1, max-image-preview:large, max-video-preview:-1\" \/>\n<link rel=\"canonical\" href=\"https:\/\/krobi.dk\/en\/about-krobi\/\" \/>\n<meta property=\"og:locale\" content=\"en_GB\" \/>\n<meta property=\"og:type\" content=\"article\" \/>\n<meta property=\"og:title\" content=\"Om KROBI - KROBI\" \/>\n<meta property=\"og:description\" content=\"Bolig og erhvervsudlejning med fokus p\u00e5 tryghed, kvalitet og personlig service Hos KROBI arbejder vi m\u00e5lrettet for at skabe rammer, hvor b\u00e5de beboere og erhvervslejere kan f\u00f8le sig trygge og godt tilpas. Vi tilbyder moderne, velholdte boliger og kontorlokaler i \u00c5rhus, Aalborg og N\u00f8rresundby, og vi l\u00e6gger stor v\u00e6gt p\u00e5 ordentlighed, tilg\u00e6ngelighed og en god [&hellip;]\" \/>\n<meta property=\"og:url\" content=\"https:\/\/krobi.dk\/en\/about-krobi\/\" \/>\n<meta property=\"og:site_name\" content=\"KROBI\" \/>\n<meta property=\"article:modified_time\" content=\"2025-11-19T11:49:40+00:00\" \/>\n<meta property=\"og:image\" content=\"https:\/\/krobi.dk\/wp-content\/uploads\/Casper.webp\" \/>\n<meta name=\"twitter:card\" content=\"summary_large_image\" \/>\n<meta name=\"twitter:label1\" content=\"Estimated reading time\" \/>\n\t<meta name=\"twitter:data1\" content=\"4 minutes\" \/>\n<script type=\"application\/ld+json\" class=\"yoast-schema-graph\">{\"@context\":\"https:\\\/\\\/schema.org\",\"@graph\":[{\"@type\":\"WebPage\",\"@id\":\"https:\\\/\\\/krobi.dk\\\/om-krobi\\\/\",\"url\":\"https:\\\/\\\/krobi.dk\\\/om-krobi\\\/\",\"name\":\"Om KROBI - KROBI\",\"isPartOf\":{\"@id\":\"https:\\\/\\\/krobi.dk\\\/#website\"},\"primaryImageOfPage\":{\"@id\":\"https:\\\/\\\/krobi.dk\\\/om-krobi\\\/#primaryimage\"},\"image\":{\"@id\":\"https:\\\/\\\/krobi.dk\\\/om-krobi\\\/#primaryimage\"},\"thumbnailUrl\":\"https:\\\/\\\/krobi.dk\\\/wp-content\\\/uploads\\\/Casper.webp\",\"datePublished\":\"2025-06-11T13:20:18+00:00\",\"dateModified\":\"2025-11-19T11:49:40+00:00\",\"inLanguage\":\"en-GB\",\"potentialAction\":[{\"@type\":\"ReadAction\",\"target\":[\"https:\\\/\\\/krobi.dk\\\/om-krobi\\\/\"]}]},{\"@type\":\"ImageObject\",\"inLanguage\":\"en-GB\",\"@id\":\"https:\\\/\\\/krobi.dk\\\/om-krobi\\\/#primaryimage\",\"url\":\"https:\\\/\\\/krobi.dk\\\/wp-content\\\/uploads\\\/Casper.webp\",\"contentUrl\":\"https:\\\/\\\/krobi.dk\\\/wp-content\\\/uploads\\\/Casper.webp\"},{\"@type\":\"WebSite\",\"@id\":\"https:\\\/\\\/krobi.dk\\\/#website\",\"url\":\"https:\\\/\\\/krobi.dk\\\/\",\"name\":\"KROBI\",\"description\":\"\",\"publisher\":{\"@id\":\"https:\\\/\\\/krobi.dk\\\/#organization\"},\"potentialAction\":[{\"@type\":\"SearchAction\",\"target\":{\"@type\":\"EntryPoint\",\"urlTemplate\":\"https:\\\/\\\/krobi.dk\\\/?s={search_term_string}\"},\"query-input\":{\"@type\":\"PropertyValueSpecification\",\"valueRequired\":true,\"valueName\":\"search_term_string\"}}],\"inLanguage\":\"en-GB\"},{\"@type\":\"Organization\",\"@id\":\"https:\\\/\\\/krobi.dk\\\/#organization\",\"name\":\"KROBI\",\"url\":\"https:\\\/\\\/krobi.dk\\\/\",\"logo\":{\"@type\":\"ImageObject\",\"inLanguage\":\"en-GB\",\"@id\":\"https:\\\/\\\/krobi.dk\\\/#\\\/schema\\\/logo\\\/image\\\/\",\"url\":\"https:\\\/\\\/krobi.dk\\\/wp-content\\\/uploads\\\/logo.png\",\"contentUrl\":\"https:\\\/\\\/krobi.dk\\\/wp-content\\\/uploads\\\/logo.png\",\"width\":1200,\"height\":370,\"caption\":\"KROBI\"},\"image\":{\"@id\":\"https:\\\/\\\/krobi.dk\\\/#\\\/schema\\\/logo\\\/image\\\/\"}}]}<\/script>\n<!-- \/ Yoast SEO plugin. -->","yoast_head_json":{"title":"About KROBI - KROBI","robots":{"index":"index","follow":"follow","max-snippet":"max-snippet:-1","max-image-preview":"max-image-preview:large","max-video-preview":"max-video-preview:-1"},"canonical":"https:\/\/krobi.dk\/en\/about-krobi\/","og_locale":"en_GB","og_type":"article","og_title":"Om KROBI - KROBI","og_description":"Bolig og erhvervsudlejning med fokus p\u00e5 tryghed, kvalitet og personlig service Hos KROBI arbejder vi m\u00e5lrettet for at skabe rammer, hvor b\u00e5de beboere og erhvervslejere kan f\u00f8le sig trygge og godt tilpas. Vi tilbyder moderne, velholdte boliger og kontorlokaler i \u00c5rhus, Aalborg og N\u00f8rresundby, og vi l\u00e6gger stor v\u00e6gt p\u00e5 ordentlighed, tilg\u00e6ngelighed og en god [&hellip;]","og_url":"https:\/\/krobi.dk\/en\/about-krobi\/","og_site_name":"KROBI","article_modified_time":"2025-11-19T11:49:40+00:00","og_image":[{"url":"https:\/\/krobi.dk\/wp-content\/uploads\/Casper.webp","type":"","width":"","height":""}],"twitter_card":"summary_large_image","twitter_misc":{"Estimated reading time":"4 minutes"},"schema":{"@context":"https:\/\/schema.org","@graph":[{"@type":"WebPage","@id":"https:\/\/krobi.dk\/om-krobi\/","url":"https:\/\/krobi.dk\/om-krobi\/","name":"About KROBI - KROBI","isPartOf":{"@id":"https:\/\/krobi.dk\/#website"},"primaryImageOfPage":{"@id":"https:\/\/krobi.dk\/om-krobi\/#primaryimage"},"image":{"@id":"https:\/\/krobi.dk\/om-krobi\/#primaryimage"},"thumbnailUrl":"https:\/\/krobi.dk\/wp-content\/uploads\/Casper.webp","datePublished":"2025-06-11T13:20:18+00:00","dateModified":"2025-11-19T11:49:40+00:00","inLanguage":"en-GB","potentialAction":[{"@type":"ReadAction","target":["https:\/\/krobi.dk\/om-krobi\/"]}]},{"@type":"ImageObject","inLanguage":"en-GB","@id":"https:\/\/krobi.dk\/om-krobi\/#primaryimage","url":"https:\/\/krobi.dk\/wp-content\/uploads\/Casper.webp","contentUrl":"https:\/\/krobi.dk\/wp-content\/uploads\/Casper.webp"},{"@type":"WebSite","@id":"https:\/\/krobi.dk\/#website","url":"https:\/\/krobi.dk\/","name":"KROBI","description":"","publisher":{"@id":"https:\/\/krobi.dk\/#organization"},"potentialAction":[{"@type":"SearchAction","target":{"@type":"EntryPoint","urlTemplate":"https:\/\/krobi.dk\/?s={search_term_string}"},"query-input":{"@type":"PropertyValueSpecification","valueRequired":true,"valueName":"search_term_string"}}],"inLanguage":"en-GB"},{"@type":"Organization","@id":"https:\/\/krobi.dk\/#organization","name":"KROBI","url":"https:\/\/krobi.dk\/","logo":{"@type":"ImageObject","inLanguage":"en-GB","@id":"https:\/\/krobi.dk\/#\/schema\/logo\/image\/","url":"https:\/\/krobi.dk\/wp-content\/uploads\/logo.png","contentUrl":"https:\/\/krobi.dk\/wp-content\/uploads\/logo.png","width":1200,"height":370,"caption":"KROBI"},"image":{"@id":"https:\/\/krobi.dk\/#\/schema\/logo\/image\/"}}]}},"_links":{"self":[{"href":"https:\/\/krobi.dk\/en\/wp-json\/wp\/v2\/pages\/1608","targetHints":{"allow":["GET"]}}],"collection":[{"href":"https:\/\/krobi.dk\/en\/wp-json\/wp\/v2\/pages"}],"about":[{"href":"https:\/\/krobi.dk\/en\/wp-json\/wp\/v2\/types\/page"}],"author":[{"embeddable":true,"href":"https:\/\/krobi.dk\/en\/wp-json\/wp\/v2\/users\/1"}],"replies":[{"embeddable":true,"href":"https:\/\/krobi.dk\/en\/wp-json\/wp\/v2\/comments?post=1608"}],"version-history":[{"count":3,"href":"https:\/\/krobi.dk\/en\/wp-json\/wp\/v2\/pages\/1608\/revisions"}],"predecessor-version":[{"id":3346,"href":"https:\/\/krobi.dk\/en\/wp-json\/wp\/v2\/pages\/1608\/revisions\/3346"}],"wp:attachment":[{"href":"https:\/\/krobi.dk\/en\/wp-json\/wp\/v2\/media?parent=1608"}],"curies":[{"name":"wp","href":"https:\/\/api.w.org\/{rel}","templated":true}]}}