{"id":1592,"date":"2025-06-11T15:17:36","date_gmt":"2025-06-11T13:17:36","guid":{"rendered":"https:\/\/krobi.dk\/?page_id=1592"},"modified":"2025-06-13T11:03:07","modified_gmt":"2025-06-13T09:03:07","slug":"reviews","status":"publish","type":"page","link":"https:\/\/krobi.dk\/en\/anmeldelser\/","title":{"rendered":"Reviews"},"content":{"rendered":"\t\t<div data-elementor-type=\"wp-page\" data-elementor-id=\"1592\" class=\"elementor elementor-1592\" data-elementor-post-type=\"page\">\n\t\t\t\t<div class=\"elementor-element elementor-element-c9a6b8f e-flex e-con-boxed e-con e-parent\" data-id=\"c9a6b8f\" data-element_type=\"container\" data-e-type=\"container\" data-settings=\"{&quot;background_background&quot;:&quot;classic&quot;}\">\n\t\t\t\t\t<div class=\"e-con-inner\">\n\t\t<div class=\"elementor-element elementor-element-e7092bc e-con-full e-flex e-con e-child\" data-id=\"e7092bc\" data-element_type=\"container\" data-e-type=\"container\">\n\t\t<div class=\"elementor-element elementor-element-858fef5 e-con-full e-flex e-con e-child\" data-id=\"858fef5\" data-element_type=\"container\" data-e-type=\"container\">\n\t\t\t\t<div class=\"elementor-element elementor-element-5311626 elementor-widget-divider--view-line_text elementor-widget-divider--element-align-right elementor-widget elementor-widget-divider\" data-id=\"5311626\" data-element_type=\"widget\" data-e-type=\"widget\" data-widget_type=\"divider.default\">\n\t\t\t\t<div class=\"elementor-widget-container\">\n\t\t\t\t\t\t\t<div class=\"elementor-divider\">\n\t\t\t<span class=\"elementor-divider-separator\">\n\t\t\t\t\t\t\t<span class=\"elementor-divider__text elementor-divider__element\">\n\t\t\t\tAnmeldelser\t\t\t\t<\/span>\n\t\t\t\t\t\t<\/span>\n\t\t<\/div>\n\t\t\t\t\t\t<\/div>\n\t\t\t\t<\/div>\n\t\t\t\t<div class=\"elementor-element elementor-element-576e6d0 elementor-widget elementor-widget-heading\" data-id=\"576e6d0\" data-element_type=\"widget\" data-e-type=\"widget\" data-widget_type=\"heading.default\">\n\t\t\t\t<div class=\"elementor-widget-container\">\n\t\t\t\t\t<h1 class=\"elementor-heading-title elementor-size-default\">Hvad siger vores lejere?<\/h1>\t\t\t\t<\/div>\n\t\t\t\t<\/div>\n\t\t\t\t<\/div>\n\t\t<div class=\"elementor-element elementor-element-5a4b8eb e-con-full e-flex e-con e-child\" data-id=\"5a4b8eb\" data-element_type=\"container\" data-e-type=\"container\">\n\t\t\t\t<div class=\"elementor-element elementor-element-4bfb528 elementor-widget elementor-widget-text-editor\" data-id=\"4bfb528\" data-element_type=\"widget\" data-e-type=\"widget\" data-widget_type=\"text-editor.default\">\n\t\t\t\t<div class=\"elementor-widget-container\">\n\t\t\t\t\t\t\t\t\t<p>Hos KROBI l\u00e6gger vi stor v\u00e6gt p\u00e5 at skabe trygge og velfungerende rammer \u2013 uanset om du bor i en af vores boliger eller driver virksomhed i et af vores erhvervslejem\u00e5l. Vi tror p\u00e5, at en god dialog og tilg\u00e6ngelig service g\u00f8r en forskel i hverdagen.<\/p><p>Derfor betyder det meget for os, hvad vores lejere oplever. Her kan du l\u00e6se nogle af deres egne ord om, hvordan det er at v\u00e6re lejer hos os \u2013 og hvad de s\u00e6tter pris p\u00e5 i samarbejdet med KROBI.<\/p>\t\t\t\t\t\t\t\t<\/div>\n\t\t\t\t<\/div>\n\t\t\t\t<\/div>\n\t\t\t\t<\/div>\n\t\t<div class=\"elementor-element elementor-element-0c84f43 e-con-full e-flex e-con e-child\" data-id=\"0c84f43\" data-element_type=\"container\" data-e-type=\"container\">\n\t\t\t\t<div class=\"elementor-element elementor-element-5c2e4e3 elementor-testimonial--align-left controlledByArrows_1 elementor-testimonial--skin-default elementor-testimonial--layout-image_inline elementor-invisible elementor-widget elementor-widget-testimonial-carousel\" data-id=\"5c2e4e3\" data-element_type=\"widget\" data-e-type=\"widget\" data-settings=\"{&quot;slides_per_view&quot;:&quot;3&quot;,&quot;_animation&quot;:&quot;fadeInUp&quot;,&quot;space_between&quot;:{&quot;unit&quot;:&quot;px&quot;,&quot;size&quot;:20,&quot;sizes&quot;:[]},&quot;slides_per_view_tablet&quot;:&quot;2&quot;,&quot;speed&quot;:500,&quot;autoplay&quot;:&quot;yes&quot;,&quot;autoplay_speed&quot;:5000,&quot;loop&quot;:&quot;yes&quot;,&quot;pause_on_hover&quot;:&quot;yes&quot;,&quot;pause_on_interaction&quot;:&quot;yes&quot;,&quot;space_between_tablet&quot;:{&quot;unit&quot;:&quot;px&quot;,&quot;size&quot;:10,&quot;sizes&quot;:[]},&quot;space_between_mobile&quot;:{&quot;unit&quot;:&quot;px&quot;,&quot;size&quot;:10,&quot;sizes&quot;:[]}}\" data-widget_type=\"testimonial-carousel.default\">\n\t\t\t\t<div class=\"elementor-widget-container\">\n\t\t\t\t\t\t\t\t\t<div class=\"elementor-swiper\">\n\t\t\t\t\t<div class=\"elementor-main-swiper swiper\" role=\"region\" aria-roledescription=\"carousel\" aria-label=\"Dias (slides)\">\n\t\t\t\t<div class=\"swiper-wrapper\">\n\t\t\t\t\t\t\t\t\t\t\t<div class=\"swiper-slide\" role=\"group\" aria-roledescription=\"slide\">\n\t\t\t\t\t\t\t\t\t<div class=\"elementor-testimonial\">\n\t\t\t\t\t\t\t<div class=\"elementor-testimonial__content\">\n\t\t\t\t\t<div class=\"elementor-testimonial__text\">\n\t\t\t\t\t\tJeg havde i 5 \u00e5r en lejlighed i \u00c5rhus, som jeg lejede igennem Krobi, og jeg kan varmt anbefale at leje her igennem.\t\t\t\t\t<\/div>\n\t\t\t\t\t\t\t\t\t<\/div>\n\t\t\t\t\t\t<div class=\"elementor-testimonial__footer\">\n\t\t\t\t\t\t\t\t<cite class=\"elementor-testimonial__cite\"><span class=\"elementor-testimonial__name\">Anders<\/span><\/cite>\t\t\t<\/div>\n\t\t<\/div>\n\t\t\t\t\t\t\t\t<\/div>\n\t\t\t\t\t\t\t\t\t\t\t<div class=\"swiper-slide\" role=\"group\" aria-roledescription=\"slide\">\n\t\t\t\t\t\t\t\t\t<div class=\"elementor-testimonial\">\n\t\t\t\t\t\t\t<div class=\"elementor-testimonial__content\">\n\t\t\t\t\t<div class=\"elementor-testimonial__text\">\n\t\t\t\t\t\tMed h\u00e5bet om en god lejlighed i \u00c5rhus henvendte jeg mig til Krobi, der fandt den perfekte 3 v\u00e6relses lejlighed til mig. Jeg har nu boet der i 5 \u00e5r og er meget glad for b\u00e5de lejligheden og serviceniveauet. \t\t\t\t\t<\/div>\n\t\t\t\t\t\t\t\t\t<\/div>\n\t\t\t\t\t\t<div class=\"elementor-testimonial__footer\">\n\t\t\t\t\t\t\t\t<cite class=\"elementor-testimonial__cite\"><span class=\"elementor-testimonial__name\">John<\/span><\/cite>\t\t\t<\/div>\n\t\t<\/div>\n\t\t\t\t\t\t\t\t<\/div>\n\t\t\t\t\t\t\t\t\t\t\t<div class=\"swiper-slide\" role=\"group\" aria-roledescription=\"slide\">\n\t\t\t\t\t\t\t\t\t<div class=\"elementor-testimonial\">\n\t\t\t\t\t\t\t<div class=\"elementor-testimonial__content\">\n\t\t\t\t\t<div class=\"elementor-testimonial__text\">\n\t\t\t\t\t\tJeg har i 3 \u00e5r lejet en dejlig lejlighed i Aalborg og har v\u00e6ret meget tilfreds med Krobi som udlejer. Kan varmt anbefale at leje hos Krobi. \t\t\t\t\t<\/div>\n\t\t\t\t\t\t\t\t\t<\/div>\n\t\t\t\t\t\t<div class=\"elementor-testimonial__footer\">\n\t\t\t\t\t\t\t\t<cite class=\"elementor-testimonial__cite\"><span class=\"elementor-testimonial__name\">Simon Hansen<\/span><\/cite>\t\t\t<\/div>\n\t\t<\/div>\n\t\t\t\t\t\t\t\t<\/div>\n\t\t\t\t\t\t\t\t\t\t\t<div class=\"swiper-slide\" role=\"group\" aria-roledescription=\"slide\">\n\t\t\t\t\t\t\t\t\t<div class=\"elementor-testimonial\">\n\t\t\t\t\t\t\t<div class=\"elementor-testimonial__content\">\n\t\t\t\t\t<div class=\"elementor-testimonial__text\">\n\t\t\t\t\t\tJeg er fraflytter p\u00e5 en lejlighed ved Krobi og er meget tilfreds med den professionelle m\u00e5de flytteopg\u00f8relse er h\u00e5ndteret p\u00e5 - jeg siger mange tak for denne gang og vil sandsynligviv vende tilbage. \t\t\t\t\t<\/div>\n\t\t\t\t\t\t\t\t\t<\/div>\n\t\t\t\t\t\t<div class=\"elementor-testimonial__footer\">\n\t\t\t\t\t\t\t\t<cite class=\"elementor-testimonial__cite\"><span class=\"elementor-testimonial__name\">Nicolaj Hansen<\/span><\/cite>\t\t\t<\/div>\n\t\t<\/div>\n\t\t\t\t\t\t\t\t<\/div>\n\t\t\t\t\t\t\t\t\t\t\t<div class=\"swiper-slide\" role=\"group\" aria-roledescription=\"slide\">\n\t\t\t\t\t\t\t\t\t<div class=\"elementor-testimonial\">\n\t\t\t\t\t\t\t<div class=\"elementor-testimonial__content\">\n\t\t\t\t\t<div class=\"elementor-testimonial__text\">\n\t\t\t\t\t\tJeg er for 3 uger siden fraflyttet en lejlighed i N\u00f8rresundby og jeg er meget tilfreds med den m\u00e5de Krobi har behandlet mig p\u00e5. Rigtig god service den periode jeg har boet i lejligheden og rigtig behageligt udflyt. Jeg har nu f\u00e5et mit rest depositum.\t\t\t\t\t<\/div>\n\t\t\t\t\t\t\t\t\t<\/div>\n\t\t\t\t\t\t<div class=\"elementor-testimonial__footer\">\n\t\t\t\t\t\t\t\t<cite class=\"elementor-testimonial__cite\"><span class=\"elementor-testimonial__name\">Line Andersen<\/span><\/cite>\t\t\t<\/div>\n\t\t<\/div>\n\t\t\t\t\t\t\t\t<\/div>\n\t\t\t\t\t\t\t\t\t\t\t<div class=\"swiper-slide\" role=\"group\" aria-roledescription=\"slide\">\n\t\t\t\t\t\t\t\t\t<div class=\"elementor-testimonial\">\n\t\t\t\t\t\t\t<div class=\"elementor-testimonial__content\">\n\t\t\t\t\t<div class=\"elementor-testimonial__text\">\n\t\t\t\t\t\tJeg har netop f\u00e5et mit rest depositum retur fra Krobi efter at have boet i en af deres lejligheder i 5 \u00e5r. Jeg er yderst tilfreds med den gode service jeg har f\u00e5et i forbindelse med fraflyt og i alle de \u00e5r jeg har boet til leje hos dem.\t\t\t\t\t<\/div>\n\t\t\t\t\t\t\t\t\t<\/div>\n\t\t\t\t\t\t<div class=\"elementor-testimonial__footer\">\n\t\t\t\t\t\t\t\t<cite class=\"elementor-testimonial__cite\"><span class=\"elementor-testimonial__name\">Mathilde J\u00f8rgensen<\/span><\/cite>\t\t\t<\/div>\n\t\t<\/div>\n\t\t\t\t\t\t\t\t<\/div>\n\t\t\t\t\t\t\t\t\t<\/div>\n\t\t\t\t\t\t\t\t\t\t\t\t\t\t\t\t\t\t\t\t\t<\/div>\n\t\t\t\t<\/div>\n\t\t\t\t\t\t\t\t<\/div>\n\t\t\t\t<\/div>\n\t\t<div class=\"elementor-element elementor-element-bbf6a3d e-con-full e-flex elementor-invisible e-con e-child\" data-id=\"bbf6a3d\" data-element_type=\"container\" data-e-type=\"container\" data-settings=\"{&quot;animation&quot;:&quot;fadeIn&quot;,&quot;animation_delay&quot;:300}\">\n\t\t\t\t<div class=\"elementor-element elementor-element-cc1c385 elementor-view-stacked arrowControlPrevious_1 elementor-shape-circle elementor-widget elementor-widget-icon\" data-id=\"cc1c385\" data-element_type=\"widget\" data-e-type=\"widget\" data-widget_type=\"icon.default\">\n\t\t\t\t<div class=\"elementor-widget-container\">\n\t\t\t\t\t\t\t<div class=\"elementor-icon-wrapper\">\n\t\t\t<div class=\"elementor-icon\">\n\t\t\t<i aria-hidden=\"true\" class=\"far fa-angle-left\"><\/i>\t\t\t<\/div>\n\t\t<\/div>\n\t\t\t\t\t\t<\/div>\n\t\t\t\t<\/div>\n\t\t\t\t<div class=\"elementor-element elementor-element-cb69e17 elementor-view-stacked arrowControlForward_1 elementor-shape-circle elementor-widget elementor-widget-icon\" data-id=\"cb69e17\" data-element_type=\"widget\" data-e-type=\"widget\" data-widget_type=\"icon.default\">\n\t\t\t\t<div class=\"elementor-widget-container\">\n\t\t\t\t\t\t\t<div class=\"elementor-icon-wrapper\">\n\t\t\t<div class=\"elementor-icon\">\n\t\t\t<i aria-hidden=\"true\" class=\"far fa-angle-right\"><\/i>\t\t\t<\/div>\n\t\t<\/div>\n\t\t\t\t\t\t<\/div>\n\t\t\t\t<\/div>\n\t\t\t\t<div class=\"elementor-element elementor-element-3105286 elementor-widget elementor-widget-html\" data-id=\"3105286\" data-element_type=\"widget\" data-e-type=\"widget\" data-widget_type=\"html.default\">\n\t\t\t\t<div class=\"elementor-widget-container\">\n\t\t\t\t\t<script>\n\n\/* Code from https:\/\/element.how\/elementor-control-carousel-custom-arrows\/ *\/\nwindow.addEventListener('load', function () {\n\tdocument.querySelectorAll('[class*=\"arrowControlForward_\"]').forEach(function (forwardArrow) {\n\t\tconst group = forwardArrow.className.match(\/arrowControlForward_(\\d+)\/)[1];\n\n\t\tconst swiperElements = document.querySelectorAll(`.controlledByArrows_${group} .swiper, .controlledByArrows_${group} .swiper-container`);\n\t\tforwardArrow.addEventListener('click', function (e) {\n\t\t\te.preventDefault();\n\t\t\tswiperElements.forEach(elem => elem.swiper.slideNext());\n\t\t});\n\t});\n\n\tdocument.querySelectorAll('[class*=\"arrowControlPrevious_\"]').forEach(function (previousArrow) {\n\t\tconst group = previousArrow.className.match(\/arrowControlPrevious_(\\d+)\/)[1];\n\n\t\tconst swiperElements = document.querySelectorAll(`.controlledByArrows_${group} .swiper, .controlledByArrows_${group} .swiper-container`);\n\t\tpreviousArrow.addEventListener('click', function (e) {\n\t\t\te.preventDefault();\n\t\t\tswiperElements.forEach(elem => elem.swiper.slidePrev());\n\t\t});\n\t});\n});\n\n<\/script>\t\t\t\t<\/div>\n\t\t\t\t<\/div>\n\t\t\t\t<\/div>\n\t\t\t\t<\/div>\n\t\t\t\t\t<\/div>\n\t\t\t\t<\/div>\n\t\t\t\t<\/div>\n\t\t","protected":false},"excerpt":{"rendered":"<p>Anmeldelser Hvad siger vores lejere? Hos KROBI l\u00e6gger vi stor v\u00e6gt p\u00e5 at skabe trygge og velfungerende rammer \u2013 uanset om du bor i en af vores boliger eller driver virksomhed i et af vores erhvervslejem\u00e5l. Vi tror p\u00e5, at en god dialog og tilg\u00e6ngelig service g\u00f8r en forskel i hverdagen. Derfor betyder det meget [&hellip;]<\/p>\n","protected":false},"author":1,"featured_media":0,"parent":0,"menu_order":0,"comment_status":"closed","ping_status":"closed","template":"","meta":{"_acf_changed":false,"footnotes":""},"class_list":["post-1592","page","type-page","status-publish","hentry"],"acf":[],"yoast_head":"<!-- This site is optimized with the Yoast SEO plugin v27.4 - https:\/\/yoast.com\/product\/yoast-seo-wordpress\/ -->\n<title>Anmeldelser - KROBI<\/title>\n<meta name=\"robots\" content=\"index, follow, max-snippet:-1, max-image-preview:large, max-video-preview:-1\" \/>\n<link rel=\"canonical\" href=\"https:\/\/krobi.dk\/en\/reviews\/\" \/>\n<meta property=\"og:locale\" content=\"en_GB\" \/>\n<meta property=\"og:type\" content=\"article\" \/>\n<meta property=\"og:title\" content=\"Anmeldelser - KROBI\" \/>\n<meta property=\"og:description\" content=\"Anmeldelser Hvad siger vores lejere? Hos KROBI l\u00e6gger vi stor v\u00e6gt p\u00e5 at skabe trygge og velfungerende rammer \u2013 uanset om du bor i en af vores boliger eller driver virksomhed i et af vores erhvervslejem\u00e5l. Vi tror p\u00e5, at en god dialog og tilg\u00e6ngelig service g\u00f8r en forskel i hverdagen. Derfor betyder det meget [&hellip;]\" \/>\n<meta property=\"og:url\" content=\"https:\/\/krobi.dk\/en\/reviews\/\" \/>\n<meta property=\"og:site_name\" content=\"KROBI\" \/>\n<meta property=\"article:modified_time\" content=\"2025-06-13T09:03:07+00:00\" \/>\n<meta name=\"twitter:card\" content=\"summary_large_image\" \/>\n<meta name=\"twitter:label1\" content=\"Estimated reading time\" \/>\n\t<meta name=\"twitter:data1\" content=\"3 minutes\" \/>\n<script type=\"application\/ld+json\" class=\"yoast-schema-graph\">{\"@context\":\"https:\\\/\\\/schema.org\",\"@graph\":[{\"@type\":\"WebPage\",\"@id\":\"https:\\\/\\\/krobi.dk\\\/anmeldelser\\\/\",\"url\":\"https:\\\/\\\/krobi.dk\\\/anmeldelser\\\/\",\"name\":\"Anmeldelser - KROBI\",\"isPartOf\":{\"@id\":\"https:\\\/\\\/krobi.dk\\\/#website\"},\"datePublished\":\"2025-06-11T13:17:36+00:00\",\"dateModified\":\"2025-06-13T09:03:07+00:00\",\"inLanguage\":\"en-GB\",\"potentialAction\":[{\"@type\":\"ReadAction\",\"target\":[\"https:\\\/\\\/krobi.dk\\\/anmeldelser\\\/\"]}]},{\"@type\":\"WebSite\",\"@id\":\"https:\\\/\\\/krobi.dk\\\/#website\",\"url\":\"https:\\\/\\\/krobi.dk\\\/\",\"name\":\"KROBI\",\"description\":\"\",\"publisher\":{\"@id\":\"https:\\\/\\\/krobi.dk\\\/#organization\"},\"potentialAction\":[{\"@type\":\"SearchAction\",\"target\":{\"@type\":\"EntryPoint\",\"urlTemplate\":\"https:\\\/\\\/krobi.dk\\\/?s={search_term_string}\"},\"query-input\":{\"@type\":\"PropertyValueSpecification\",\"valueRequired\":true,\"valueName\":\"search_term_string\"}}],\"inLanguage\":\"en-GB\"},{\"@type\":\"Organization\",\"@id\":\"https:\\\/\\\/krobi.dk\\\/#organization\",\"name\":\"KROBI\",\"url\":\"https:\\\/\\\/krobi.dk\\\/\",\"logo\":{\"@type\":\"ImageObject\",\"inLanguage\":\"en-GB\",\"@id\":\"https:\\\/\\\/krobi.dk\\\/#\\\/schema\\\/logo\\\/image\\\/\",\"url\":\"https:\\\/\\\/krobi.dk\\\/wp-content\\\/uploads\\\/logo.png\",\"contentUrl\":\"https:\\\/\\\/krobi.dk\\\/wp-content\\\/uploads\\\/logo.png\",\"width\":1200,\"height\":370,\"caption\":\"KROBI\"},\"image\":{\"@id\":\"https:\\\/\\\/krobi.dk\\\/#\\\/schema\\\/logo\\\/image\\\/\"}}]}<\/script>\n<!-- \/ Yoast SEO plugin. -->","yoast_head_json":{"title":"Reviews - KROBI","robots":{"index":"index","follow":"follow","max-snippet":"max-snippet:-1","max-image-preview":"max-image-preview:large","max-video-preview":"max-video-preview:-1"},"canonical":"https:\/\/krobi.dk\/en\/reviews\/","og_locale":"en_GB","og_type":"article","og_title":"Anmeldelser - KROBI","og_description":"Anmeldelser Hvad siger vores lejere? Hos KROBI l\u00e6gger vi stor v\u00e6gt p\u00e5 at skabe trygge og velfungerende rammer \u2013 uanset om du bor i en af vores boliger eller driver virksomhed i et af vores erhvervslejem\u00e5l. Vi tror p\u00e5, at en god dialog og tilg\u00e6ngelig service g\u00f8r en forskel i hverdagen. Derfor betyder det meget [&hellip;]","og_url":"https:\/\/krobi.dk\/en\/reviews\/","og_site_name":"KROBI","article_modified_time":"2025-06-13T09:03:07+00:00","twitter_card":"summary_large_image","twitter_misc":{"Estimated reading time":"3 minutes"},"schema":{"@context":"https:\/\/schema.org","@graph":[{"@type":"WebPage","@id":"https:\/\/krobi.dk\/anmeldelser\/","url":"https:\/\/krobi.dk\/anmeldelser\/","name":"Reviews - KROBI","isPartOf":{"@id":"https:\/\/krobi.dk\/#website"},"datePublished":"2025-06-11T13:17:36+00:00","dateModified":"2025-06-13T09:03:07+00:00","inLanguage":"en-GB","potentialAction":[{"@type":"ReadAction","target":["https:\/\/krobi.dk\/anmeldelser\/"]}]},{"@type":"WebSite","@id":"https:\/\/krobi.dk\/#website","url":"https:\/\/krobi.dk\/","name":"KROBI","description":"","publisher":{"@id":"https:\/\/krobi.dk\/#organization"},"potentialAction":[{"@type":"SearchAction","target":{"@type":"EntryPoint","urlTemplate":"https:\/\/krobi.dk\/?s={search_term_string}"},"query-input":{"@type":"PropertyValueSpecification","valueRequired":true,"valueName":"search_term_string"}}],"inLanguage":"en-GB"},{"@type":"Organization","@id":"https:\/\/krobi.dk\/#organization","name":"KROBI","url":"https:\/\/krobi.dk\/","logo":{"@type":"ImageObject","inLanguage":"en-GB","@id":"https:\/\/krobi.dk\/#\/schema\/logo\/image\/","url":"https:\/\/krobi.dk\/wp-content\/uploads\/logo.png","contentUrl":"https:\/\/krobi.dk\/wp-content\/uploads\/logo.png","width":1200,"height":370,"caption":"KROBI"},"image":{"@id":"https:\/\/krobi.dk\/#\/schema\/logo\/image\/"}}]}},"_links":{"self":[{"href":"https:\/\/krobi.dk\/en\/wp-json\/wp\/v2\/pages\/1592","targetHints":{"allow":["GET"]}}],"collection":[{"href":"https:\/\/krobi.dk\/en\/wp-json\/wp\/v2\/pages"}],"about":[{"href":"https:\/\/krobi.dk\/en\/wp-json\/wp\/v2\/types\/page"}],"author":[{"embeddable":true,"href":"https:\/\/krobi.dk\/en\/wp-json\/wp\/v2\/users\/1"}],"replies":[{"embeddable":true,"href":"https:\/\/krobi.dk\/en\/wp-json\/wp\/v2\/comments?post=1592"}],"version-history":[{"count":0,"href":"https:\/\/krobi.dk\/en\/wp-json\/wp\/v2\/pages\/1592\/revisions"}],"wp:attachment":[{"href":"https:\/\/krobi.dk\/en\/wp-json\/wp\/v2\/media?parent=1592"}],"curies":[{"name":"wp","href":"https:\/\/api.w.org\/{rel}","templated":true}]}}