{"id":1590,"date":"2025-06-11T15:17:27","date_gmt":"2025-06-11T13:17:27","guid":{"rendered":"https:\/\/krobi.dk\/?page_id=1590"},"modified":"2025-11-05T13:50:38","modified_gmt":"2025-11-05T12:50:38","slug":"for-tenants","status":"publish","type":"page","link":"https:\/\/krobi.dk\/en\/til-lejere\/","title":{"rendered":"For tenants"},"content":{"rendered":"<div data-elementor-type=\"wp-page\" data-elementor-id=\"1590\" class=\"elementor elementor-1590\" data-elementor-post-type=\"page\">\n\t\t\t\t<div class=\"elementor-element elementor-element-e5c3731 e-flex e-con-boxed e-con e-parent\" data-id=\"e5c3731\" data-element_type=\"container\" data-e-type=\"container\">\n\t\t\t\t\t<div class=\"e-con-inner\">\n\t\t<div class=\"elementor-element elementor-element-63b5657 e-con-full e-flex e-con e-child\" data-id=\"63b5657\" data-element_type=\"container\" data-e-type=\"container\">\n\t\t\t\t<div class=\"elementor-element elementor-element-41c5ef8 elementor-widget elementor-widget-image\" data-id=\"41c5ef8\" data-element_type=\"widget\" data-e-type=\"widget\" data-widget_type=\"image.default\">\n\t\t\t\t<div class=\"elementor-widget-container\">\n\t\t\t\t\t\t\t\t\t\t\t\t\t\t\t<img fetchpriority=\"high\" decoding=\"async\" width=\"1833\" height=\"1360\" src=\"https:\/\/krobi.dk\/wp-content\/uploads\/AneDamsGade-e1759233994284.webp\" class=\"attachment-full size-full wp-image-1663\" alt=\"\" srcset=\"https:\/\/krobi.dk\/wp-content\/uploads\/AneDamsGade-e1759233994284.webp 1833w, https:\/\/krobi.dk\/wp-content\/uploads\/AneDamsGade-e1759233994284-300x223.webp 300w, https:\/\/krobi.dk\/wp-content\/uploads\/AneDamsGade-e1759233994284-1024x760.webp 1024w, https:\/\/krobi.dk\/wp-content\/uploads\/AneDamsGade-e1759233994284-768x570.webp 768w, https:\/\/krobi.dk\/wp-content\/uploads\/AneDamsGade-e1759233994284-1536x1140.webp 1536w, https:\/\/krobi.dk\/wp-content\/uploads\/AneDamsGade-e1759233994284-16x12.webp 16w\" sizes=\"(max-width: 1833px) 100vw, 1833px\" \/>\t\t\t\t\t\t\t\t\t\t\t\t\t\t\t<\/div>\n\t\t\t\t<\/div>\n\t\t\t\t<\/div>\n\t\t<div class=\"elementor-element elementor-element-59d5aef e-con-full e-flex e-con e-child\" data-id=\"59d5aef\" data-element_type=\"container\" data-e-type=\"container\">\n\t\t\t\t<div class=\"elementor-element elementor-element-faabbf6 elementor-widget-divider--view-line_text elementor-widget-divider--element-align-right elementor-widget elementor-widget-divider\" data-id=\"faabbf6\" data-element_type=\"widget\" data-e-type=\"widget\" data-widget_type=\"divider.default\">\n\t\t\t\t<div class=\"elementor-widget-container\">\n\t\t\t\t\t\t\t<div class=\"elementor-divider\">\n\t\t\t<span class=\"elementor-divider-separator\">\n\t\t\t\t\t\t<\/span>\n\t\t<\/div>\n\t\t\t\t\t\t<\/div>\n\t\t\t\t<\/div>\n\t\t\t\t<div class=\"elementor-element elementor-element-ab1bcbe elementor-widget elementor-widget-heading\" data-id=\"ab1bcbe\" data-element_type=\"widget\" data-e-type=\"widget\" data-widget_type=\"heading.default\">\n\t\t\t\t<div class=\"elementor-widget-container\">\n\t\t\t\t\t<h1 class=\"elementor-heading-title elementor-size-default\">Information for tenants in our residential tenancies<\/h1>\t\t\t\t<\/div>\n\t\t\t\t<\/div>\n\t\t\t\t<div class=\"elementor-element elementor-element-66f0b7b elementor-widget elementor-widget-text-editor\" data-id=\"66f0b7b\" data-element_type=\"widget\" data-e-type=\"widget\" data-widget_type=\"text-editor.default\">\n\t\t\t\t<div class=\"elementor-widget-container\">\n\t\t\t\t\t\t\t\t\t<p>As a tenant at KROBI Properties, you are part of a community where safety, mutual respect and decent conditions are in focus. To ensure a good and well-functioning living environment for everyone, we encourage you as a tenant to familiarise yourself with the guidelines and instructions that apply to our properties.<\/p><p>We have prepared house rules and instructions for moving in and out, which are available here on our website. These documents are intended to help and support you and your fellow residents in your daily life and aim to create a good and safe experience for everyone who lives with us.<\/p><p>Please note that the information on the website is for guidance only and that in some cases special agreements may have been made in the specific rental contract.<\/p><p>In the event of any differences, the content of the rental agreement always applies to the rental relationship.<\/p><p>We thank you for helping to look after both the property and the community.<\/p>\t\t\t\t\t\t\t\t<\/div>\n\t\t\t\t<\/div>\n\t\t<div class=\"elementor-element elementor-element-50368d9 e-con-full e-flex e-con e-child\" data-id=\"50368d9\" data-element_type=\"container\" data-e-type=\"container\">\n\t\t\t\t<div class=\"elementor-element elementor-element-715b836 elementor-mobile-align-justify elementor-widget-mobile__width-inherit elementor-widget elementor-widget-button\" data-id=\"715b836\" data-element_type=\"widget\" data-e-type=\"widget\" data-widget_type=\"button.default\">\n\t\t\t\t<div class=\"elementor-widget-container\">\n\t\t\t\t\t\t\t\t\t<div class=\"elementor-button-wrapper\">\n\t\t\t\t\t<a class=\"elementor-button elementor-button-link elementor-size-sm\" href=\"https:\/\/krobi.dk\/en\/husorden-lejema%cc%8al\/\" target=\"_blank\">\n\t\t\t\t\t\t<span class=\"elementor-button-content-wrapper\">\n\t\t\t\t\t\t<span class=\"elementor-button-icon\">\n\t\t\t\t<i aria-hidden=\"true\" class=\"fas fa-file-pdf\"><\/i>\t\t\t<\/span>\n\t\t\t\t\t\t\t\t\t<span class=\"elementor-button-text\">House rules<\/span>\n\t\t\t\t\t<\/span>\n\t\t\t\t\t<\/a>\n\t\t\t\t<\/div>\n\t\t\t\t\t\t\t\t<\/div>\n\t\t\t\t<\/div>\n\t\t\t\t<div class=\"elementor-element elementor-element-8906f5c elementor-mobile-align-justify elementor-widget-mobile__width-inherit elementor-widget elementor-widget-button\" data-id=\"8906f5c\" data-element_type=\"widget\" data-e-type=\"widget\" data-widget_type=\"button.default\">\n\t\t\t\t<div class=\"elementor-widget-container\">\n\t\t\t\t\t\t\t\t\t<div class=\"elementor-button-wrapper\">\n\t\t\t\t\t<a class=\"elementor-button elementor-button-link elementor-size-sm\" href=\"https:\/\/krobi.dk\/en\/ind-og-udflytning\/\" target=\"_blank\">\n\t\t\t\t\t\t<span class=\"elementor-button-content-wrapper\">\n\t\t\t\t\t\t<span class=\"elementor-button-icon\">\n\t\t\t\t<i aria-hidden=\"true\" class=\"fas fa-file-pdf\"><\/i>\t\t\t<\/span>\n\t\t\t\t\t\t\t\t\t<span class=\"elementor-button-text\">Move in and move out<\/span>\n\t\t\t\t\t<\/span>\n\t\t\t\t\t<\/a>\n\t\t\t\t<\/div>\n\t\t\t\t\t\t\t\t<\/div>\n\t\t\t\t<\/div>\n\t\t\t\t<div class=\"elementor-element elementor-element-f897299 elementor-mobile-align-justify elementor-widget-mobile__width-inherit elementor-widget elementor-widget-button\" data-id=\"f897299\" data-element_type=\"widget\" data-e-type=\"widget\" data-widget_type=\"button.default\">\n\t\t\t\t<div class=\"elementor-widget-container\">\n\t\t\t\t\t\t\t\t\t<div class=\"elementor-button-wrapper\">\n\t\t\t\t\t<a class=\"elementor-button elementor-button-link elementor-size-sm\" href=\"https:\/\/krobi.dk\/en\/indeklima\/\" target=\"_blank\">\n\t\t\t\t\t\t<span class=\"elementor-button-content-wrapper\">\n\t\t\t\t\t\t<span class=\"elementor-button-icon\">\n\t\t\t\t<i aria-hidden=\"true\" class=\"fas fa-file-pdf\"><\/i>\t\t\t<\/span>\n\t\t\t\t\t\t\t\t\t<span class=\"elementor-button-text\">Indoor climate<\/span>\n\t\t\t\t\t<\/span>\n\t\t\t\t\t<\/a>\n\t\t\t\t<\/div>\n\t\t\t\t\t\t\t\t<\/div>\n\t\t\t\t<\/div>\n\t\t\t\t<\/div>\n\t\t\t\t<\/div>\n\t\t\t\t\t<\/div>\n\t\t\t\t<\/div>\n\t\t\t\t<\/div>","protected":false},"excerpt":{"rendered":"<p>Information til lejere i vores bolig-lejem\u00e5l Som lejer hos KROBI Ejendomme er du en del af et f\u00e6llesskab, hvor tryghed, gensidig respekt og ordentlige forhold er i fokus. For at sikre et godt og velfungerende bomilj\u00f8 for alle, opfordrer vi til, at du som lejer s\u00e6tter dig ind i de retningslinjer og vejledninger, der g\u00e6lder [&hellip;]<\/p>\n","protected":false},"author":1,"featured_media":0,"parent":0,"menu_order":0,"comment_status":"closed","ping_status":"closed","template":"","meta":{"_acf_changed":false,"footnotes":""},"class_list":["post-1590","page","type-page","status-publish","hentry"],"acf":[],"yoast_head":"<!-- This site is optimized with the Yoast SEO plugin v27.4 - https:\/\/yoast.com\/product\/yoast-seo-wordpress\/ -->\n<title>Til lejere - KROBI<\/title>\n<meta name=\"robots\" content=\"index, follow, max-snippet:-1, max-image-preview:large, max-video-preview:-1\" \/>\n<link rel=\"canonical\" href=\"https:\/\/krobi.dk\/en\/for-tenants\/\" \/>\n<meta property=\"og:locale\" content=\"en_GB\" \/>\n<meta property=\"og:type\" content=\"article\" \/>\n<meta property=\"og:title\" content=\"Til lejere - KROBI\" \/>\n<meta property=\"og:description\" content=\"Information til lejere i vores bolig-lejem\u00e5l Som lejer hos KROBI Ejendomme er du en del af et f\u00e6llesskab, hvor tryghed, gensidig respekt og ordentlige forhold er i fokus. For at sikre et godt og velfungerende bomilj\u00f8 for alle, opfordrer vi til, at du som lejer s\u00e6tter dig ind i de retningslinjer og vejledninger, der g\u00e6lder [&hellip;]\" \/>\n<meta property=\"og:url\" content=\"https:\/\/krobi.dk\/en\/for-tenants\/\" \/>\n<meta property=\"og:site_name\" content=\"KROBI\" \/>\n<meta property=\"article:modified_time\" content=\"2025-11-05T12:50:38+00:00\" \/>\n<meta property=\"og:image\" content=\"https:\/\/krobi.dk\/wp-content\/uploads\/AneDamsGade-e1759233994284.webp\" \/>\n<meta name=\"twitter:card\" content=\"summary_large_image\" \/>\n<meta name=\"twitter:label1\" content=\"Estimated reading time\" \/>\n\t<meta name=\"twitter:data1\" content=\"2 minutes\" \/>\n<script type=\"application\/ld+json\" class=\"yoast-schema-graph\">{\"@context\":\"https:\\\/\\\/schema.org\",\"@graph\":[{\"@type\":\"WebPage\",\"@id\":\"https:\\\/\\\/krobi.dk\\\/til-lejere\\\/\",\"url\":\"https:\\\/\\\/krobi.dk\\\/til-lejere\\\/\",\"name\":\"Til lejere - KROBI\",\"isPartOf\":{\"@id\":\"https:\\\/\\\/krobi.dk\\\/#website\"},\"primaryImageOfPage\":{\"@id\":\"https:\\\/\\\/krobi.dk\\\/til-lejere\\\/#primaryimage\"},\"image\":{\"@id\":\"https:\\\/\\\/krobi.dk\\\/til-lejere\\\/#primaryimage\"},\"thumbnailUrl\":\"https:\\\/\\\/krobi.dk\\\/wp-content\\\/uploads\\\/AneDamsGade-e1759233994284.webp\",\"datePublished\":\"2025-06-11T13:17:27+00:00\",\"dateModified\":\"2025-11-05T12:50:38+00:00\",\"inLanguage\":\"en-GB\",\"potentialAction\":[{\"@type\":\"ReadAction\",\"target\":[\"https:\\\/\\\/krobi.dk\\\/til-lejere\\\/\"]}]},{\"@type\":\"ImageObject\",\"inLanguage\":\"en-GB\",\"@id\":\"https:\\\/\\\/krobi.dk\\\/til-lejere\\\/#primaryimage\",\"url\":\"https:\\\/\\\/krobi.dk\\\/wp-content\\\/uploads\\\/AneDamsGade-e1759233994284.webp\",\"contentUrl\":\"https:\\\/\\\/krobi.dk\\\/wp-content\\\/uploads\\\/AneDamsGade-e1759233994284.webp\"},{\"@type\":\"WebSite\",\"@id\":\"https:\\\/\\\/krobi.dk\\\/#website\",\"url\":\"https:\\\/\\\/krobi.dk\\\/\",\"name\":\"KROBI\",\"description\":\"\",\"publisher\":{\"@id\":\"https:\\\/\\\/krobi.dk\\\/#organization\"},\"potentialAction\":[{\"@type\":\"SearchAction\",\"target\":{\"@type\":\"EntryPoint\",\"urlTemplate\":\"https:\\\/\\\/krobi.dk\\\/?s={search_term_string}\"},\"query-input\":{\"@type\":\"PropertyValueSpecification\",\"valueRequired\":true,\"valueName\":\"search_term_string\"}}],\"inLanguage\":\"en-GB\"},{\"@type\":\"Organization\",\"@id\":\"https:\\\/\\\/krobi.dk\\\/#organization\",\"name\":\"KROBI\",\"url\":\"https:\\\/\\\/krobi.dk\\\/\",\"logo\":{\"@type\":\"ImageObject\",\"inLanguage\":\"en-GB\",\"@id\":\"https:\\\/\\\/krobi.dk\\\/#\\\/schema\\\/logo\\\/image\\\/\",\"url\":\"https:\\\/\\\/krobi.dk\\\/wp-content\\\/uploads\\\/logo.png\",\"contentUrl\":\"https:\\\/\\\/krobi.dk\\\/wp-content\\\/uploads\\\/logo.png\",\"width\":1200,\"height\":370,\"caption\":\"KROBI\"},\"image\":{\"@id\":\"https:\\\/\\\/krobi.dk\\\/#\\\/schema\\\/logo\\\/image\\\/\"}}]}<\/script>\n<!-- \/ Yoast SEO plugin. -->","yoast_head_json":{"title":"For tenants - KROBI","robots":{"index":"index","follow":"follow","max-snippet":"max-snippet:-1","max-image-preview":"max-image-preview:large","max-video-preview":"max-video-preview:-1"},"canonical":"https:\/\/krobi.dk\/en\/for-tenants\/","og_locale":"en_GB","og_type":"article","og_title":"Til lejere - KROBI","og_description":"Information til lejere i vores bolig-lejem\u00e5l Som lejer hos KROBI Ejendomme er du en del af et f\u00e6llesskab, hvor tryghed, gensidig respekt og ordentlige forhold er i fokus. For at sikre et godt og velfungerende bomilj\u00f8 for alle, opfordrer vi til, at du som lejer s\u00e6tter dig ind i de retningslinjer og vejledninger, der g\u00e6lder [&hellip;]","og_url":"https:\/\/krobi.dk\/en\/for-tenants\/","og_site_name":"KROBI","article_modified_time":"2025-11-05T12:50:38+00:00","og_image":[{"url":"https:\/\/krobi.dk\/wp-content\/uploads\/AneDamsGade-e1759233994284.webp","type":"","width":"","height":""}],"twitter_card":"summary_large_image","twitter_misc":{"Estimated reading time":"2 minutes"},"schema":{"@context":"https:\/\/schema.org","@graph":[{"@type":"WebPage","@id":"https:\/\/krobi.dk\/til-lejere\/","url":"https:\/\/krobi.dk\/til-lejere\/","name":"For tenants - KROBI","isPartOf":{"@id":"https:\/\/krobi.dk\/#website"},"primaryImageOfPage":{"@id":"https:\/\/krobi.dk\/til-lejere\/#primaryimage"},"image":{"@id":"https:\/\/krobi.dk\/til-lejere\/#primaryimage"},"thumbnailUrl":"https:\/\/krobi.dk\/wp-content\/uploads\/AneDamsGade-e1759233994284.webp","datePublished":"2025-06-11T13:17:27+00:00","dateModified":"2025-11-05T12:50:38+00:00","inLanguage":"en-GB","potentialAction":[{"@type":"ReadAction","target":["https:\/\/krobi.dk\/til-lejere\/"]}]},{"@type":"ImageObject","inLanguage":"en-GB","@id":"https:\/\/krobi.dk\/til-lejere\/#primaryimage","url":"https:\/\/krobi.dk\/wp-content\/uploads\/AneDamsGade-e1759233994284.webp","contentUrl":"https:\/\/krobi.dk\/wp-content\/uploads\/AneDamsGade-e1759233994284.webp"},{"@type":"WebSite","@id":"https:\/\/krobi.dk\/#website","url":"https:\/\/krobi.dk\/","name":"KROBI","description":"","publisher":{"@id":"https:\/\/krobi.dk\/#organization"},"potentialAction":[{"@type":"SearchAction","target":{"@type":"EntryPoint","urlTemplate":"https:\/\/krobi.dk\/?s={search_term_string}"},"query-input":{"@type":"PropertyValueSpecification","valueRequired":true,"valueName":"search_term_string"}}],"inLanguage":"en-GB"},{"@type":"Organization","@id":"https:\/\/krobi.dk\/#organization","name":"KROBI","url":"https:\/\/krobi.dk\/","logo":{"@type":"ImageObject","inLanguage":"en-GB","@id":"https:\/\/krobi.dk\/#\/schema\/logo\/image\/","url":"https:\/\/krobi.dk\/wp-content\/uploads\/logo.png","contentUrl":"https:\/\/krobi.dk\/wp-content\/uploads\/logo.png","width":1200,"height":370,"caption":"KROBI"},"image":{"@id":"https:\/\/krobi.dk\/#\/schema\/logo\/image\/"}}]}},"_links":{"self":[{"href":"https:\/\/krobi.dk\/en\/wp-json\/wp\/v2\/pages\/1590","targetHints":{"allow":["GET"]}}],"collection":[{"href":"https:\/\/krobi.dk\/en\/wp-json\/wp\/v2\/pages"}],"about":[{"href":"https:\/\/krobi.dk\/en\/wp-json\/wp\/v2\/types\/page"}],"author":[{"embeddable":true,"href":"https:\/\/krobi.dk\/en\/wp-json\/wp\/v2\/users\/1"}],"replies":[{"embeddable":true,"href":"https:\/\/krobi.dk\/en\/wp-json\/wp\/v2\/comments?post=1590"}],"version-history":[{"count":0,"href":"https:\/\/krobi.dk\/en\/wp-json\/wp\/v2\/pages\/1590\/revisions"}],"wp:attachment":[{"href":"https:\/\/krobi.dk\/en\/wp-json\/wp\/v2\/media?parent=1590"}],"curies":[{"name":"wp","href":"https:\/\/api.w.org\/{rel}","templated":true}]}}