{"id":1581,"date":"2025-06-11T15:16:15","date_gmt":"2025-06-11T13:16:15","guid":{"rendered":"https:\/\/krobi.dk\/?page_id=1581"},"modified":"2025-08-18T07:40:56","modified_gmt":"2025-08-18T05:40:56","slug":"bearing-process","status":"publish","type":"page","link":"https:\/\/krobi.dk\/en\/lejeproces\/","title":{"rendered":"Rental process"},"content":{"rendered":"\t\t<div data-elementor-type=\"wp-page\" data-elementor-id=\"1581\" class=\"elementor elementor-1581\" data-elementor-post-type=\"page\">\n\t\t\t\t<div class=\"elementor-element elementor-element-92375d3 e-flex e-con-boxed e-con e-parent\" data-id=\"92375d3\" data-element_type=\"container\" data-e-type=\"container\">\n\t\t\t\t\t<div class=\"e-con-inner\">\n\t\t<div class=\"elementor-element elementor-element-8c41d58 e-con-full e-flex e-con e-child\" data-id=\"8c41d58\" data-element_type=\"container\" data-e-type=\"container\" data-settings=\"{&quot;sticky&quot;:&quot;top&quot;,&quot;sticky_on&quot;:[&quot;desktop&quot;],&quot;sticky_offset&quot;:100,&quot;sticky_parent&quot;:&quot;yes&quot;,&quot;sticky_effects_offset&quot;:0,&quot;sticky_anchor_link_offset&quot;:0}\">\n\t\t\t\t<div class=\"elementor-element elementor-element-d9a95d7 elementor-widget-divider--view-line_text elementor-widget-divider--element-align-right elementor-widget elementor-widget-divider\" data-id=\"d9a95d7\" data-element_type=\"widget\" data-e-type=\"widget\" data-widget_type=\"divider.default\">\n\t\t\t\t<div class=\"elementor-widget-container\">\n\t\t\t\t\t\t\t<div class=\"elementor-divider\">\n\t\t\t<span class=\"elementor-divider-separator\">\n\t\t\t\t\t\t<\/span>\n\t\t<\/div>\n\t\t\t\t\t\t<\/div>\n\t\t\t\t<\/div>\n\t\t\t\t<div class=\"elementor-element elementor-element-931f247 elementor-widget elementor-widget-heading\" data-id=\"931f247\" data-element_type=\"widget\" data-e-type=\"widget\" data-widget_type=\"heading.default\">\n\t\t\t\t<div class=\"elementor-widget-container\">\n\t\t\t\t\t<h1 class=\"elementor-heading-title elementor-size-default\">S\u00e5dan foreg\u00e5r det hos KROBI<\/h1>\t\t\t\t<\/div>\n\t\t\t\t<\/div>\n\t\t\t\t<div class=\"elementor-element elementor-element-3ef689c elementor-widget elementor-widget-text-editor\" data-id=\"3ef689c\" data-element_type=\"widget\" data-e-type=\"widget\" data-widget_type=\"text-editor.default\">\n\t\t\t\t<div class=\"elementor-widget-container\">\n\t\t\t\t\t\t\t\t\t<p>Hos KROBI g\u00f8r vi det nemt og overskueligt at blive lejer. Vi har faste og gennempr\u00f8vede procedurer for fremvisning, lejekontrakt, indflytning og den l\u00f8bende kontakt med dig som lejer.<\/p><p>Her p\u00e5 siden kan du se et overblik over processen \u2013 og husk: Du er altid velkommen til at kontakte os, hvis du har sp\u00f8rgsm\u00e5l undervejs. Vi er her for at hj\u00e6lpe dig godt i gang i dit nye hjem.<\/p>\t\t\t\t\t\t\t\t<\/div>\n\t\t\t\t<\/div>\n\t\t\t\t<div class=\"elementor-element elementor-element-2bbd970 elementor-mobile-align-justify elementor-widget elementor-widget-button\" data-id=\"2bbd970\" data-element_type=\"widget\" data-e-type=\"widget\" data-widget_type=\"button.default\">\n\t\t\t\t<div class=\"elementor-widget-container\">\n\t\t\t\t\t\t\t\t\t<div class=\"elementor-button-wrapper\">\n\t\t\t\t\t<a class=\"elementor-button elementor-button-link elementor-size-sm\" href=\"https:\/\/krobi.dk\/en\/kontakt\/\">\n\t\t\t\t\t\t<span class=\"elementor-button-content-wrapper\">\n\t\t\t\t\t\t\t\t\t<span class=\"elementor-button-text\">Kontakt os<\/span>\n\t\t\t\t\t<\/span>\n\t\t\t\t\t<\/a>\n\t\t\t\t<\/div>\n\t\t\t\t\t\t\t\t<\/div>\n\t\t\t\t<\/div>\n\t\t\t\t<\/div>\n\t\t<div class=\"elementor-element elementor-element-15f1918 e-con-full e-flex e-con e-child\" data-id=\"15f1918\" data-element_type=\"container\" data-e-type=\"container\">\n\t\t<div class=\"elementor-element elementor-element-2f8cca5 e-con-full e-flex e-con e-child\" data-id=\"2f8cca5\" data-element_type=\"container\" data-e-type=\"container\">\n\t\t<div class=\"elementor-element elementor-element-ba12c96 e-con-full e-flex e-con e-child\" data-id=\"ba12c96\" data-element_type=\"container\" data-e-type=\"container\">\n\t\t\t\t<div class=\"elementor-element elementor-element-8d77be2 elementor-view-framed elementor-shape-circle elementor-widget elementor-widget-icon\" data-id=\"8d77be2\" data-element_type=\"widget\" data-e-type=\"widget\" data-widget_type=\"icon.default\">\n\t\t\t\t<div class=\"elementor-widget-container\">\n\t\t\t\t\t\t\t<div class=\"elementor-icon-wrapper\">\n\t\t\t<div class=\"elementor-icon\">\n\t\t\t<i aria-hidden=\"true\" class=\"fas fa-user-check\"><\/i>\t\t\t<\/div>\n\t\t<\/div>\n\t\t\t\t\t\t<\/div>\n\t\t\t\t<\/div>\n\t\t\t\t<div class=\"elementor-element elementor-element-926e310 elementor-hidden-mobile elementor-widget elementor-widget-image\" data-id=\"926e310\" data-element_type=\"widget\" data-e-type=\"widget\" data-widget_type=\"image.default\">\n\t\t\t\t<div class=\"elementor-widget-container\">\n\t\t\t\t\t\t\t\t\t\t\t\t\t\t\t<img decoding=\"async\" width=\"20\" height=\"130\" src=\"https:\/\/krobi.dk\/wp-content\/uploads\/arrow-3.svg\" class=\"attachment-full size-full wp-image-2615\" alt=\"\" \/>\t\t\t\t\t\t\t\t\t\t\t\t\t\t\t<\/div>\n\t\t\t\t<\/div>\n\t\t\t\t<\/div>\n\t\t<div class=\"elementor-element elementor-element-da8e20d e-con-full e-flex e-con e-child\" data-id=\"da8e20d\" data-element_type=\"container\" data-e-type=\"container\">\n\t\t\t\t<div class=\"elementor-element elementor-element-2cd8af7 elementor-widget elementor-widget-heading\" data-id=\"2cd8af7\" data-element_type=\"widget\" data-e-type=\"widget\" data-widget_type=\"heading.default\">\n\t\t\t\t<div class=\"elementor-widget-container\">\n\t\t\t\t\t<h4 class=\"elementor-heading-title elementor-size-default\">Interesseret i at leje?<\/h4>\t\t\t\t<\/div>\n\t\t\t\t<\/div>\n\t\t\t\t<div class=\"elementor-element elementor-element-c6b7734 elementor-widget elementor-widget-text-editor\" data-id=\"c6b7734\" data-element_type=\"widget\" data-e-type=\"widget\" data-widget_type=\"text-editor.default\">\n\t\t\t\t<div class=\"elementor-widget-container\">\n\t\t\t\t\t\t\t\t\t<p>Efter aftale med vores boligadministratorer tilbyder vi dig gerne en uforpligtende fremvisning, n\u00e5r et lejem\u00e5l er ledigt, og du har vist interesse for det.<br \/>N\u00e5r du har set boligen, giver du besked til kontaktpersonen, hvis du \u00f8nsker at g\u00e5 videre med lejen. <br \/><br \/>Du er meget velkommen til at skrive lidt om dig selv \u2013 det hj\u00e6lper os med at l\u00e6re vores kommende lejere bedre at kende og sikre det bedst mulige match.<br \/>N\u00e5r vi har modtaget din interesse, sender KROBI\u2019s administration en lejekontrakt til dig pr. e-mail. Du gennemg\u00e5r kontrakten, underskriver den og returnerer den til os.<\/p>\t\t\t\t\t\t\t\t<\/div>\n\t\t\t\t<\/div>\n\t\t\t\t<\/div>\n\t\t\t\t<\/div>\n\t\t<div class=\"elementor-element elementor-element-3f62735 e-con-full e-flex e-con e-child\" data-id=\"3f62735\" data-element_type=\"container\" data-e-type=\"container\">\n\t\t<div class=\"elementor-element elementor-element-f950b2c e-con-full e-flex e-con e-child\" data-id=\"f950b2c\" data-element_type=\"container\" data-e-type=\"container\">\n\t\t\t\t<div class=\"elementor-element elementor-element-90d426a elementor-view-framed elementor-shape-circle elementor-widget elementor-widget-icon\" data-id=\"90d426a\" data-element_type=\"widget\" data-e-type=\"widget\" data-widget_type=\"icon.default\">\n\t\t\t\t<div class=\"elementor-widget-container\">\n\t\t\t\t\t\t\t<div class=\"elementor-icon-wrapper\">\n\t\t\t<div class=\"elementor-icon\">\n\t\t\t<i aria-hidden=\"true\" class=\"fas fa-key\"><\/i>\t\t\t<\/div>\n\t\t<\/div>\n\t\t\t\t\t\t<\/div>\n\t\t\t\t<\/div>\n\t\t\t\t<div class=\"elementor-element elementor-element-9aae294 elementor-hidden-mobile elementor-widget elementor-widget-image\" data-id=\"9aae294\" data-element_type=\"widget\" data-e-type=\"widget\" data-widget_type=\"image.default\">\n\t\t\t\t<div class=\"elementor-widget-container\">\n\t\t\t\t\t\t\t\t\t\t\t\t\t\t\t<img decoding=\"async\" width=\"20\" height=\"130\" src=\"https:\/\/krobi.dk\/wp-content\/uploads\/arrow-3.svg\" class=\"attachment-full size-full wp-image-2615\" alt=\"\" \/>\t\t\t\t\t\t\t\t\t\t\t\t\t\t\t<\/div>\n\t\t\t\t<\/div>\n\t\t\t\t<\/div>\n\t\t<div class=\"elementor-element elementor-element-41998dd e-con-full e-flex e-con e-child\" data-id=\"41998dd\" data-element_type=\"container\" data-e-type=\"container\">\n\t\t\t\t<div class=\"elementor-element elementor-element-8135e3f elementor-widget elementor-widget-heading\" data-id=\"8135e3f\" data-element_type=\"widget\" data-e-type=\"widget\" data-widget_type=\"heading.default\">\n\t\t\t\t<div class=\"elementor-widget-container\">\n\t\t\t\t\t<h4 class=\"elementor-heading-title elementor-size-default\">Indflytning og syn<\/h4>\t\t\t\t<\/div>\n\t\t\t\t<\/div>\n\t\t\t\t<div class=\"elementor-element elementor-element-93fc8aa elementor-widget elementor-widget-text-editor\" data-id=\"93fc8aa\" data-element_type=\"widget\" data-e-type=\"widget\" data-widget_type=\"text-editor.default\">\n\t\t\t\t<div class=\"elementor-widget-container\">\n\t\t\t\t\t\t\t\t\t<p>Ved indflytning afholder vi et indflytningssyn, hvor du sammen med vores synsansvarlige gennemg\u00e5r lejem\u00e5lets stand. Du modtager n\u00f8gler, og vi afl\u00e6ser m\u00e5lere for el, vand og varme.<\/p><p>Tidspunktet for synet aftales individuelt, s\u00e5 det passer dig bedst muligt.<\/p>\t\t\t\t\t\t\t\t<\/div>\n\t\t\t\t<\/div>\n\t\t\t\t<\/div>\n\t\t\t\t<\/div>\n\t\t<div class=\"elementor-element elementor-element-67516e8 e-con-full e-flex e-con e-child\" data-id=\"67516e8\" data-element_type=\"container\" data-e-type=\"container\">\n\t\t<div class=\"elementor-element elementor-element-75c0526 e-con-full e-flex e-con e-child\" data-id=\"75c0526\" data-element_type=\"container\" data-e-type=\"container\">\n\t\t\t\t<div class=\"elementor-element elementor-element-499d80b elementor-view-framed elementor-shape-circle elementor-widget elementor-widget-icon\" data-id=\"499d80b\" data-element_type=\"widget\" data-e-type=\"widget\" data-widget_type=\"icon.default\">\n\t\t\t\t<div class=\"elementor-widget-container\">\n\t\t\t\t\t\t\t<div class=\"elementor-icon-wrapper\">\n\t\t\t<div class=\"elementor-icon\">\n\t\t\t<i aria-hidden=\"true\" class=\"fas fa-house\"><\/i>\t\t\t<\/div>\n\t\t<\/div>\n\t\t\t\t\t\t<\/div>\n\t\t\t\t<\/div>\n\t\t\t\t<\/div>\n\t\t<div class=\"elementor-element elementor-element-11fadfe e-con-full e-flex e-con e-child\" data-id=\"11fadfe\" data-element_type=\"container\" data-e-type=\"container\">\n\t\t\t\t<div class=\"elementor-element elementor-element-be39520 elementor-widget elementor-widget-heading\" data-id=\"be39520\" data-element_type=\"widget\" data-e-type=\"widget\" data-widget_type=\"heading.default\">\n\t\t\t\t<div class=\"elementor-widget-container\">\n\t\t\t\t\t<h4 class=\"elementor-heading-title elementor-size-default\">Velkommen til dit nye hjem<\/h4>\t\t\t\t<\/div>\n\t\t\t\t<\/div>\n\t\t\t\t<div class=\"elementor-element elementor-element-eaf3468 elementor-widget elementor-widget-text-editor\" data-id=\"eaf3468\" data-element_type=\"widget\" data-e-type=\"widget\" data-widget_type=\"text-editor.default\">\n\t\t\t\t<div class=\"elementor-widget-container\">\n\t\t\t\t\t\t\t\t\t<p>I forbindelse med indflytningssynet byder vi dig officielt velkommen. Har du sp\u00f8rgsm\u00e5l \u2013 store som sm\u00e5 \u2013 er du altid velkommen til at kontakte os. Vi er her for at hj\u00e6lpe.<\/p>\t\t\t\t\t\t\t\t<\/div>\n\t\t\t\t<\/div>\n\t\t\t\t<\/div>\n\t\t\t\t<\/div>\n\t\t\t\t<\/div>\n\t\t\t\t\t<\/div>\n\t\t\t\t<\/div>\n\t\t\t\t<\/div>\n\t\t","protected":false},"excerpt":{"rendered":"<p>S\u00e5dan foreg\u00e5r det hos KROBI Hos KROBI g\u00f8r vi det nemt og overskueligt at blive lejer. Vi har faste og gennempr\u00f8vede procedurer for fremvisning, lejekontrakt, indflytning og den l\u00f8bende kontakt med dig som lejer. Her p\u00e5 siden kan du se et overblik over processen \u2013 og husk: Du er altid velkommen til at kontakte os, [&hellip;]<\/p>\n","protected":false},"author":1,"featured_media":0,"parent":0,"menu_order":0,"comment_status":"closed","ping_status":"closed","template":"","meta":{"_acf_changed":false,"footnotes":""},"class_list":["post-1581","page","type-page","status-publish","hentry"],"acf":[],"yoast_head":"<!-- This site is optimized with the Yoast SEO plugin v27.4 - https:\/\/yoast.com\/product\/yoast-seo-wordpress\/ -->\n<title>Lejeproces - KROBI<\/title>\n<meta name=\"robots\" content=\"index, follow, max-snippet:-1, max-image-preview:large, max-video-preview:-1\" \/>\n<link rel=\"canonical\" href=\"https:\/\/krobi.dk\/en\/bearing-process\/\" \/>\n<meta property=\"og:locale\" content=\"en_GB\" \/>\n<meta property=\"og:type\" content=\"article\" \/>\n<meta property=\"og:title\" content=\"Lejeproces - KROBI\" \/>\n<meta property=\"og:description\" content=\"S\u00e5dan foreg\u00e5r det hos KROBI Hos KROBI g\u00f8r vi det nemt og overskueligt at blive lejer. Vi har faste og gennempr\u00f8vede procedurer for fremvisning, lejekontrakt, indflytning og den l\u00f8bende kontakt med dig som lejer. Her p\u00e5 siden kan du se et overblik over processen \u2013 og husk: Du er altid velkommen til at kontakte os, [&hellip;]\" \/>\n<meta property=\"og:url\" content=\"https:\/\/krobi.dk\/en\/bearing-process\/\" \/>\n<meta property=\"og:site_name\" content=\"KROBI\" \/>\n<meta property=\"article:modified_time\" content=\"2025-08-18T05:40:56+00:00\" \/>\n<meta property=\"og:image\" content=\"https:\/\/krobi.dk\/wp-content\/uploads\/arrow-3.svg\" \/>\n<meta name=\"twitter:card\" content=\"summary_large_image\" \/>\n<meta name=\"twitter:label1\" content=\"Estimated reading time\" \/>\n\t<meta name=\"twitter:data1\" content=\"2 minutes\" \/>\n<script type=\"application\/ld+json\" class=\"yoast-schema-graph\">{\"@context\":\"https:\\\/\\\/schema.org\",\"@graph\":[{\"@type\":\"WebPage\",\"@id\":\"https:\\\/\\\/krobi.dk\\\/lejeproces\\\/\",\"url\":\"https:\\\/\\\/krobi.dk\\\/lejeproces\\\/\",\"name\":\"Lejeproces - KROBI\",\"isPartOf\":{\"@id\":\"https:\\\/\\\/krobi.dk\\\/#website\"},\"primaryImageOfPage\":{\"@id\":\"https:\\\/\\\/krobi.dk\\\/lejeproces\\\/#primaryimage\"},\"image\":{\"@id\":\"https:\\\/\\\/krobi.dk\\\/lejeproces\\\/#primaryimage\"},\"thumbnailUrl\":\"https:\\\/\\\/krobi.dk\\\/wp-content\\\/uploads\\\/arrow-3.svg\",\"datePublished\":\"2025-06-11T13:16:15+00:00\",\"dateModified\":\"2025-08-18T05:40:56+00:00\",\"inLanguage\":\"en-GB\",\"potentialAction\":[{\"@type\":\"ReadAction\",\"target\":[\"https:\\\/\\\/krobi.dk\\\/lejeproces\\\/\"]}]},{\"@type\":\"ImageObject\",\"inLanguage\":\"en-GB\",\"@id\":\"https:\\\/\\\/krobi.dk\\\/lejeproces\\\/#primaryimage\",\"url\":\"https:\\\/\\\/krobi.dk\\\/wp-content\\\/uploads\\\/arrow-3.svg\",\"contentUrl\":\"https:\\\/\\\/krobi.dk\\\/wp-content\\\/uploads\\\/arrow-3.svg\"},{\"@type\":\"WebSite\",\"@id\":\"https:\\\/\\\/krobi.dk\\\/#website\",\"url\":\"https:\\\/\\\/krobi.dk\\\/\",\"name\":\"KROBI\",\"description\":\"\",\"publisher\":{\"@id\":\"https:\\\/\\\/krobi.dk\\\/#organization\"},\"potentialAction\":[{\"@type\":\"SearchAction\",\"target\":{\"@type\":\"EntryPoint\",\"urlTemplate\":\"https:\\\/\\\/krobi.dk\\\/?s={search_term_string}\"},\"query-input\":{\"@type\":\"PropertyValueSpecification\",\"valueRequired\":true,\"valueName\":\"search_term_string\"}}],\"inLanguage\":\"en-GB\"},{\"@type\":\"Organization\",\"@id\":\"https:\\\/\\\/krobi.dk\\\/#organization\",\"name\":\"KROBI\",\"url\":\"https:\\\/\\\/krobi.dk\\\/\",\"logo\":{\"@type\":\"ImageObject\",\"inLanguage\":\"en-GB\",\"@id\":\"https:\\\/\\\/krobi.dk\\\/#\\\/schema\\\/logo\\\/image\\\/\",\"url\":\"https:\\\/\\\/krobi.dk\\\/wp-content\\\/uploads\\\/logo.png\",\"contentUrl\":\"https:\\\/\\\/krobi.dk\\\/wp-content\\\/uploads\\\/logo.png\",\"width\":1200,\"height\":370,\"caption\":\"KROBI\"},\"image\":{\"@id\":\"https:\\\/\\\/krobi.dk\\\/#\\\/schema\\\/logo\\\/image\\\/\"}}]}<\/script>\n<!-- \/ Yoast SEO plugin. -->","yoast_head_json":{"title":"Rental process - KROBI","robots":{"index":"index","follow":"follow","max-snippet":"max-snippet:-1","max-image-preview":"max-image-preview:large","max-video-preview":"max-video-preview:-1"},"canonical":"https:\/\/krobi.dk\/en\/bearing-process\/","og_locale":"en_GB","og_type":"article","og_title":"Lejeproces - KROBI","og_description":"S\u00e5dan foreg\u00e5r det hos KROBI Hos KROBI g\u00f8r vi det nemt og overskueligt at blive lejer. Vi har faste og gennempr\u00f8vede procedurer for fremvisning, lejekontrakt, indflytning og den l\u00f8bende kontakt med dig som lejer. Her p\u00e5 siden kan du se et overblik over processen \u2013 og husk: Du er altid velkommen til at kontakte os, [&hellip;]","og_url":"https:\/\/krobi.dk\/en\/bearing-process\/","og_site_name":"KROBI","article_modified_time":"2025-08-18T05:40:56+00:00","og_image":[{"url":"https:\/\/krobi.dk\/wp-content\/uploads\/arrow-3.svg","type":"","width":"","height":""}],"twitter_card":"summary_large_image","twitter_misc":{"Estimated reading time":"2 minutes"},"schema":{"@context":"https:\/\/schema.org","@graph":[{"@type":"WebPage","@id":"https:\/\/krobi.dk\/lejeproces\/","url":"https:\/\/krobi.dk\/lejeproces\/","name":"Rental process - KROBI","isPartOf":{"@id":"https:\/\/krobi.dk\/#website"},"primaryImageOfPage":{"@id":"https:\/\/krobi.dk\/lejeproces\/#primaryimage"},"image":{"@id":"https:\/\/krobi.dk\/lejeproces\/#primaryimage"},"thumbnailUrl":"https:\/\/krobi.dk\/wp-content\/uploads\/arrow-3.svg","datePublished":"2025-06-11T13:16:15+00:00","dateModified":"2025-08-18T05:40:56+00:00","inLanguage":"en-GB","potentialAction":[{"@type":"ReadAction","target":["https:\/\/krobi.dk\/lejeproces\/"]}]},{"@type":"ImageObject","inLanguage":"en-GB","@id":"https:\/\/krobi.dk\/lejeproces\/#primaryimage","url":"https:\/\/krobi.dk\/wp-content\/uploads\/arrow-3.svg","contentUrl":"https:\/\/krobi.dk\/wp-content\/uploads\/arrow-3.svg"},{"@type":"WebSite","@id":"https:\/\/krobi.dk\/#website","url":"https:\/\/krobi.dk\/","name":"KROBI","description":"","publisher":{"@id":"https:\/\/krobi.dk\/#organization"},"potentialAction":[{"@type":"SearchAction","target":{"@type":"EntryPoint","urlTemplate":"https:\/\/krobi.dk\/?s={search_term_string}"},"query-input":{"@type":"PropertyValueSpecification","valueRequired":true,"valueName":"search_term_string"}}],"inLanguage":"en-GB"},{"@type":"Organization","@id":"https:\/\/krobi.dk\/#organization","name":"KROBI","url":"https:\/\/krobi.dk\/","logo":{"@type":"ImageObject","inLanguage":"en-GB","@id":"https:\/\/krobi.dk\/#\/schema\/logo\/image\/","url":"https:\/\/krobi.dk\/wp-content\/uploads\/logo.png","contentUrl":"https:\/\/krobi.dk\/wp-content\/uploads\/logo.png","width":1200,"height":370,"caption":"KROBI"},"image":{"@id":"https:\/\/krobi.dk\/#\/schema\/logo\/image\/"}}]}},"_links":{"self":[{"href":"https:\/\/krobi.dk\/en\/wp-json\/wp\/v2\/pages\/1581","targetHints":{"allow":["GET"]}}],"collection":[{"href":"https:\/\/krobi.dk\/en\/wp-json\/wp\/v2\/pages"}],"about":[{"href":"https:\/\/krobi.dk\/en\/wp-json\/wp\/v2\/types\/page"}],"author":[{"embeddable":true,"href":"https:\/\/krobi.dk\/en\/wp-json\/wp\/v2\/users\/1"}],"replies":[{"embeddable":true,"href":"https:\/\/krobi.dk\/en\/wp-json\/wp\/v2\/comments?post=1581"}],"version-history":[{"count":0,"href":"https:\/\/krobi.dk\/en\/wp-json\/wp\/v2\/pages\/1581\/revisions"}],"wp:attachment":[{"href":"https:\/\/krobi.dk\/en\/wp-json\/wp\/v2\/media?parent=1581"}],"curies":[{"name":"wp","href":"https:\/\/api.w.org\/{rel}","templated":true}]}}